{"id":2529,"date":"2024-04-04T19:00:00","date_gmt":"2024-04-04T17:00:00","guid":{"rendered":"https:\/\/www.tvwislig.ch\/newwp\/?page_id=2529"},"modified":"2026-04-01T14:20:53","modified_gmt":"2026-04-01T12:20:53","slug":"anmeldung-adilettae-10-kampf","status":"publish","type":"page","link":"https:\/\/www.tvwislig.ch\/?page_id=2529","title":{"rendered":"Anmeldung Adilett\u00e4 10-Kampf"},"content":{"rendered":"\n<h3 class=\"wp-block-heading\"><\/h3>\n\n\n\n<h3 class=\"wp-block-heading\">Anmeldung Adilett\u00e4 10-Kampf<br>Samstag, 15. August 2026<\/h3>\n\n\n\n<p>Die Anmeldung f\u00fcr den Adilett\u00e4 10-Kampf er\u00f6ffnet im Mai!<\/p>\n\n\n\n<p>Wie immer gilt &#8222;D\u00e4 schneller isch de gschwinder&#8220;!<\/p>\n\n\n\n<p><\/p>\n","protected":false},"excerpt":{"rendered":"<p>Anmeldung Adilett\u00e4 10-KampfSamstag, 15. August 2026 Die Anmeldung f\u00fcr den Adilett\u00e4 10-Kampf er\u00f6ffnet im Mai! Wie immer gilt &#8222;D\u00e4 schneller isch de gschwinder&#8220;!<\/p>\n","protected":false},"author":3,"featured_media":0,"parent":796,"menu_order":0,"comment_status":"closed","ping_status":"closed","template":"","meta":{"footnotes":""},"class_list":["post-2529","page","type-page","status-publish","hentry"],"jetpack_sharing_enabled":true,"_links":{"self":[{"href":"https:\/\/www.tvwislig.ch\/index.php?rest_route=\/wp\/v2\/pages\/2529","targetHints":{"allow":["GET"]}}],"collection":[{"href":"https:\/\/www.tvwislig.ch\/index.php?rest_route=\/wp\/v2\/pages"}],"about":[{"href":"https:\/\/www.tvwislig.ch\/index.php?rest_route=\/wp\/v2\/types\/page"}],"author":[{"embeddable":true,"href":"https:\/\/www.tvwislig.ch\/index.php?rest_route=\/wp\/v2\/users\/3"}],"replies":[{"embeddable":true,"href":"https:\/\/www.tvwislig.ch\/index.php?rest_route=%2Fwp%2Fv2%2Fcomments&post=2529"}],"version-history":[{"count":34,"href":"https:\/\/www.tvwislig.ch\/index.php?rest_route=\/wp\/v2\/pages\/2529\/revisions"}],"predecessor-version":[{"id":7764,"href":"https:\/\/www.tvwislig.ch\/index.php?rest_route=\/wp\/v2\/pages\/2529\/revisions\/7764"}],"up":[{"embeddable":true,"href":"https:\/\/www.tvwislig.ch\/index.php?rest_route=\/wp\/v2\/pages\/796"}],"wp:attachment":[{"href":"https:\/\/www.tvwislig.ch\/index.php?rest_route=%2Fwp%2Fv2%2Fmedia&parent=2529"}],"curies":[{"name":"wp","href":"https:\/\/api.w.org\/{rel}","templated":true}]}}