{"id":2606,"date":"2020-03-02T18:19:54","date_gmt":"2020-03-02T17:19:54","guid":{"rendered":"https:\/\/www.tvwislig.ch\/newwp\/?page_id=2606"},"modified":"2020-03-21T12:09:54","modified_gmt":"2020-03-21T11:09:54","slug":"skiweekend-grindelwald-2020","status":"publish","type":"page","link":"https:\/\/www.tvwislig.ch\/?page_id=2606","title":{"rendered":"Skiweekend Grindelwald 2020"},"content":{"rendered":"\n<p> <a href=\"https:\/\/www.tvwislig.ch\/?page_id=204\">zur\u00fcck zur \u00dcbersicht<\/a> <\/p>\n\n\n<div class=\"foogallery foogallery-container foogallery-default foogallery-lightbox-foobox fg-gutter-10 fg-center fg-default fg-light fg-border-thin fg-shadow-outline fg-loading-default fg-loaded-fade-in fg-caption-hover fg-hover-fade fg-hover-zoom\" id=\"foogallery-gallery-2605\" data-foogallery=\"{&quot;item&quot;:{&quot;showCaptionTitle&quot;:true,&quot;showCaptionDescription&quot;:true},&quot;lazy&quot;:true,&quot;src&quot;:&quot;data-src-fg&quot;,&quot;srcset&quot;:&quot;data-srcset-fg&quot;}\" data-fg-common-fields=\"1\" >\r\n\t<div class=\"fg-item\"><figure class=\"fg-item-inner\"><a href=\"https:\/\/www.tvwislig.ch\/newwp\/wp-content\/uploads\/2020\/03\/15671611-2eee-4108-a069-50bc7b4db4fd.jpg\" data-attachment-id=\"2589\" class=\"fg-thumb\"><span class=\"fg-image-wrap\"><img width=\"150\" height=\"150\" data-src-fg=\"https:\/\/www.tvwislig.ch\/newwp\/wp-content\/uploads\/cache\/2020\/03\/15671611-2eee-4108-a069-50bc7b4db4fd\/2317105699.jpg\" class=\"fg-image\" \/><\/span><\/a><figcaption class=\"fg-caption\"><div class=\"fg-caption-inner\"><\/div><\/figcaption><\/figure><div class=\"fg-loader\"><\/div><\/div><div class=\"fg-item\"><figure class=\"fg-item-inner\"><a href=\"https:\/\/www.tvwislig.ch\/newwp\/wp-content\/uploads\/2020\/03\/19387a20-9ff4-42cc-bbef-c10a1b7ee63a.jpg\" data-attachment-id=\"2588\" class=\"fg-thumb\"><span class=\"fg-image-wrap\"><img width=\"150\" height=\"150\" data-src-fg=\"https:\/\/www.tvwislig.ch\/newwp\/wp-content\/uploads\/cache\/2020\/03\/19387a20-9ff4-42cc-bbef-c10a1b7ee63a\/4119786395.jpg\" class=\"fg-image\" \/><\/span><\/a><figcaption class=\"fg-caption\"><div class=\"fg-caption-inner\"><\/div><\/figcaption><\/figure><div class=\"fg-loader\"><\/div><\/div><div class=\"fg-item\"><figure class=\"fg-item-inner\"><a href=\"https:\/\/www.tvwislig.ch\/newwp\/wp-content\/uploads\/2020\/03\/4554e4b3-dcc0-4724-9bc6-40a5e1ae3872.jpg\" data-attachment-id=\"2587\" class=\"fg-thumb\"><span class=\"fg-image-wrap\"><img width=\"150\" height=\"150\" data-src-fg=\"https:\/\/www.tvwislig.ch\/newwp\/wp-content\/uploads\/cache\/2020\/03\/4554e4b3-dcc0-4724-9bc6-40a5e1ae3872\/965210052.jpg\" class=\"fg-image\" \/><\/span><\/a><figcaption class=\"fg-caption\"><div class=\"fg-caption-inner\"><\/div><\/figcaption><\/figure><div class=\"fg-loader\"><\/div><\/div><div class=\"fg-item\"><figure class=\"fg-item-inner\"><a href=\"https:\/\/www.tvwislig.ch\/newwp\/wp-content\/uploads\/2020\/03\/eaae5d46-49e1-411c-a1dd-2343d8e79feb.jpg\" data-attachment-id=\"2581\" class=\"fg-thumb\"><span class=\"fg-image-wrap\"><img width=\"150\" height=\"150\" data-src-fg=\"https:\/\/www.tvwislig.ch\/newwp\/wp-content\/uploads\/cache\/2020\/03\/eaae5d46-49e1-411c-a1dd-2343d8e79feb\/1931143651.jpg\" class=\"fg-image\" \/><\/span><\/a><figcaption class=\"fg-caption\"><div class=\"fg-caption-inner\"><\/div><\/figcaption><\/figure><div class=\"fg-loader\"><\/div><\/div><div class=\"fg-item\"><figure class=\"fg-item-inner\"><a href=\"https:\/\/www.tvwislig.ch\/newwp\/wp-content\/uploads\/2020\/03\/f17c6b69-baa7-45dd-a579-014d351b9e6a.jpg\" data-attachment-id=\"2582\" class=\"fg-thumb\"><span class=\"fg-image-wrap\"><img width=\"150\" height=\"150\" data-src-fg=\"https:\/\/www.tvwislig.ch\/newwp\/wp-content\/uploads\/cache\/2020\/03\/f17c6b69-baa7-45dd-a579-014d351b9e6a\/2568688655.jpg\" class=\"fg-image\" \/><\/span><\/a><figcaption class=\"fg-caption\"><div class=\"fg-caption-inner\"><\/div><\/figcaption><\/figure><div class=\"fg-loader\"><\/div><\/div><div class=\"fg-item\"><figure class=\"fg-item-inner\"><a href=\"https:\/\/www.tvwislig.ch\/newwp\/wp-content\/uploads\/2020\/03\/f91cd1f3-953c-4377-a136-4790590c0c6f.jpg\" data-attachment-id=\"2584\" class=\"fg-thumb\"><span class=\"fg-image-wrap\"><img width=\"150\" height=\"150\" data-src-fg=\"https:\/\/www.tvwislig.ch\/newwp\/wp-content\/uploads\/cache\/2020\/03\/f91cd1f3-953c-4377-a136-4790590c0c6f\/1576642479.jpg\" class=\"fg-image\" \/><\/span><\/a><figcaption class=\"fg-caption\"><div class=\"fg-caption-inner\"><\/div><\/figcaption><\/figure><div class=\"fg-loader\"><\/div><\/div><div class=\"fg-item\"><figure class=\"fg-item-inner\"><a href=\"https:\/\/www.tvwislig.ch\/newwp\/wp-content\/uploads\/2020\/03\/4bec3da1-88e5-41d3-8717-6e568a5e95f2.jpg\" data-attachment-id=\"2585\" class=\"fg-thumb\"><span class=\"fg-image-wrap\"><img width=\"150\" height=\"150\" data-src-fg=\"https:\/\/www.tvwislig.ch\/newwp\/wp-content\/uploads\/cache\/2020\/03\/4bec3da1-88e5-41d3-8717-6e568a5e95f2\/2406952978.jpg\" class=\"fg-image\" \/><\/span><\/a><figcaption class=\"fg-caption\"><div class=\"fg-caption-inner\"><\/div><\/figcaption><\/figure><div class=\"fg-loader\"><\/div><\/div><div class=\"fg-item\"><figure class=\"fg-item-inner\"><a href=\"https:\/\/www.tvwislig.ch\/newwp\/wp-content\/uploads\/2020\/03\/97ea9805-3cc1-4c44-907c-3f54fca9b3d1.jpg\" data-attachment-id=\"2586\" class=\"fg-thumb\"><span class=\"fg-image-wrap\"><img width=\"150\" height=\"150\" data-src-fg=\"https:\/\/www.tvwislig.ch\/newwp\/wp-content\/uploads\/cache\/2020\/03\/97ea9805-3cc1-4c44-907c-3f54fca9b3d1\/2827142758.jpg\" class=\"fg-image\" \/><\/span><\/a><figcaption class=\"fg-caption\"><div class=\"fg-caption-inner\"><\/div><\/figcaption><\/figure><div class=\"fg-loader\"><\/div><\/div><div class=\"fg-item\"><figure class=\"fg-item-inner\"><a href=\"https:\/\/www.tvwislig.ch\/newwp\/wp-content\/uploads\/2020\/03\/e9094935-04dc-4310-ad61-60de90e84ad5.jpg\" data-attachment-id=\"2580\" class=\"fg-thumb\"><span class=\"fg-image-wrap\"><img width=\"150\" height=\"150\" data-src-fg=\"https:\/\/www.tvwislig.ch\/newwp\/wp-content\/uploads\/cache\/2020\/03\/e9094935-04dc-4310-ad61-60de90e84ad5\/3655625418.jpg\" class=\"fg-image\" \/><\/span><\/a><figcaption class=\"fg-caption\"><div class=\"fg-caption-inner\"><\/div><\/figcaption><\/figure><div class=\"fg-loader\"><\/div><\/div><div class=\"fg-item\"><figure class=\"fg-item-inner\"><a href=\"https:\/\/www.tvwislig.ch\/newwp\/wp-content\/uploads\/2020\/03\/dd6a3a28-24c1-462a-9bcd-7e85f43620fb.jpg\" data-attachment-id=\"2579\" class=\"fg-thumb\"><span class=\"fg-image-wrap\"><img width=\"150\" height=\"150\" data-src-fg=\"https:\/\/www.tvwislig.ch\/newwp\/wp-content\/uploads\/cache\/2020\/03\/dd6a3a28-24c1-462a-9bcd-7e85f43620fb\/485362880.jpg\" class=\"fg-image\" \/><\/span><\/a><figcaption class=\"fg-caption\"><div class=\"fg-caption-inner\"><\/div><\/figcaption><\/figure><div class=\"fg-loader\"><\/div><\/div><div class=\"fg-item\"><figure class=\"fg-item-inner\"><a href=\"https:\/\/www.tvwislig.ch\/newwp\/wp-content\/uploads\/2020\/03\/db717517-719c-499d-a52f-5115661d3916.jpg\" data-attachment-id=\"2578\" class=\"fg-thumb\"><span class=\"fg-image-wrap\"><img width=\"150\" height=\"150\" data-src-fg=\"https:\/\/www.tvwislig.ch\/newwp\/wp-content\/uploads\/cache\/2020\/03\/db717517-719c-499d-a52f-5115661d3916\/3846706550.jpg\" class=\"fg-image\" \/><\/span><\/a><figcaption class=\"fg-caption\"><div class=\"fg-caption-inner\"><\/div><\/figcaption><\/figure><div class=\"fg-loader\"><\/div><\/div><div class=\"fg-item\"><figure class=\"fg-item-inner\"><a href=\"https:\/\/www.tvwislig.ch\/newwp\/wp-content\/uploads\/2020\/03\/d5998579-3379-488d-adac-8e3dbfb91f10.jpg\" data-attachment-id=\"2577\" class=\"fg-thumb\"><span class=\"fg-image-wrap\"><img width=\"150\" height=\"150\" data-src-fg=\"https:\/\/www.tvwislig.ch\/newwp\/wp-content\/uploads\/cache\/2020\/03\/d5998579-3379-488d-adac-8e3dbfb91f10\/3030454529.jpg\" class=\"fg-image\" \/><\/span><\/a><figcaption class=\"fg-caption\"><div class=\"fg-caption-inner\"><\/div><\/figcaption><\/figure><div class=\"fg-loader\"><\/div><\/div><div class=\"fg-item\"><figure class=\"fg-item-inner\"><a href=\"https:\/\/www.tvwislig.ch\/newwp\/wp-content\/uploads\/2020\/03\/c168a22c-9754-48e3-93d4-f89677550df5.jpg\" data-attachment-id=\"2576\" class=\"fg-thumb\"><span class=\"fg-image-wrap\"><img width=\"150\" height=\"150\" data-src-fg=\"https:\/\/www.tvwislig.ch\/newwp\/wp-content\/uploads\/cache\/2020\/03\/c168a22c-9754-48e3-93d4-f89677550df5\/3118788515.jpg\" class=\"fg-image\" \/><\/span><\/a><figcaption class=\"fg-caption\"><div class=\"fg-caption-inner\"><\/div><\/figcaption><\/figure><div class=\"fg-loader\"><\/div><\/div><div class=\"fg-item\"><figure class=\"fg-item-inner\"><a href=\"https:\/\/www.tvwislig.ch\/newwp\/wp-content\/uploads\/2020\/03\/27602c06-f9ac-4650-b2be-b39585fbf43f.jpg\" data-attachment-id=\"2571\" class=\"fg-thumb\"><span class=\"fg-image-wrap\"><img width=\"150\" height=\"150\" data-src-fg=\"https:\/\/www.tvwislig.ch\/newwp\/wp-content\/uploads\/cache\/2020\/03\/27602c06-f9ac-4650-b2be-b39585fbf43f\/4223614737.jpg\" class=\"fg-image\" \/><\/span><\/a><figcaption class=\"fg-caption\"><div class=\"fg-caption-inner\"><\/div><\/figcaption><\/figure><div class=\"fg-loader\"><\/div><\/div><div class=\"fg-item\"><figure class=\"fg-item-inner\"><a href=\"https:\/\/www.tvwislig.ch\/newwp\/wp-content\/uploads\/2020\/03\/54091a42-3eba-4428-877c-22661d819d34.jpg\" data-attachment-id=\"2572\" class=\"fg-thumb\"><span class=\"fg-image-wrap\"><img width=\"150\" height=\"150\" data-src-fg=\"https:\/\/www.tvwislig.ch\/newwp\/wp-content\/uploads\/cache\/2020\/03\/54091a42-3eba-4428-877c-22661d819d34\/747341695.jpg\" class=\"fg-image\" \/><\/span><\/a><figcaption class=\"fg-caption\"><div class=\"fg-caption-inner\"><\/div><\/figcaption><\/figure><div class=\"fg-loader\"><\/div><\/div><div class=\"fg-item\"><figure class=\"fg-item-inner\"><a href=\"https:\/\/www.tvwislig.ch\/newwp\/wp-content\/uploads\/2020\/03\/a11c8158-4254-4e1d-826d-de3e3ba54f28.jpg\" data-attachment-id=\"2573\" class=\"fg-thumb\"><span class=\"fg-image-wrap\"><img width=\"150\" height=\"150\" data-src-fg=\"https:\/\/www.tvwislig.ch\/newwp\/wp-content\/uploads\/cache\/2020\/03\/a11c8158-4254-4e1d-826d-de3e3ba54f28\/4122271994.jpg\" class=\"fg-image\" \/><\/span><\/a><figcaption class=\"fg-caption\"><div class=\"fg-caption-inner\"><\/div><\/figcaption><\/figure><div class=\"fg-loader\"><\/div><\/div><div class=\"fg-item\"><figure class=\"fg-item-inner\"><a href=\"https:\/\/www.tvwislig.ch\/newwp\/wp-content\/uploads\/2020\/03\/afb236fb-205b-461f-ad2e-3f26afddacc0-1.jpg\" data-attachment-id=\"2574\" class=\"fg-thumb\"><span class=\"fg-image-wrap\"><img width=\"150\" height=\"150\" data-src-fg=\"https:\/\/www.tvwislig.ch\/newwp\/wp-content\/uploads\/cache\/2020\/03\/afb236fb-205b-461f-ad2e-3f26afddacc0-1\/1413005104.jpg\" class=\"fg-image\" \/><\/span><\/a><figcaption class=\"fg-caption\"><div class=\"fg-caption-inner\"><\/div><\/figcaption><\/figure><div class=\"fg-loader\"><\/div><\/div><div class=\"fg-item\"><figure class=\"fg-item-inner\"><a href=\"https:\/\/www.tvwislig.ch\/newwp\/wp-content\/uploads\/2020\/03\/b52112a4-e220-4583-bb06-0220f2f41ae2.jpg\" data-attachment-id=\"2575\" class=\"fg-thumb\"><span class=\"fg-image-wrap\"><img width=\"150\" height=\"150\" data-src-fg=\"https:\/\/www.tvwislig.ch\/newwp\/wp-content\/uploads\/cache\/2020\/03\/b52112a4-e220-4583-bb06-0220f2f41ae2\/2437056060.jpg\" class=\"fg-image\" \/><\/span><\/a><figcaption class=\"fg-caption\"><div class=\"fg-caption-inner\"><\/div><\/figcaption><\/figure><div class=\"fg-loader\"><\/div><\/div><div class=\"fg-item\"><figure class=\"fg-item-inner\"><a href=\"https:\/\/www.tvwislig.ch\/newwp\/wp-content\/uploads\/2020\/03\/887ddbba-62a2-4941-ac73-1067ff5719b3.jpg\" data-attachment-id=\"2570\" class=\"fg-thumb\"><span class=\"fg-image-wrap\"><img width=\"150\" height=\"150\" data-src-fg=\"https:\/\/www.tvwislig.ch\/newwp\/wp-content\/uploads\/cache\/2020\/03\/887ddbba-62a2-4941-ac73-1067ff5719b3\/2193572940.jpg\" class=\"fg-image\" \/><\/span><\/a><figcaption class=\"fg-caption\"><div class=\"fg-caption-inner\"><\/div><\/figcaption><\/figure><div class=\"fg-loader\"><\/div><\/div><div class=\"fg-item\"><figure class=\"fg-item-inner\"><a href=\"https:\/\/www.tvwislig.ch\/newwp\/wp-content\/uploads\/2020\/03\/752cd091-829e-4573-85ef-a96d6c5ec027.jpg\" data-attachment-id=\"2569\" class=\"fg-thumb\"><span class=\"fg-image-wrap\"><img width=\"150\" height=\"150\" data-src-fg=\"https:\/\/www.tvwislig.ch\/newwp\/wp-content\/uploads\/cache\/2020\/03\/752cd091-829e-4573-85ef-a96d6c5ec027\/278029240.jpg\" class=\"fg-image\" \/><\/span><\/a><figcaption class=\"fg-caption\"><div class=\"fg-caption-inner\"><\/div><\/figcaption><\/figure><div class=\"fg-loader\"><\/div><\/div><div class=\"fg-item\"><figure class=\"fg-item-inner\"><a href=\"https:\/\/www.tvwislig.ch\/newwp\/wp-content\/uploads\/2020\/03\/216b4b18-cac1-4c84-9d8a-a827b941f62d-1.jpg\" data-attachment-id=\"2568\" class=\"fg-thumb\"><span class=\"fg-image-wrap\"><img width=\"150\" height=\"150\" data-src-fg=\"https:\/\/www.tvwislig.ch\/newwp\/wp-content\/uploads\/cache\/2020\/03\/216b4b18-cac1-4c84-9d8a-a827b941f62d-1\/2223615370.jpg\" class=\"fg-image\" \/><\/span><\/a><figcaption class=\"fg-caption\"><div class=\"fg-caption-inner\"><\/div><\/figcaption><\/figure><div class=\"fg-loader\"><\/div><\/div><div class=\"fg-item\"><figure class=\"fg-item-inner\"><a href=\"https:\/\/www.tvwislig.ch\/newwp\/wp-content\/uploads\/2020\/03\/51a2b827-1551-4714-8347-dc619f87f1b1.jpg\" data-attachment-id=\"2567\" class=\"fg-thumb\"><span class=\"fg-image-wrap\"><img width=\"150\" height=\"150\" data-src-fg=\"https:\/\/www.tvwislig.ch\/newwp\/wp-content\/uploads\/cache\/2020\/03\/51a2b827-1551-4714-8347-dc619f87f1b1\/2291852835.jpg\" class=\"fg-image\" \/><\/span><\/a><figcaption class=\"fg-caption\"><div class=\"fg-caption-inner\"><\/div><\/figcaption><\/figure><div class=\"fg-loader\"><\/div><\/div><div class=\"fg-item\"><figure class=\"fg-item-inner\"><a href=\"https:\/\/www.tvwislig.ch\/newwp\/wp-content\/uploads\/2020\/03\/20b8574f-54a5-4eec-80e5-47002051e9f9.jpg\" data-attachment-id=\"2566\" class=\"fg-thumb\"><span class=\"fg-image-wrap\"><img width=\"150\" height=\"150\" data-src-fg=\"https:\/\/www.tvwislig.ch\/newwp\/wp-content\/uploads\/cache\/2020\/03\/20b8574f-54a5-4eec-80e5-47002051e9f9\/2822399811.jpg\" class=\"fg-image\" \/><\/span><\/a><figcaption class=\"fg-caption\"><div class=\"fg-caption-inner\"><\/div><\/figcaption><\/figure><div class=\"fg-loader\"><\/div><\/div><div class=\"fg-item\"><figure class=\"fg-item-inner\"><a href=\"https:\/\/www.tvwislig.ch\/newwp\/wp-content\/uploads\/2020\/03\/5cffb224-a0ec-4600-80b9-8168ae2bcd49.jpg\" data-attachment-id=\"2561\" class=\"fg-thumb\"><span class=\"fg-image-wrap\"><img width=\"150\" height=\"150\" data-src-fg=\"https:\/\/www.tvwislig.ch\/newwp\/wp-content\/uploads\/cache\/2020\/03\/5cffb224-a0ec-4600-80b9-8168ae2bcd49\/1506519942.jpg\" class=\"fg-image\" \/><\/span><\/a><figcaption class=\"fg-caption\"><div class=\"fg-caption-inner\"><\/div><\/figcaption><\/figure><div class=\"fg-loader\"><\/div><\/div><div class=\"fg-item\"><figure class=\"fg-item-inner\"><a href=\"https:\/\/www.tvwislig.ch\/newwp\/wp-content\/uploads\/2020\/03\/5fa62a15-df2c-4ee6-a11e-13bbe8de363a.jpg\" data-attachment-id=\"2562\" class=\"fg-thumb\"><span class=\"fg-image-wrap\"><img width=\"150\" height=\"150\" data-src-fg=\"https:\/\/www.tvwislig.ch\/newwp\/wp-content\/uploads\/cache\/2020\/03\/5fa62a15-df2c-4ee6-a11e-13bbe8de363a\/3886004072.jpg\" class=\"fg-image\" \/><\/span><\/a><figcaption class=\"fg-caption\"><div class=\"fg-caption-inner\"><\/div><\/figcaption><\/figure><div class=\"fg-loader\"><\/div><\/div><div class=\"fg-item\"><figure class=\"fg-item-inner\"><a href=\"https:\/\/www.tvwislig.ch\/newwp\/wp-content\/uploads\/2020\/03\/7e1cada9-45d0-4174-ad74-297e9899701b.jpg\" data-attachment-id=\"2563\" class=\"fg-thumb\"><span class=\"fg-image-wrap\"><img width=\"150\" height=\"150\" data-src-fg=\"https:\/\/www.tvwislig.ch\/newwp\/wp-content\/uploads\/cache\/2020\/03\/7e1cada9-45d0-4174-ad74-297e9899701b\/1756275732.jpg\" class=\"fg-image\" \/><\/span><\/a><figcaption class=\"fg-caption\"><div class=\"fg-caption-inner\"><\/div><\/figcaption><\/figure><div class=\"fg-loader\"><\/div><\/div><div class=\"fg-item\"><figure class=\"fg-item-inner\"><a href=\"https:\/\/www.tvwislig.ch\/newwp\/wp-content\/uploads\/2020\/03\/8d653687-07f2-426e-84d7-36c619f52b07.jpg\" data-attachment-id=\"2564\" class=\"fg-thumb\"><span class=\"fg-image-wrap\"><img width=\"150\" height=\"150\" data-src-fg=\"https:\/\/www.tvwislig.ch\/newwp\/wp-content\/uploads\/cache\/2020\/03\/8d653687-07f2-426e-84d7-36c619f52b07\/4234684792.jpg\" class=\"fg-image\" \/><\/span><\/a><figcaption class=\"fg-caption\"><div class=\"fg-caption-inner\"><\/div><\/figcaption><\/figure><div class=\"fg-loader\"><\/div><\/div><div class=\"fg-item\"><figure class=\"fg-item-inner\"><a href=\"https:\/\/www.tvwislig.ch\/newwp\/wp-content\/uploads\/2020\/03\/9f313ccd-dfc5-4872-99c9-699b8c6f57f3.jpg\" data-attachment-id=\"2565\" class=\"fg-thumb\"><span class=\"fg-image-wrap\"><img width=\"150\" height=\"150\" data-src-fg=\"https:\/\/www.tvwislig.ch\/newwp\/wp-content\/uploads\/cache\/2020\/03\/9f313ccd-dfc5-4872-99c9-699b8c6f57f3\/3544500927.jpg\" class=\"fg-image\" \/><\/span><\/a><figcaption class=\"fg-caption\"><div class=\"fg-caption-inner\"><\/div><\/figcaption><\/figure><div class=\"fg-loader\"><\/div><\/div><div class=\"fg-item\"><figure class=\"fg-item-inner\"><a href=\"https:\/\/www.tvwislig.ch\/newwp\/wp-content\/uploads\/2020\/03\/05b05a80-622b-4d79-a1dd-c2f588be2c72.jpg\" data-attachment-id=\"2560\" class=\"fg-thumb\"><span class=\"fg-image-wrap\"><img width=\"150\" height=\"150\" data-src-fg=\"https:\/\/www.tvwislig.ch\/newwp\/wp-content\/uploads\/cache\/2020\/03\/05b05a80-622b-4d79-a1dd-c2f588be2c72\/2852328419.jpg\" class=\"fg-image\" \/><\/span><\/a><figcaption class=\"fg-caption\"><div class=\"fg-caption-inner\"><\/div><\/figcaption><\/figure><div class=\"fg-loader\"><\/div><\/div><div class=\"fg-item\"><figure class=\"fg-item-inner\"><a href=\"https:\/\/www.tvwislig.ch\/newwp\/wp-content\/uploads\/2020\/03\/4c5ca2a6-0ab3-4fac-bb40-1b368d8cf1fe.jpg\" data-attachment-id=\"2559\" class=\"fg-thumb\"><span class=\"fg-image-wrap\"><img width=\"150\" height=\"150\" data-src-fg=\"https:\/\/www.tvwislig.ch\/newwp\/wp-content\/uploads\/cache\/2020\/03\/4c5ca2a6-0ab3-4fac-bb40-1b368d8cf1fe\/1331225345.jpg\" class=\"fg-image\" \/><\/span><\/a><figcaption class=\"fg-caption\"><div class=\"fg-caption-inner\"><\/div><\/figcaption><\/figure><div class=\"fg-loader\"><\/div><\/div><div class=\"fg-item\"><figure class=\"fg-item-inner\"><a href=\"https:\/\/www.tvwislig.ch\/newwp\/wp-content\/uploads\/2020\/03\/03f7795c-462e-42a9-9cd2-c7504a6a29d4.jpg\" data-attachment-id=\"2558\" class=\"fg-thumb\"><span class=\"fg-image-wrap\"><img width=\"150\" height=\"150\" data-src-fg=\"https:\/\/www.tvwislig.ch\/newwp\/wp-content\/uploads\/cache\/2020\/03\/03f7795c-462e-42a9-9cd2-c7504a6a29d4\/2690565197.jpg\" class=\"fg-image\" \/><\/span><\/a><figcaption class=\"fg-caption\"><div class=\"fg-caption-inner\"><\/div><\/figcaption><\/figure><div class=\"fg-loader\"><\/div><\/div><div class=\"fg-item\"><figure class=\"fg-item-inner\"><a href=\"https:\/\/www.tvwislig.ch\/newwp\/wp-content\/uploads\/2020\/03\/2dac14bc-c01d-4776-889d-6965be5f1eef.jpg\" data-attachment-id=\"2557\" class=\"fg-thumb\"><span class=\"fg-image-wrap\"><img width=\"150\" height=\"150\" data-src-fg=\"https:\/\/www.tvwislig.ch\/newwp\/wp-content\/uploads\/cache\/2020\/03\/2dac14bc-c01d-4776-889d-6965be5f1eef\/1979659168.jpg\" class=\"fg-image\" \/><\/span><\/a><figcaption class=\"fg-caption\"><div class=\"fg-caption-inner\"><\/div><\/figcaption><\/figure><div class=\"fg-loader\"><\/div><\/div><div class=\"fg-item\"><figure class=\"fg-item-inner\"><a href=\"https:\/\/www.tvwislig.ch\/newwp\/wp-content\/uploads\/2020\/03\/2a920a68-8211-4257-b31b-5aa959da8b99-1.jpg\" data-attachment-id=\"2556\" class=\"fg-thumb\"><span class=\"fg-image-wrap\"><img width=\"150\" height=\"150\" data-src-fg=\"https:\/\/www.tvwislig.ch\/newwp\/wp-content\/uploads\/cache\/2020\/03\/2a920a68-8211-4257-b31b-5aa959da8b99-1\/3151114587.jpg\" class=\"fg-image\" \/><\/span><\/a><figcaption class=\"fg-caption\"><div class=\"fg-caption-inner\"><\/div><\/figcaption><\/figure><div class=\"fg-loader\"><\/div><\/div><div class=\"fg-item\"><figure class=\"fg-item-inner\"><a href=\"https:\/\/www.tvwislig.ch\/newwp\/wp-content\/uploads\/2020\/03\/371de027-38c8-4825-a2f9-5aae861e8317.jpg\" data-attachment-id=\"2540\" class=\"fg-thumb\"><span class=\"fg-image-wrap\"><img width=\"150\" height=\"150\" data-src-fg=\"https:\/\/www.tvwislig.ch\/newwp\/wp-content\/uploads\/cache\/2020\/03\/371de027-38c8-4825-a2f9-5aae861e8317\/2668550571.jpg\" class=\"fg-image\" \/><\/span><\/a><figcaption class=\"fg-caption\"><div class=\"fg-caption-inner\"><\/div><\/figcaption><\/figure><div class=\"fg-loader\"><\/div><\/div><div class=\"fg-item\"><figure class=\"fg-item-inner\"><a href=\"https:\/\/www.tvwislig.ch\/newwp\/wp-content\/uploads\/2020\/03\/aec61964-978a-4348-8a56-c137263ddcb0.jpg\" data-attachment-id=\"2541\" class=\"fg-thumb\"><span class=\"fg-image-wrap\"><img width=\"150\" height=\"150\" data-src-fg=\"https:\/\/www.tvwislig.ch\/newwp\/wp-content\/uploads\/cache\/2020\/03\/aec61964-978a-4348-8a56-c137263ddcb0\/1642540449.jpg\" class=\"fg-image\" \/><\/span><\/a><figcaption class=\"fg-caption\"><div class=\"fg-caption-inner\"><\/div><\/figcaption><\/figure><div class=\"fg-loader\"><\/div><\/div><div class=\"fg-item\"><figure class=\"fg-item-inner\"><a href=\"https:\/\/www.tvwislig.ch\/newwp\/wp-content\/uploads\/2020\/03\/afb236fb-205b-461f-ad2e-3f26afddacc0.jpg\" data-attachment-id=\"2542\" class=\"fg-thumb\"><span class=\"fg-image-wrap\"><img width=\"150\" height=\"150\" data-src-fg=\"https:\/\/www.tvwislig.ch\/newwp\/wp-content\/uploads\/cache\/2020\/03\/afb236fb-205b-461f-ad2e-3f26afddacc0\/2131521759.jpg\" class=\"fg-image\" \/><\/span><\/a><figcaption class=\"fg-caption\"><div class=\"fg-caption-inner\"><\/div><\/figcaption><\/figure><div class=\"fg-loader\"><\/div><\/div><div class=\"fg-item\"><figure class=\"fg-item-inner\"><a href=\"https:\/\/www.tvwislig.ch\/newwp\/wp-content\/uploads\/2020\/03\/0c5387ca-c09c-4e4f-98ed-b1a335981771.jpg\" data-attachment-id=\"2554\" class=\"fg-thumb\"><span class=\"fg-image-wrap\"><img width=\"150\" height=\"150\" data-src-fg=\"https:\/\/www.tvwislig.ch\/newwp\/wp-content\/uploads\/cache\/2020\/03\/0c5387ca-c09c-4e4f-98ed-b1a335981771\/3456162287.jpg\" class=\"fg-image\" \/><\/span><\/a><figcaption class=\"fg-caption\"><div class=\"fg-caption-inner\"><\/div><\/figcaption><\/figure><div class=\"fg-loader\"><\/div><\/div><div class=\"fg-item\"><figure class=\"fg-item-inner\"><a href=\"https:\/\/www.tvwislig.ch\/newwp\/wp-content\/uploads\/2020\/03\/1beb907c-7bd8-4ff1-be5b-fc8ee15d92db.jpg\" data-attachment-id=\"2555\" class=\"fg-thumb\"><span class=\"fg-image-wrap\"><img width=\"150\" height=\"150\" data-src-fg=\"https:\/\/www.tvwislig.ch\/newwp\/wp-content\/uploads\/cache\/2020\/03\/1beb907c-7bd8-4ff1-be5b-fc8ee15d92db\/3406733727.jpg\" class=\"fg-image\" \/><\/span><\/a><figcaption class=\"fg-caption\"><div class=\"fg-caption-inner\"><\/div><\/figcaption><\/figure><div class=\"fg-loader\"><\/div><\/div><div class=\"fg-item\"><figure class=\"fg-item-inner\"><a href=\"https:\/\/www.tvwislig.ch\/newwp\/wp-content\/uploads\/2020\/03\/216b4b18-cac1-4c84-9d8a-a827b941f62d.jpg\" data-attachment-id=\"2539\" class=\"fg-thumb\"><span class=\"fg-image-wrap\"><img width=\"150\" height=\"150\" data-src-fg=\"https:\/\/www.tvwislig.ch\/newwp\/wp-content\/uploads\/cache\/2020\/03\/216b4b18-cac1-4c84-9d8a-a827b941f62d\/2231176186.jpg\" class=\"fg-image\" \/><\/span><\/a><figcaption class=\"fg-caption\"><div class=\"fg-caption-inner\"><\/div><\/figcaption><\/figure><div class=\"fg-loader\"><\/div><\/div><div class=\"fg-item\"><figure class=\"fg-item-inner\"><a href=\"https:\/\/www.tvwislig.ch\/newwp\/wp-content\/uploads\/2020\/03\/2a920a68-8211-4257-b31b-5aa959da8b99.jpg\" data-attachment-id=\"2538\" class=\"fg-thumb\"><span class=\"fg-image-wrap\"><img width=\"150\" height=\"150\" data-src-fg=\"https:\/\/www.tvwislig.ch\/newwp\/wp-content\/uploads\/cache\/2020\/03\/2a920a68-8211-4257-b31b-5aa959da8b99\/1429609655.jpg\" class=\"fg-image\" \/><\/span><\/a><figcaption class=\"fg-caption\"><div class=\"fg-caption-inner\"><\/div><\/figcaption><\/figure><div class=\"fg-loader\"><\/div><\/div><\/div>\r\n\n\n\n\n<p> <a href=\"https:\/\/www.tvwislig.ch\/?page_id=204\">zur\u00fcck zur \u00dcbersicht<\/a> <\/p>\n","protected":false},"excerpt":{"rendered":"<p>zur\u00fcck zur \u00dcbersicht zur\u00fcck zur \u00dcbersicht<\/p>\n","protected":false},"author":2,"featured_media":0,"parent":204,"menu_order":0,"comment_status":"closed","ping_status":"closed","template":"","meta":{"footnotes":""},"class_list":["post-2606","page","type-page","status-publish","hentry"],"jetpack_sharing_enabled":true,"_links":{"self":[{"href":"https:\/\/www.tvwislig.ch\/index.php?rest_route=\/wp\/v2\/pages\/2606","targetHints":{"allow":["GET"]}}],"collection":[{"href":"https:\/\/www.tvwislig.ch\/index.php?rest_route=\/wp\/v2\/pages"}],"about":[{"href":"https:\/\/www.tvwislig.ch\/index.php?rest_route=\/wp\/v2\/types\/page"}],"author":[{"embeddable":true,"href":"https:\/\/www.tvwislig.ch\/index.php?rest_route=\/wp\/v2\/users\/2"}],"replies":[{"embeddable":true,"href":"https:\/\/www.tvwislig.ch\/index.php?rest_route=%2Fwp%2Fv2%2Fcomments&post=2606"}],"version-history":[{"count":3,"href":"https:\/\/www.tvwislig.ch\/index.php?rest_route=\/wp\/v2\/pages\/2606\/revisions"}],"predecessor-version":[{"id":2686,"href":"https:\/\/www.tvwislig.ch\/index.php?rest_route=\/wp\/v2\/pages\/2606\/revisions\/2686"}],"up":[{"embeddable":true,"href":"https:\/\/www.tvwislig.ch\/index.php?rest_route=\/wp\/v2\/pages\/204"}],"wp:attachment":[{"href":"https:\/\/www.tvwislig.ch\/index.php?rest_route=%2Fwp%2Fv2%2Fmedia&parent=2606"}],"curies":[{"name":"wp","href":"https:\/\/api.w.org\/{rel}","templated":true}]}}