{"id":2632,"date":"2020-03-02T20:22:03","date_gmt":"2020-03-02T19:22:03","guid":{"rendered":"https:\/\/www.tvwislig.ch\/newwp\/?page_id=2632"},"modified":"2025-07-28T18:57:30","modified_gmt":"2025-07-28T16:57:30","slug":"abendunterhaltung","status":"publish","type":"page","link":"https:\/\/www.tvwislig.ch\/?page_id=2632","title":{"rendered":"Abendunterhaltung"},"content":{"rendered":"\n<p class=\"has-cyan-bluish-gray-color has-text-color has-medium-font-size\">Die Turnfamilie Weisslingen stellt alle zwei Jahre eine Abendunterhaltung auf die Beine. Alle Vereinsmitglieder von klein bis gross leisten ihren Beitrag f\u00fcr eine grossartige Show. Neben den turnerischen Darbietungen sorgt die Festwirtschaft f\u00fcr das leibliche Wohl, die Theatergruppe f\u00fcr gute Stimmung und die abwechslungsreiche Tombola f\u00fcr gl\u00fcckliche Gem\u00fcter in der Pause, sowie nach dem Programm. Die Nachtschw\u00e4rmer k\u00f6nnen anschliessend einen Absacker in unserer Bar geniessen. Die Abendunterhaltung der Turnfamilie Weisslingen ist auf jeden Fall einen Besuch wert!<\/p>\n\n\n\n<div style=\"height:53px\" aria-hidden=\"true\" class=\"wp-block-spacer\"><\/div>\n\n\n\n<p class=\"has-text-align-center has-luminous-vivid-orange-color has-text-color has-large-font-size\"><strong>Abendunterhaltung 202<\/strong>5<\/p>\n\n\n\n<div style=\"height:40px\" aria-hidden=\"true\" class=\"wp-block-spacer\"><\/div>\n\n\n<div class=\"wp-block-image\">\n<figure class=\"aligncenter size-large is-resized\"><img loading=\"lazy\" decoding=\"async\" width=\"715\" height=\"1024\" src=\"https:\/\/www.tvwislig.ch\/newwp\/wp-content\/uploads\/2025\/07\/AUH-25-3-conv-1-715x1024.jpeg\" alt=\"\" class=\"wp-image-7012\" style=\"width:411px;height:auto\" srcset=\"https:\/\/www.tvwislig.ch\/newwp\/wp-content\/uploads\/2025\/07\/AUH-25-3-conv-1-715x1024.jpeg 715w, https:\/\/www.tvwislig.ch\/newwp\/wp-content\/uploads\/2025\/07\/AUH-25-3-conv-1-210x300.jpeg 210w, https:\/\/www.tvwislig.ch\/newwp\/wp-content\/uploads\/2025\/07\/AUH-25-3-conv-1-768x1100.jpeg 768w, https:\/\/www.tvwislig.ch\/newwp\/wp-content\/uploads\/2025\/07\/AUH-25-3-conv-1-1073x1536.jpeg 1073w, https:\/\/www.tvwislig.ch\/newwp\/wp-content\/uploads\/2025\/07\/AUH-25-3-conv-1-1430x2048.jpeg 1430w, https:\/\/www.tvwislig.ch\/newwp\/wp-content\/uploads\/2025\/07\/AUH-25-3-conv-1-700x1002.jpeg 700w, https:\/\/www.tvwislig.ch\/newwp\/wp-content\/uploads\/2025\/07\/AUH-25-3-conv-1-2000x2863.jpeg 2000w, https:\/\/www.tvwislig.ch\/newwp\/wp-content\/uploads\/2025\/07\/AUH-25-3-conv-1-279x400.jpeg 279w, https:\/\/www.tvwislig.ch\/newwp\/wp-content\/uploads\/2025\/07\/AUH-25-3-conv-1-scaled.jpeg 1788w\" sizes=\"auto, (max-width: 715px) 100vw, 715px\" \/><\/figure><\/div>\n\n\n<div style=\"height:43px\" aria-hidden=\"true\" class=\"wp-block-spacer\"><\/div>\n\n\n\n<p class=\"has-cyan-bluish-gray-color has-text-color\" style=\"font-size:22px\"><strong>Ort<\/strong><\/p>\n\n\n\n<p class=\"has-cyan-bluish-gray-color has-text-color\">Mehrzweckhalle Widum Weisslingen<\/p>\n\n\n\n<div style=\"height:41px\" aria-hidden=\"true\" class=\"wp-block-spacer\"><\/div>\n\n\n\n<p class=\"has-cyan-bluish-gray-color has-text-color\" style=\"font-size:22px\"><strong>Abendvorstellungen<\/strong><\/p>\n\n\n\n<div class=\"wp-block-columns is-layout-flex wp-container-core-columns-is-layout-1 wp-block-columns-is-layout-flex\">\n<div class=\"wp-block-column is-layout-flow wp-block-column-is-layout-flow\">\n<p class=\"has-cyan-bluish-gray-color has-text-color has-medium-font-size\">8. November 2025<\/p>\n<\/div>\n\n\n\n<div class=\"wp-block-column is-layout-flow wp-block-column-is-layout-flow\">\n<p class=\"has-cyan-bluish-gray-color has-text-color has-medium-font-size\">Einlass ab 18.00<\/p>\n<\/div>\n\n\n\n<div class=\"wp-block-column is-layout-flow wp-block-column-is-layout-flow\">\n<p class=\"has-cyan-bluish-gray-color has-text-color has-medium-font-size\">Beginn 20.00<\/p>\n<\/div>\n<\/div>\n\n\n\n<div class=\"wp-block-columns is-layout-flex wp-container-core-columns-is-layout-2 wp-block-columns-is-layout-flex\">\n<div class=\"wp-block-column is-layout-flow wp-block-column-is-layout-flow\">\n<p class=\"has-cyan-bluish-gray-color has-text-color has-medium-font-size\">14. November 2025<\/p>\n<\/div>\n\n\n\n<div class=\"wp-block-column is-layout-flow wp-block-column-is-layout-flow\">\n<p class=\"has-cyan-bluish-gray-color has-text-color has-medium-font-size\">Einlass ab 18.00<\/p>\n<\/div>\n\n\n\n<div class=\"wp-block-column is-layout-flow wp-block-column-is-layout-flow\">\n<p class=\"has-cyan-bluish-gray-color has-text-color has-medium-font-size\">Beginn 20.00<\/p>\n<\/div>\n<\/div>\n\n\n\n<div class=\"wp-block-columns is-layout-flex wp-container-core-columns-is-layout-3 wp-block-columns-is-layout-flex\">\n<div class=\"wp-block-column is-layout-flow wp-block-column-is-layout-flow\">\n<p class=\"has-cyan-bluish-gray-color has-text-color has-medium-font-size\">15. November 2025<\/p>\n<\/div>\n\n\n\n<div class=\"wp-block-column is-layout-flow wp-block-column-is-layout-flow\">\n<p class=\"has-cyan-bluish-gray-color has-text-color has-medium-font-size\">Einlass ab 18.00<\/p>\n<\/div>\n\n\n\n<div class=\"wp-block-column is-layout-flow wp-block-column-is-layout-flow\">\n<p class=\"has-cyan-bluish-gray-color has-text-color has-medium-font-size\">Beginn 20.00<\/p>\n<\/div>\n<\/div>\n\n\n\n<div style=\"height:20px\" aria-hidden=\"true\" class=\"wp-block-spacer\"><\/div>\n\n\n<p><!--StartFragment--><\/p>\n\n\n<p class=\"has-cyan-bluish-gray-color has-text-color\" style=\"font-size:22px\"><strong>Kindervorstellung<\/strong><\/p>\n\n\n\n<div class=\"wp-block-columns is-layout-flex wp-container-core-columns-is-layout-4 wp-block-columns-is-layout-flex\">\n<div class=\"wp-block-column is-layout-flow wp-block-column-is-layout-flow\">\n<p class=\"has-cyan-bluish-gray-color has-text-color has-medium-font-size\">8. November 2023<\/p>\n<\/div>\n\n\n\n<div class=\"wp-block-column is-layout-flow wp-block-column-is-layout-flow\">\n<p class=\"has-cyan-bluish-gray-color has-text-color has-medium-font-size\">Einlass ab 11.30<\/p>\n<\/div>\n\n\n\n<div class=\"wp-block-column is-layout-flow wp-block-column-is-layout-flow\">\n<p class=\"has-cyan-bluish-gray-color has-text-color has-medium-font-size\">Beginn 13.00<\/p>\n<\/div>\n<\/div>\n\n\n<p><!--EndFragment--><\/p>\n\n\n<div style=\"height:42px\" aria-hidden=\"true\" class=\"wp-block-spacer\"><\/div>\n\n\n\n<p class=\"has-cyan-bluish-gray-color has-text-color\" style=\"font-size:22px\"><strong>Tickets und Reservationen<\/strong><\/p>\n\n\n\n<p class=\"has-cyan-bluish-gray-color has-text-color has-medium-font-size\">Die Tickets f\u00fcr unsere Vorstellungen sind nur an der Abendkasse erh\u00e4ltlich. Der Eintritt ist 15.- pro Person.<\/p>\n\n\n\n<p class=\"has-cyan-bluish-gray-color has-text-color has-medium-font-size\">Gruppen ab 20 Personen k\u00f6nnen ihre Pl\u00e4tze <a href=\"https:\/\/www.tvwislig.ch\/?page_id=7009\" data-type=\"page\" data-id=\"7009\">hier<\/a> vorab reservieren.<\/p>\n\n\n\n<p class=\"has-cyan-bluish-gray-color has-text-color has-medium-font-size\"><a href=\"https:\/\/www.tvwislig.ch\/?page_id=7009\" data-type=\"page\" data-id=\"7009\">Reservierungsformular<\/a><\/p>\n\n\n\n<div style=\"height:34px\" aria-hidden=\"true\" class=\"wp-block-spacer\"><\/div>\n\n\n\n<p class=\"has-cyan-bluish-gray-color has-text-color\" style=\"font-size:22px\"><strong>Barbetrieb<\/strong><\/p>\n\n\n\n<p class=\"has-cyan-bluish-gray-color has-text-color has-medium-font-size\">Unsere Bar ist ab 23.00 Uhr f\u00fcr alle ab 18 Jahren ge\u00f6ffnet.<\/p>\n","protected":false},"excerpt":{"rendered":"<p>Die Turnfamilie Weisslingen stellt alle zwei Jahre eine Abendunterhaltung auf die Beine. Alle Vereinsmitglieder von klein bis gross leisten ihren Beitrag f\u00fcr eine grossartige Show. Neben den turnerischen Darbietungen sorgt &hellip; <a href=\"https:\/\/www.tvwislig.ch\/?page_id=2632\" class=\"more-link\"><span class=\"screen-reader-text\">Abendunterhaltung<\/span> weiterlesen <span class=\"meta-nav\">&rarr;<\/span><\/a><\/p>\n","protected":false},"author":2,"featured_media":0,"parent":0,"menu_order":0,"comment_status":"closed","ping_status":"closed","template":"","meta":{"footnotes":""},"class_list":["post-2632","page","type-page","status-publish","hentry"],"jetpack_sharing_enabled":true,"_links":{"self":[{"href":"https:\/\/www.tvwislig.ch\/index.php?rest_route=\/wp\/v2\/pages\/2632","targetHints":{"allow":["GET"]}}],"collection":[{"href":"https:\/\/www.tvwislig.ch\/index.php?rest_route=\/wp\/v2\/pages"}],"about":[{"href":"https:\/\/www.tvwislig.ch\/index.php?rest_route=\/wp\/v2\/types\/page"}],"author":[{"embeddable":true,"href":"https:\/\/www.tvwislig.ch\/index.php?rest_route=\/wp\/v2\/users\/2"}],"replies":[{"embeddable":true,"href":"https:\/\/www.tvwislig.ch\/index.php?rest_route=%2Fwp%2Fv2%2Fcomments&post=2632"}],"version-history":[{"count":35,"href":"https:\/\/www.tvwislig.ch\/index.php?rest_route=\/wp\/v2\/pages\/2632\/revisions"}],"predecessor-version":[{"id":7013,"href":"https:\/\/www.tvwislig.ch\/index.php?rest_route=\/wp\/v2\/pages\/2632\/revisions\/7013"}],"wp:attachment":[{"href":"https:\/\/www.tvwislig.ch\/index.php?rest_route=%2Fwp%2Fv2%2Fmedia&parent=2632"}],"curies":[{"name":"wp","href":"https:\/\/api.w.org\/{rel}","templated":true}]}}