{"id":2756,"date":"2020-07-12T21:26:23","date_gmt":"2020-07-12T19:26:23","guid":{"rendered":"https:\/\/www.tvwislig.ch\/?page_id=2756"},"modified":"2022-07-28T17:51:05","modified_gmt":"2022-07-28T15:51:05","slug":"jugendlager-parpan-sonntag","status":"publish","type":"page","link":"https:\/\/www.tvwislig.ch\/?page_id=2756","title":{"rendered":"Jugendlager Parpan Sonntag"},"content":{"rendered":"\n<p><a href=\"https:\/\/www.tvwislig.ch\/?page_id=204\">zur\u00fcck zur \u00dcbersicht<\/a>  <\/p>\n\n\n\n<div class=\"foogallery foogallery-container foogallery-default foogallery-lightbox-foobox fg-gutter-10 fg-center fg-default fg-light fg-border-thin fg-shadow-outline fg-loading-default fg-loaded-fade-in fg-caption-hover fg-hover-fade fg-hover-zoom\" id=\"foogallery-gallery-2755\" data-foogallery=\"{&quot;item&quot;:{&quot;showCaptionTitle&quot;:true,&quot;showCaptionDescription&quot;:true},&quot;lazy&quot;:true,&quot;src&quot;:&quot;data-src-fg&quot;,&quot;srcset&quot;:&quot;data-srcset-fg&quot;}\" data-fg-common-fields=\"1\" >\r\n\t<div class=\"fg-item\"><figure class=\"fg-item-inner\"><a href=\"https:\/\/www.tvwislig.ch\/newwp\/wp-content\/uploads\/2020\/07\/IMG-20200712-WA0021.jpg\" data-attachment-id=\"2760\" class=\"fg-thumb\"><span class=\"fg-image-wrap\"><img width=\"150\" height=\"150\" data-src-fg=\"https:\/\/www.tvwislig.ch\/newwp\/wp-content\/uploads\/cache\/2020\/07\/IMG-20200712-WA0021\/3782609061.jpg\" class=\"fg-image\" \/><\/span><\/a><figcaption class=\"fg-caption\"><div class=\"fg-caption-inner\"><\/div><\/figcaption><\/figure><div class=\"fg-loader\"><\/div><\/div><div class=\"fg-item\"><figure class=\"fg-item-inner\"><a href=\"https:\/\/www.tvwislig.ch\/newwp\/wp-content\/uploads\/2020\/07\/IMG-20200712-WA0022.jpg\" data-attachment-id=\"2761\" class=\"fg-thumb\"><span class=\"fg-image-wrap\"><img width=\"150\" height=\"150\" data-src-fg=\"https:\/\/www.tvwislig.ch\/newwp\/wp-content\/uploads\/cache\/2020\/07\/IMG-20200712-WA0022\/4074675301.jpg\" class=\"fg-image\" \/><\/span><\/a><figcaption class=\"fg-caption\"><div class=\"fg-caption-inner\"><\/div><\/figcaption><\/figure><div class=\"fg-loader\"><\/div><\/div><div class=\"fg-item\"><figure class=\"fg-item-inner\"><a href=\"https:\/\/www.tvwislig.ch\/newwp\/wp-content\/uploads\/2020\/07\/IMG-20200712-WA0023.jpg\" data-attachment-id=\"2762\" class=\"fg-thumb\"><span class=\"fg-image-wrap\"><img width=\"150\" height=\"150\" data-src-fg=\"https:\/\/www.tvwislig.ch\/newwp\/wp-content\/uploads\/cache\/2020\/07\/IMG-20200712-WA0023\/1114451935.jpg\" class=\"fg-image\" \/><\/span><\/a><figcaption class=\"fg-caption\"><div class=\"fg-caption-inner\"><\/div><\/figcaption><\/figure><div class=\"fg-loader\"><\/div><\/div><div class=\"fg-item\"><figure class=\"fg-item-inner\"><a href=\"https:\/\/www.tvwislig.ch\/newwp\/wp-content\/uploads\/2020\/07\/IMG-20200712-WA0024.jpg\" data-attachment-id=\"2763\" class=\"fg-thumb\"><span class=\"fg-image-wrap\"><img width=\"150\" height=\"150\" data-src-fg=\"https:\/\/www.tvwislig.ch\/newwp\/wp-content\/uploads\/cache\/2020\/07\/IMG-20200712-WA0024\/3582965221.jpg\" class=\"fg-image\" \/><\/span><\/a><figcaption class=\"fg-caption\"><div class=\"fg-caption-inner\"><\/div><\/figcaption><\/figure><div class=\"fg-loader\"><\/div><\/div><div class=\"fg-item\"><figure class=\"fg-item-inner\"><a href=\"https:\/\/www.tvwislig.ch\/newwp\/wp-content\/uploads\/2020\/07\/IMG-20200712-WA0025.jpg\" data-attachment-id=\"2764\" class=\"fg-thumb\"><span class=\"fg-image-wrap\"><img width=\"150\" height=\"150\" data-src-fg=\"https:\/\/www.tvwislig.ch\/newwp\/wp-content\/uploads\/cache\/2020\/07\/IMG-20200712-WA0025\/2083602448.jpg\" class=\"fg-image\" \/><\/span><\/a><figcaption class=\"fg-caption\"><div class=\"fg-caption-inner\"><\/div><\/figcaption><\/figure><div class=\"fg-loader\"><\/div><\/div><div class=\"fg-item\"><figure class=\"fg-item-inner\"><a href=\"https:\/\/www.tvwislig.ch\/newwp\/wp-content\/uploads\/2020\/07\/IMG-20200712-WA0026.jpg\" data-attachment-id=\"2765\" class=\"fg-thumb\"><span class=\"fg-image-wrap\"><img width=\"150\" height=\"150\" data-src-fg=\"https:\/\/www.tvwislig.ch\/newwp\/wp-content\/uploads\/cache\/2020\/07\/IMG-20200712-WA0026\/1872352464.jpg\" class=\"fg-image\" \/><\/span><\/a><figcaption class=\"fg-caption\"><div class=\"fg-caption-inner\"><\/div><\/figcaption><\/figure><div class=\"fg-loader\"><\/div><\/div><div class=\"fg-item\"><figure class=\"fg-item-inner\"><a href=\"https:\/\/www.tvwislig.ch\/newwp\/wp-content\/uploads\/2020\/07\/IMG-20200712-WA0027.jpg\" data-attachment-id=\"2766\" class=\"fg-thumb\"><span class=\"fg-image-wrap\"><img width=\"150\" height=\"150\" data-src-fg=\"https:\/\/www.tvwislig.ch\/newwp\/wp-content\/uploads\/cache\/2020\/07\/IMG-20200712-WA0027\/3744098154.jpg\" class=\"fg-image\" \/><\/span><\/a><figcaption class=\"fg-caption\"><div class=\"fg-caption-inner\"><\/div><\/figcaption><\/figure><div class=\"fg-loader\"><\/div><\/div><div class=\"fg-item\"><figure class=\"fg-item-inner\"><a href=\"https:\/\/www.tvwislig.ch\/newwp\/wp-content\/uploads\/2020\/07\/IMG-20200712-WA0028.jpg\" data-attachment-id=\"2767\" class=\"fg-thumb\"><span class=\"fg-image-wrap\"><img width=\"150\" height=\"150\" data-src-fg=\"https:\/\/www.tvwislig.ch\/newwp\/wp-content\/uploads\/cache\/2020\/07\/IMG-20200712-WA0028\/2603476709.jpg\" class=\"fg-image\" \/><\/span><\/a><figcaption class=\"fg-caption\"><div class=\"fg-caption-inner\"><\/div><\/figcaption><\/figure><div class=\"fg-loader\"><\/div><\/div><div class=\"fg-item\"><figure class=\"fg-item-inner\"><a href=\"https:\/\/www.tvwislig.ch\/newwp\/wp-content\/uploads\/2020\/07\/IMG-20200712-WA0029.jpg\" data-attachment-id=\"2768\" class=\"fg-thumb\"><span class=\"fg-image-wrap\"><img width=\"150\" height=\"150\" data-src-fg=\"https:\/\/www.tvwislig.ch\/newwp\/wp-content\/uploads\/cache\/2020\/07\/IMG-20200712-WA0029\/9019278.jpg\" class=\"fg-image\" \/><\/span><\/a><figcaption class=\"fg-caption\"><div class=\"fg-caption-inner\"><\/div><\/figcaption><\/figure><div class=\"fg-loader\"><\/div><\/div><div class=\"fg-item\"><figure class=\"fg-item-inner\"><a href=\"https:\/\/www.tvwislig.ch\/newwp\/wp-content\/uploads\/2020\/07\/IMG-20200712-WA0030.jpg\" data-attachment-id=\"2769\" class=\"fg-thumb\"><span class=\"fg-image-wrap\"><img width=\"150\" height=\"150\" data-src-fg=\"https:\/\/www.tvwislig.ch\/newwp\/wp-content\/uploads\/cache\/2020\/07\/IMG-20200712-WA0030\/2509898693.jpg\" class=\"fg-image\" \/><\/span><\/a><figcaption class=\"fg-caption\"><div class=\"fg-caption-inner\"><\/div><\/figcaption><\/figure><div class=\"fg-loader\"><\/div><\/div><div class=\"fg-item\"><figure class=\"fg-item-inner\"><a href=\"https:\/\/www.tvwislig.ch\/newwp\/wp-content\/uploads\/2020\/07\/IMG-20200712-WA0032.jpg\" data-attachment-id=\"2770\" class=\"fg-thumb\"><span class=\"fg-image-wrap\"><img width=\"150\" height=\"150\" data-src-fg=\"https:\/\/www.tvwislig.ch\/newwp\/wp-content\/uploads\/cache\/2020\/07\/IMG-20200712-WA0032\/3665317348.jpg\" class=\"fg-image\" \/><\/span><\/a><figcaption class=\"fg-caption\"><div class=\"fg-caption-inner\"><\/div><\/figcaption><\/figure><div class=\"fg-loader\"><\/div><\/div><div class=\"fg-item\"><figure class=\"fg-item-inner\"><a href=\"https:\/\/www.tvwislig.ch\/newwp\/wp-content\/uploads\/2020\/07\/IMG-20200712-WA0033.jpg\" data-attachment-id=\"2771\" class=\"fg-thumb\"><span class=\"fg-image-wrap\"><img width=\"150\" height=\"150\" data-src-fg=\"https:\/\/www.tvwislig.ch\/newwp\/wp-content\/uploads\/cache\/2020\/07\/IMG-20200712-WA0033\/2348146265.jpg\" class=\"fg-image\" \/><\/span><\/a><figcaption class=\"fg-caption\"><div class=\"fg-caption-inner\"><\/div><\/figcaption><\/figure><div class=\"fg-loader\"><\/div><\/div><div class=\"fg-item\"><figure class=\"fg-item-inner\"><a href=\"https:\/\/www.tvwislig.ch\/newwp\/wp-content\/uploads\/2020\/07\/IMG-20200712-WA0035.jpg\" data-attachment-id=\"2772\" class=\"fg-thumb\"><span class=\"fg-image-wrap\"><img width=\"150\" height=\"150\" data-src-fg=\"https:\/\/www.tvwislig.ch\/newwp\/wp-content\/uploads\/cache\/2020\/07\/IMG-20200712-WA0035\/830694650.jpg\" class=\"fg-image\" \/><\/span><\/a><figcaption class=\"fg-caption\"><div class=\"fg-caption-inner\"><\/div><\/figcaption><\/figure><div class=\"fg-loader\"><\/div><\/div><div class=\"fg-item\"><figure class=\"fg-item-inner\"><a href=\"https:\/\/www.tvwislig.ch\/newwp\/wp-content\/uploads\/2020\/07\/IMG-20200712-WA0036.jpg\" data-attachment-id=\"2773\" class=\"fg-thumb\"><span class=\"fg-image-wrap\"><img width=\"150\" height=\"150\" data-src-fg=\"https:\/\/www.tvwislig.ch\/newwp\/wp-content\/uploads\/cache\/2020\/07\/IMG-20200712-WA0036\/573304890.jpg\" class=\"fg-image\" \/><\/span><\/a><figcaption class=\"fg-caption\"><div class=\"fg-caption-inner\"><\/div><\/figcaption><\/figure><div class=\"fg-loader\"><\/div><\/div><div class=\"fg-item\"><figure class=\"fg-item-inner\"><a href=\"https:\/\/www.tvwislig.ch\/newwp\/wp-content\/uploads\/2020\/07\/IMG-20200712-WA0037.jpg\" data-attachment-id=\"2774\" class=\"fg-thumb\"><span class=\"fg-image-wrap\"><img width=\"150\" height=\"150\" data-src-fg=\"https:\/\/www.tvwislig.ch\/newwp\/wp-content\/uploads\/cache\/2020\/07\/IMG-20200712-WA0037\/2341799375.jpg\" class=\"fg-image\" \/><\/span><\/a><figcaption class=\"fg-caption\"><div class=\"fg-caption-inner\"><\/div><\/figcaption><\/figure><div class=\"fg-loader\"><\/div><\/div><div class=\"fg-item\"><figure class=\"fg-item-inner\"><a href=\"https:\/\/www.tvwislig.ch\/newwp\/wp-content\/uploads\/2020\/07\/IMG-20200712-WA0038.jpg\" data-attachment-id=\"2775\" class=\"fg-thumb\"><span class=\"fg-image-wrap\"><img width=\"150\" height=\"150\" data-src-fg=\"https:\/\/www.tvwislig.ch\/newwp\/wp-content\/uploads\/cache\/2020\/07\/IMG-20200712-WA0038\/3482485824.jpg\" class=\"fg-image\" \/><\/span><\/a><figcaption class=\"fg-caption\"><div class=\"fg-caption-inner\"><\/div><\/figcaption><\/figure><div class=\"fg-loader\"><\/div><\/div><div class=\"fg-item\"><figure class=\"fg-item-inner\"><a href=\"https:\/\/www.tvwislig.ch\/newwp\/wp-content\/uploads\/2020\/07\/IMG-20200712-WA0039.jpg\" data-attachment-id=\"2776\" class=\"fg-thumb\"><span class=\"fg-image-wrap\"><img width=\"150\" height=\"150\" data-src-fg=\"https:\/\/www.tvwislig.ch\/newwp\/wp-content\/uploads\/cache\/2020\/07\/IMG-20200712-WA0039\/2132883450.jpg\" class=\"fg-image\" \/><\/span><\/a><figcaption class=\"fg-caption\"><div class=\"fg-caption-inner\"><\/div><\/figcaption><\/figure><div class=\"fg-loader\"><\/div><\/div><div class=\"fg-item\"><figure class=\"fg-item-inner\"><a href=\"https:\/\/www.tvwislig.ch\/newwp\/wp-content\/uploads\/2020\/07\/IMG-20200712-WA0040.jpg\" data-attachment-id=\"2777\" class=\"fg-thumb\"><span class=\"fg-image-wrap\"><img width=\"150\" height=\"150\" data-src-fg=\"https:\/\/www.tvwislig.ch\/newwp\/wp-content\/uploads\/cache\/2020\/07\/IMG-20200712-WA0040\/2569589307.jpg\" class=\"fg-image\" \/><\/span><\/a><figcaption class=\"fg-caption\"><div class=\"fg-caption-inner\"><\/div><\/figcaption><\/figure><div class=\"fg-loader\"><\/div><\/div><div class=\"fg-item\"><figure class=\"fg-item-inner\"><a href=\"https:\/\/www.tvwislig.ch\/newwp\/wp-content\/uploads\/2020\/07\/IMG-20200712-WA0041.jpg\" data-attachment-id=\"2778\" class=\"fg-thumb\"><span class=\"fg-image-wrap\"><img width=\"150\" height=\"150\" data-src-fg=\"https:\/\/www.tvwislig.ch\/newwp\/wp-content\/uploads\/cache\/2020\/07\/IMG-20200712-WA0041\/42773328.jpg\" class=\"fg-image\" \/><\/span><\/a><figcaption class=\"fg-caption\"><div class=\"fg-caption-inner\"><\/div><\/figcaption><\/figure><div class=\"fg-loader\"><\/div><\/div><div class=\"fg-item\"><figure class=\"fg-item-inner\"><a href=\"https:\/\/www.tvwislig.ch\/newwp\/wp-content\/uploads\/2020\/07\/IMG-20200712-WA0042.jpg\" data-attachment-id=\"2779\" class=\"fg-thumb\"><span class=\"fg-image-wrap\"><img width=\"150\" height=\"150\" data-src-fg=\"https:\/\/www.tvwislig.ch\/newwp\/wp-content\/uploads\/cache\/2020\/07\/IMG-20200712-WA0042\/287588240.jpg\" class=\"fg-image\" \/><\/span><\/a><figcaption class=\"fg-caption\"><div class=\"fg-caption-inner\"><\/div><\/figcaption><\/figure><div class=\"fg-loader\"><\/div><\/div><div class=\"fg-item\"><figure class=\"fg-item-inner\"><a href=\"https:\/\/www.tvwislig.ch\/newwp\/wp-content\/uploads\/2020\/07\/IMG-20200712-WA0043.jpg\" data-attachment-id=\"2780\" class=\"fg-thumb\"><span class=\"fg-image-wrap\"><img width=\"150\" height=\"150\" data-src-fg=\"https:\/\/www.tvwislig.ch\/newwp\/wp-content\/uploads\/cache\/2020\/07\/IMG-20200712-WA0043\/3207800921.jpg\" class=\"fg-image\" \/><\/span><\/a><figcaption class=\"fg-caption\"><div class=\"fg-caption-inner\"><\/div><\/figcaption><\/figure><div class=\"fg-loader\"><\/div><\/div><div class=\"fg-item\"><figure class=\"fg-item-inner\"><a href=\"https:\/\/www.tvwislig.ch\/newwp\/wp-content\/uploads\/2020\/07\/IMG-20200712-WA0044.jpg\" data-attachment-id=\"2781\" class=\"fg-thumb\"><span class=\"fg-image-wrap\"><img width=\"150\" height=\"150\" data-src-fg=\"https:\/\/www.tvwislig.ch\/newwp\/wp-content\/uploads\/cache\/2020\/07\/IMG-20200712-WA0044\/684831331.jpg\" class=\"fg-image\" \/><\/span><\/a><figcaption class=\"fg-caption\"><div class=\"fg-caption-inner\"><\/div><\/figcaption><\/figure><div class=\"fg-loader\"><\/div><\/div><div class=\"fg-item\"><figure class=\"fg-item-inner\"><a href=\"https:\/\/www.tvwislig.ch\/newwp\/wp-content\/uploads\/2020\/07\/IMG-20200712-WA0045.jpg\" data-attachment-id=\"2782\" class=\"fg-thumb\"><span class=\"fg-image-wrap\"><img width=\"150\" height=\"150\" data-src-fg=\"https:\/\/www.tvwislig.ch\/newwp\/wp-content\/uploads\/cache\/2020\/07\/IMG-20200712-WA0045\/2556559833.jpg\" class=\"fg-image\" \/><\/span><\/a><figcaption class=\"fg-caption\"><div class=\"fg-caption-inner\"><\/div><\/figcaption><\/figure><div class=\"fg-loader\"><\/div><\/div><\/div>\r\n\n\n\n\n<p><a href=\"https:\/\/www.tvwislig.ch\/?page_id=204\">zur\u00fcck zur \u00dcbersicht<\/a>  <\/p>\n","protected":false},"excerpt":{"rendered":"<p>zur\u00fcck zur \u00dcbersicht zur\u00fcck zur \u00dcbersicht<\/p>\n","protected":false},"author":5,"featured_media":0,"parent":204,"menu_order":0,"comment_status":"closed","ping_status":"closed","template":"","meta":{"footnotes":""},"class_list":["post-2756","page","type-page","status-publish","hentry"],"jetpack_sharing_enabled":true,"_links":{"self":[{"href":"https:\/\/www.tvwislig.ch\/index.php?rest_route=\/wp\/v2\/pages\/2756","targetHints":{"allow":["GET"]}}],"collection":[{"href":"https:\/\/www.tvwislig.ch\/index.php?rest_route=\/wp\/v2\/pages"}],"about":[{"href":"https:\/\/www.tvwislig.ch\/index.php?rest_route=\/wp\/v2\/types\/page"}],"author":[{"embeddable":true,"href":"https:\/\/www.tvwislig.ch\/index.php?rest_route=\/wp\/v2\/users\/5"}],"replies":[{"embeddable":true,"href":"https:\/\/www.tvwislig.ch\/index.php?rest_route=%2Fwp%2Fv2%2Fcomments&post=2756"}],"version-history":[{"count":1,"href":"https:\/\/www.tvwislig.ch\/index.php?rest_route=\/wp\/v2\/pages\/2756\/revisions"}],"predecessor-version":[{"id":2757,"href":"https:\/\/www.tvwislig.ch\/index.php?rest_route=\/wp\/v2\/pages\/2756\/revisions\/2757"}],"up":[{"embeddable":true,"href":"https:\/\/www.tvwislig.ch\/index.php?rest_route=\/wp\/v2\/pages\/204"}],"wp:attachment":[{"href":"https:\/\/www.tvwislig.ch\/index.php?rest_route=%2Fwp%2Fv2%2Fmedia&parent=2756"}],"curies":[{"name":"wp","href":"https:\/\/api.w.org\/{rel}","templated":true}]}}