{"id":339,"date":"2019-02-01T21:04:34","date_gmt":"2019-02-01T21:04:34","guid":{"rendered":"https:\/\/www.tvwislig.ch\/newwp\/?page_id=339"},"modified":"2021-09-24T14:25:30","modified_gmt":"2021-09-24T12:25:30","slug":"maedchenriege","status":"publish","type":"page","link":"https:\/\/www.tvwislig.ch\/?page_id=339","title":{"rendered":"M\u00e4dchenriege"},"content":{"rendered":"\n<figure class=\"wp-block-image is-resized\"><img loading=\"lazy\" decoding=\"async\" src=\"https:\/\/www.tvwislig.ch\/newwp\/wp-content\/uploads\/2019\/02\/IMG_0038-2.jpg\" alt=\"\" class=\"wp-image-1054\" width=\"389\" height=\"292\" srcset=\"https:\/\/www.tvwislig.ch\/newwp\/wp-content\/uploads\/2019\/02\/IMG_0038-2.jpg 1020w, https:\/\/www.tvwislig.ch\/newwp\/wp-content\/uploads\/2019\/02\/IMG_0038-2-300x226.jpg 300w, https:\/\/www.tvwislig.ch\/newwp\/wp-content\/uploads\/2019\/02\/IMG_0038-2-768x578.jpg 768w, https:\/\/www.tvwislig.ch\/newwp\/wp-content\/uploads\/2019\/02\/IMG_0038-2-700x527.jpg 700w, https:\/\/www.tvwislig.ch\/newwp\/wp-content\/uploads\/2019\/02\/IMG_0038-2-531x400.jpg 531w\" sizes=\"auto, (max-width: 389px) 100vw, 389px\" \/><\/figure>\n\n\n\n<p class=\"has-text-color has-medium-font-size has-cyan-bluish-gray-color\">Hier d\u00fcrfen&nbsp;M\u00e4dchen von der ersten bis sechsten Klasse und erster bis dritter Oberstufe&nbsp;zeigen, was sie k\u00f6nnen. Die Leiterinnen \u00fcben mit den Kids leichtathletische Disziplinen, tanzen turnerische Choreographien, f\u00fchren sie ins Ger\u00e4teturnen ein und bieten spielerische Sequenzen an. Gemeinsam nehmen wir mit der&nbsp;Jugendriege an zwei bis drei Wettk\u00e4mpfen im Jahr teil.<\/p>\n\n\n\n<div style=\"height:100px\" aria-hidden=\"true\" class=\"wp-block-spacer\"><\/div>\n\n\n\n<p style=\"font-size:25px\" class=\"has-text-color has-cyan-bluish-gray-color\"><strong>Trainingszeiten<\/strong><\/p>\n\n\n\n<div class=\"wp-block-columns has-2-columns is-layout-flex wp-container-core-columns-is-layout-3 wp-block-columns-is-layout-flex\">\n<div class=\"wp-block-column is-layout-flow wp-block-column-is-layout-flow\">\n<div class=\"wp-block-columns has-2-columns is-layout-flex wp-container-core-columns-is-layout-1 wp-block-columns-is-layout-flex\">\n<div class=\"wp-block-column is-layout-flow wp-block-column-is-layout-flow\">\n<p class=\"has-text-color has-medium-font-size has-cyan-bluish-gray-color\">1.-2. Klasse<\/p>\n\n\n\n<p class=\"has-text-color has-medium-font-size has-cyan-bluish-gray-color\">3.-4. Klasse<\/p>\n\n\n\n<p class=\"has-text-color has-medium-font-size has-cyan-bluish-gray-color\">5.-6. Klasse<\/p>\n\n\n\n<p class=\"has-text-color has-medium-font-size has-cyan-bluish-gray-color\">Oberstufe<\/p>\n<\/div>\n\n\n\n<div class=\"wp-block-column is-layout-flow wp-block-column-is-layout-flow\">\n<p class=\"has-text-color has-medium-font-size has-cyan-bluish-gray-color\">Freitag<\/p>\n\n\n\n<p class=\"has-text-color has-medium-font-size has-cyan-bluish-gray-color\">Montag<\/p>\n\n\n\n<p class=\"has-text-color has-medium-font-size has-cyan-bluish-gray-color\">Donnerstag<\/p>\n\n\n\n<p class=\"has-text-color has-medium-font-size has-cyan-bluish-gray-color\">Freitag<\/p>\n<\/div>\n<\/div>\n<\/div>\n\n\n\n<div class=\"wp-block-column is-layout-flow wp-block-column-is-layout-flow\">\n<div class=\"wp-block-columns has-2-columns is-layout-flex wp-container-core-columns-is-layout-2 wp-block-columns-is-layout-flex\">\n<div class=\"wp-block-column is-layout-flow wp-block-column-is-layout-flow\">\n<p class=\"has-text-color has-medium-font-size has-cyan-bluish-gray-color\">17.15 &#8211; 18.15<\/p>\n\n\n\n<p class=\"has-text-color has-medium-font-size has-cyan-bluish-gray-color\">17.30 &#8211; 19.00<\/p>\n\n\n\n<p class=\"has-text-color has-medium-font-size has-cyan-bluish-gray-color\">17.30 &#8211; 19.00<\/p>\n\n\n\n<p class=\"has-text-color has-medium-font-size has-cyan-bluish-gray-color\">19.00 &#8211; 20.30<\/p>\n<\/div>\n\n\n\n<div class=\"wp-block-column is-layout-flow wp-block-column-is-layout-flow\">\n<p class=\"has-text-color has-medium-font-size has-cyan-bluish-gray-color\">grosse Halle<\/p>\n\n\n\n<p class=\"has-text-color has-medium-font-size has-cyan-bluish-gray-color\">grosse Halle<\/p>\n\n\n\n<p class=\"has-text-color has-medium-font-size has-cyan-bluish-gray-color\">grosse Halle<\/p>\n\n\n\n<p class=\"has-text-color has-medium-font-size has-cyan-bluish-gray-color\">Widum<\/p>\n<\/div>\n<\/div>\n<\/div>\n<\/div>\n\n\n\n<p style=\"font-size:25px\" class=\"has-text-color has-cyan-bluish-gray-color\"><strong>Kontakt<\/strong><\/p>\n\n\n\n<div class=\"wp-block-columns has-2-columns is-layout-flex wp-container-core-columns-is-layout-5 wp-block-columns-is-layout-flex\">\n<div class=\"wp-block-column is-layout-flow wp-block-column-is-layout-flow\">\n<div class=\"wp-block-columns has-2-columns is-layout-flex wp-container-core-columns-is-layout-4 wp-block-columns-is-layout-flex\">\n<div class=\"wp-block-column is-layout-flow wp-block-column-is-layout-flow\">\n<p class=\"has-text-color has-medium-font-size has-cyan-bluish-gray-color\">Leitung<\/p>\n<\/div>\n\n\n\n<div class=\"wp-block-column is-layout-flow wp-block-column-is-layout-flow\">\n<p class=\"has-text-color has-medium-font-size has-cyan-bluish-gray-color\">Nicole R\u00fcegg<\/p>\n<\/div>\n<\/div>\n<\/div>\n\n\n\n<div class=\"wp-block-column is-layout-flow wp-block-column-is-layout-flow\">\n<p class=\"has-text-color has-medium-font-size has-cyan-bluish-gray-color\">praesidentin@drwislig.ch<\/p>\n\n\n\n<p class=\"has-text-color has-medium-font-size has-cyan-bluish-gray-color\">079 670 85 59<\/p>\n<\/div>\n<\/div>\n\n\n\n<p><\/p>\n","protected":false},"excerpt":{"rendered":"<p>Hier d\u00fcrfen&nbsp;M\u00e4dchen von der ersten bis sechsten Klasse und erster bis dritter Oberstufe&nbsp;zeigen, was sie k\u00f6nnen. Die Leiterinnen \u00fcben mit den Kids leichtathletische Disziplinen, tanzen turnerische Choreographien, f\u00fchren sie ins &hellip; <a href=\"https:\/\/www.tvwislig.ch\/?page_id=339\" class=\"more-link\"><span class=\"screen-reader-text\">M\u00e4dchenriege<\/span> weiterlesen <span class=\"meta-nav\">&rarr;<\/span><\/a><\/p>\n","protected":false},"author":2,"featured_media":0,"parent":0,"menu_order":0,"comment_status":"closed","ping_status":"closed","template":"","meta":{"footnotes":""},"class_list":["post-339","page","type-page","status-publish","hentry"],"jetpack_sharing_enabled":true,"_links":{"self":[{"href":"https:\/\/www.tvwislig.ch\/index.php?rest_route=\/wp\/v2\/pages\/339","targetHints":{"allow":["GET"]}}],"collection":[{"href":"https:\/\/www.tvwislig.ch\/index.php?rest_route=\/wp\/v2\/pages"}],"about":[{"href":"https:\/\/www.tvwislig.ch\/index.php?rest_route=\/wp\/v2\/types\/page"}],"author":[{"embeddable":true,"href":"https:\/\/www.tvwislig.ch\/index.php?rest_route=\/wp\/v2\/users\/2"}],"replies":[{"embeddable":true,"href":"https:\/\/www.tvwislig.ch\/index.php?rest_route=%2Fwp%2Fv2%2Fcomments&post=339"}],"version-history":[{"count":24,"href":"https:\/\/www.tvwislig.ch\/index.php?rest_route=\/wp\/v2\/pages\/339\/revisions"}],"predecessor-version":[{"id":4531,"href":"https:\/\/www.tvwislig.ch\/index.php?rest_route=\/wp\/v2\/pages\/339\/revisions\/4531"}],"wp:attachment":[{"href":"https:\/\/www.tvwislig.ch\/index.php?rest_route=%2Fwp%2Fv2%2Fmedia&parent=339"}],"curies":[{"name":"wp","href":"https:\/\/api.w.org\/{rel}","templated":true}]}}