{"id":6217,"date":"2023-04-03T18:52:26","date_gmt":"2023-04-03T16:52:26","guid":{"rendered":"https:\/\/www.tvwislig.ch\/?page_id=6217"},"modified":"2023-04-03T18:52:29","modified_gmt":"2023-04-03T16:52:29","slug":"trainingsweekend-2023","status":"publish","type":"page","link":"https:\/\/www.tvwislig.ch\/?page_id=6217","title":{"rendered":"Trainingsweekend 2023"},"content":{"rendered":"\n<p>  <a href=\"https:\/\/www.tvwislig.ch\/?page_id=204\">zur\u00fcck zur \u00dcbersicht<\/a>   <\/p>\n\n\n<div class=\"foogallery foogallery-container foogallery-default foogallery-lightbox-foobox fg-gutter-10 fg-center fg-default fg-light fg-border-thin fg-shadow-outline fg-loading-default fg-loaded-fade-in fg-caption-hover fg-hover-fade fg-hover-zoom\" id=\"foogallery-gallery-6166\" data-foogallery=\"{&quot;item&quot;:{&quot;showCaptionTitle&quot;:true,&quot;showCaptionDescription&quot;:true},&quot;lazy&quot;:true,&quot;src&quot;:&quot;data-src-fg&quot;,&quot;srcset&quot;:&quot;data-srcset-fg&quot;}\" data-fg-common-fields=\"1\" >\r\n\t<div class=\"fg-item\"><figure class=\"fg-item-inner\"><a href=\"https:\/\/www.tvwislig.ch\/newwp\/wp-content\/uploads\/2023\/04\/P1080800.jpg\" data-attachment-id=\"6167\" class=\"fg-thumb\"><span class=\"fg-image-wrap\"><img width=\"150\" height=\"150\" data-src-fg=\"https:\/\/www.tvwislig.ch\/newwp\/wp-content\/uploads\/cache\/2023\/04\/P1080800\/2035229615.jpg\" class=\"fg-image\" \/><\/span><\/a><figcaption class=\"fg-caption\"><div class=\"fg-caption-inner\"><\/div><\/figcaption><\/figure><div class=\"fg-loader\"><\/div><\/div><div class=\"fg-item\"><figure class=\"fg-item-inner\"><a href=\"https:\/\/www.tvwislig.ch\/newwp\/wp-content\/uploads\/2023\/04\/P1080801.jpg\" data-attachment-id=\"6168\" class=\"fg-thumb\"><span class=\"fg-image-wrap\"><img width=\"150\" height=\"150\" data-src-fg=\"https:\/\/www.tvwislig.ch\/newwp\/wp-content\/uploads\/cache\/2023\/04\/P1080801\/2765978780.jpg\" class=\"fg-image\" \/><\/span><\/a><figcaption class=\"fg-caption\"><div class=\"fg-caption-inner\"><\/div><\/figcaption><\/figure><div class=\"fg-loader\"><\/div><\/div><div class=\"fg-item\"><figure class=\"fg-item-inner\"><a href=\"https:\/\/www.tvwislig.ch\/newwp\/wp-content\/uploads\/2023\/04\/P1080804-rotated.jpg\" data-attachment-id=\"6169\" class=\"fg-thumb\"><span class=\"fg-image-wrap\"><img width=\"150\" height=\"150\" data-src-fg=\"https:\/\/www.tvwislig.ch\/newwp\/wp-content\/uploads\/cache\/2023\/04\/P1080804-rotated\/3624744020.jpg\" class=\"fg-image\" \/><\/span><\/a><figcaption class=\"fg-caption\"><div class=\"fg-caption-inner\"><\/div><\/figcaption><\/figure><div class=\"fg-loader\"><\/div><\/div><div class=\"fg-item\"><figure class=\"fg-item-inner\"><a href=\"https:\/\/www.tvwislig.ch\/newwp\/wp-content\/uploads\/2023\/04\/P1080807-rotated.jpg\" data-attachment-id=\"6170\" class=\"fg-thumb\"><span class=\"fg-image-wrap\"><img width=\"150\" height=\"150\" data-src-fg=\"https:\/\/www.tvwislig.ch\/newwp\/wp-content\/uploads\/cache\/2023\/04\/P1080807-rotated\/114915039.jpg\" class=\"fg-image\" \/><\/span><\/a><figcaption class=\"fg-caption\"><div class=\"fg-caption-inner\"><\/div><\/figcaption><\/figure><div class=\"fg-loader\"><\/div><\/div><div class=\"fg-item\"><figure class=\"fg-item-inner\"><a href=\"https:\/\/www.tvwislig.ch\/newwp\/wp-content\/uploads\/2023\/04\/P1080808-rotated.jpg\" data-attachment-id=\"6171\" class=\"fg-thumb\"><span class=\"fg-image-wrap\"><img width=\"150\" height=\"150\" data-src-fg=\"https:\/\/www.tvwislig.ch\/newwp\/wp-content\/uploads\/cache\/2023\/04\/P1080808-rotated\/3470227744.jpg\" class=\"fg-image\" \/><\/span><\/a><figcaption class=\"fg-caption\"><div class=\"fg-caption-inner\"><\/div><\/figcaption><\/figure><div class=\"fg-loader\"><\/div><\/div><div class=\"fg-item\"><figure class=\"fg-item-inner\"><a href=\"https:\/\/www.tvwislig.ch\/newwp\/wp-content\/uploads\/2023\/04\/P1080809-rotated.jpg\" data-attachment-id=\"6172\" class=\"fg-thumb\"><span class=\"fg-image-wrap\"><img width=\"150\" height=\"150\" data-src-fg=\"https:\/\/www.tvwislig.ch\/newwp\/wp-content\/uploads\/cache\/2023\/04\/P1080809-rotated\/2878558718.jpg\" class=\"fg-image\" \/><\/span><\/a><figcaption class=\"fg-caption\"><div class=\"fg-caption-inner\"><\/div><\/figcaption><\/figure><div class=\"fg-loader\"><\/div><\/div><div class=\"fg-item\"><figure class=\"fg-item-inner\"><a href=\"https:\/\/www.tvwislig.ch\/newwp\/wp-content\/uploads\/2023\/04\/P1080810-rotated.jpg\" data-attachment-id=\"6173\" class=\"fg-thumb\"><span class=\"fg-image-wrap\"><img width=\"150\" height=\"150\" data-src-fg=\"https:\/\/www.tvwislig.ch\/newwp\/wp-content\/uploads\/cache\/2023\/04\/P1080810-rotated\/3081436326.jpg\" class=\"fg-image\" \/><\/span><\/a><figcaption class=\"fg-caption\"><div class=\"fg-caption-inner\"><\/div><\/figcaption><\/figure><div class=\"fg-loader\"><\/div><\/div><div class=\"fg-item\"><figure class=\"fg-item-inner\"><a href=\"https:\/\/www.tvwislig.ch\/newwp\/wp-content\/uploads\/2023\/04\/P1080811.jpg\" data-attachment-id=\"6174\" class=\"fg-thumb\"><span class=\"fg-image-wrap\"><img width=\"150\" height=\"150\" data-src-fg=\"https:\/\/www.tvwislig.ch\/newwp\/wp-content\/uploads\/cache\/2023\/04\/P1080811\/254593594.jpg\" class=\"fg-image\" \/><\/span><\/a><figcaption class=\"fg-caption\"><div class=\"fg-caption-inner\"><\/div><\/figcaption><\/figure><div class=\"fg-loader\"><\/div><\/div><div class=\"fg-item\"><figure class=\"fg-item-inner\"><a href=\"https:\/\/www.tvwislig.ch\/newwp\/wp-content\/uploads\/2023\/04\/P1080812.jpg\" data-attachment-id=\"6175\" class=\"fg-thumb\"><span class=\"fg-image-wrap\"><img width=\"150\" height=\"150\" data-src-fg=\"https:\/\/www.tvwislig.ch\/newwp\/wp-content\/uploads\/cache\/2023\/04\/P1080812\/4011285323.jpg\" class=\"fg-image\" \/><\/span><\/a><figcaption class=\"fg-caption\"><div class=\"fg-caption-inner\"><\/div><\/figcaption><\/figure><div class=\"fg-loader\"><\/div><\/div><div class=\"fg-item\"><figure class=\"fg-item-inner\"><a href=\"https:\/\/www.tvwislig.ch\/newwp\/wp-content\/uploads\/2023\/04\/P1080813.jpg\" data-attachment-id=\"6176\" class=\"fg-thumb\"><span class=\"fg-image-wrap\"><img width=\"150\" height=\"150\" data-src-fg=\"https:\/\/www.tvwislig.ch\/newwp\/wp-content\/uploads\/cache\/2023\/04\/P1080813\/2422268003.jpg\" class=\"fg-image\" \/><\/span><\/a><figcaption class=\"fg-caption\"><div class=\"fg-caption-inner\"><\/div><\/figcaption><\/figure><div class=\"fg-loader\"><\/div><\/div><div class=\"fg-item\"><figure class=\"fg-item-inner\"><a href=\"https:\/\/www.tvwislig.ch\/newwp\/wp-content\/uploads\/2023\/04\/P1080814.jpg\" data-attachment-id=\"6177\" class=\"fg-thumb\"><span class=\"fg-image-wrap\"><img width=\"150\" height=\"150\" data-src-fg=\"https:\/\/www.tvwislig.ch\/newwp\/wp-content\/uploads\/cache\/2023\/04\/P1080814\/4094787560.jpg\" class=\"fg-image\" \/><\/span><\/a><figcaption class=\"fg-caption\"><div class=\"fg-caption-inner\"><\/div><\/figcaption><\/figure><div class=\"fg-loader\"><\/div><\/div><div class=\"fg-item\"><figure class=\"fg-item-inner\"><a href=\"https:\/\/www.tvwislig.ch\/newwp\/wp-content\/uploads\/2023\/04\/P1080815-scaled.jpg\" data-attachment-id=\"6178\" class=\"fg-thumb\"><span class=\"fg-image-wrap\"><img width=\"150\" height=\"150\" data-src-fg=\"https:\/\/www.tvwislig.ch\/newwp\/wp-content\/uploads\/cache\/2023\/04\/P1080815-scaled\/2636311652.jpg\" class=\"fg-image\" \/><\/span><\/a><figcaption class=\"fg-caption\"><div class=\"fg-caption-inner\"><\/div><\/figcaption><\/figure><div class=\"fg-loader\"><\/div><\/div><div class=\"fg-item\"><figure class=\"fg-item-inner\"><a href=\"https:\/\/www.tvwislig.ch\/newwp\/wp-content\/uploads\/2023\/04\/P1080816-scaled.jpg\" data-attachment-id=\"6179\" class=\"fg-thumb\"><span class=\"fg-image-wrap\"><img width=\"150\" height=\"150\" data-src-fg=\"https:\/\/www.tvwislig.ch\/newwp\/wp-content\/uploads\/cache\/2023\/04\/P1080816-scaled\/25770674.jpg\" class=\"fg-image\" \/><\/span><\/a><figcaption class=\"fg-caption\"><div class=\"fg-caption-inner\"><\/div><\/figcaption><\/figure><div class=\"fg-loader\"><\/div><\/div><div class=\"fg-item\"><figure class=\"fg-item-inner\"><a href=\"https:\/\/www.tvwislig.ch\/newwp\/wp-content\/uploads\/2023\/04\/P1080817-scaled.jpg\" data-attachment-id=\"6180\" class=\"fg-thumb\"><span class=\"fg-image-wrap\"><img width=\"150\" height=\"150\" data-src-fg=\"https:\/\/www.tvwislig.ch\/newwp\/wp-content\/uploads\/cache\/2023\/04\/P1080817-scaled\/3511418362.jpg\" class=\"fg-image\" \/><\/span><\/a><figcaption class=\"fg-caption\"><div class=\"fg-caption-inner\"><\/div><\/figcaption><\/figure><div class=\"fg-loader\"><\/div><\/div><div class=\"fg-item\"><figure class=\"fg-item-inner\"><a href=\"https:\/\/www.tvwislig.ch\/newwp\/wp-content\/uploads\/2023\/04\/P1080818-scaled.jpg\" data-attachment-id=\"6181\" class=\"fg-thumb\"><span class=\"fg-image-wrap\"><img width=\"150\" height=\"150\" data-src-fg=\"https:\/\/www.tvwislig.ch\/newwp\/wp-content\/uploads\/cache\/2023\/04\/P1080818-scaled\/135627464.jpg\" class=\"fg-image\" \/><\/span><\/a><figcaption class=\"fg-caption\"><div class=\"fg-caption-inner\"><\/div><\/figcaption><\/figure><div class=\"fg-loader\"><\/div><\/div><div class=\"fg-item\"><figure class=\"fg-item-inner\"><a href=\"https:\/\/www.tvwislig.ch\/newwp\/wp-content\/uploads\/2023\/04\/P1080819-scaled.jpg\" data-attachment-id=\"6182\" class=\"fg-thumb\"><span class=\"fg-image-wrap\"><img width=\"150\" height=\"150\" data-src-fg=\"https:\/\/www.tvwislig.ch\/newwp\/wp-content\/uploads\/cache\/2023\/04\/P1080819-scaled\/4242840208.jpg\" class=\"fg-image\" \/><\/span><\/a><figcaption class=\"fg-caption\"><div class=\"fg-caption-inner\"><\/div><\/figcaption><\/figure><div class=\"fg-loader\"><\/div><\/div><div class=\"fg-item\"><figure class=\"fg-item-inner\"><a href=\"https:\/\/www.tvwislig.ch\/newwp\/wp-content\/uploads\/2023\/04\/P1080820-scaled.jpg\" data-attachment-id=\"6183\" class=\"fg-thumb\"><span class=\"fg-image-wrap\"><img width=\"150\" height=\"150\" data-src-fg=\"https:\/\/www.tvwislig.ch\/newwp\/wp-content\/uploads\/cache\/2023\/04\/P1080820-scaled\/780699042.jpg\" class=\"fg-image\" \/><\/span><\/a><figcaption class=\"fg-caption\"><div class=\"fg-caption-inner\"><\/div><\/figcaption><\/figure><div class=\"fg-loader\"><\/div><\/div><div class=\"fg-item\"><figure class=\"fg-item-inner\"><a href=\"https:\/\/www.tvwislig.ch\/newwp\/wp-content\/uploads\/2023\/04\/P1080821-scaled.jpg\" data-attachment-id=\"6184\" class=\"fg-thumb\"><span class=\"fg-image-wrap\"><img width=\"150\" height=\"150\" data-src-fg=\"https:\/\/www.tvwislig.ch\/newwp\/wp-content\/uploads\/cache\/2023\/04\/P1080821-scaled\/2159043973.jpg\" class=\"fg-image\" \/><\/span><\/a><figcaption class=\"fg-caption\"><div class=\"fg-caption-inner\"><\/div><\/figcaption><\/figure><div class=\"fg-loader\"><\/div><\/div><div class=\"fg-item\"><figure class=\"fg-item-inner\"><a href=\"https:\/\/www.tvwislig.ch\/newwp\/wp-content\/uploads\/2023\/04\/P1080822-scaled.jpg\" data-attachment-id=\"6185\" class=\"fg-thumb\"><span class=\"fg-image-wrap\"><img width=\"150\" height=\"150\" data-src-fg=\"https:\/\/www.tvwislig.ch\/newwp\/wp-content\/uploads\/cache\/2023\/04\/P1080822-scaled\/471577427.jpg\" class=\"fg-image\" \/><\/span><\/a><figcaption class=\"fg-caption\"><div class=\"fg-caption-inner\"><\/div><\/figcaption><\/figure><div class=\"fg-loader\"><\/div><\/div><div class=\"fg-item\"><figure class=\"fg-item-inner\"><a href=\"https:\/\/www.tvwislig.ch\/newwp\/wp-content\/uploads\/2023\/04\/P1080823-scaled.jpg\" data-attachment-id=\"6186\" class=\"fg-thumb\"><span class=\"fg-image-wrap\"><img width=\"150\" height=\"150\" data-src-fg=\"https:\/\/www.tvwislig.ch\/newwp\/wp-content\/uploads\/cache\/2023\/04\/P1080823-scaled\/3907693323.jpg\" class=\"fg-image\" \/><\/span><\/a><figcaption class=\"fg-caption\"><div class=\"fg-caption-inner\"><\/div><\/figcaption><\/figure><div class=\"fg-loader\"><\/div><\/div><div class=\"fg-item\"><figure class=\"fg-item-inner\"><a href=\"https:\/\/www.tvwislig.ch\/newwp\/wp-content\/uploads\/2023\/04\/P1080824-scaled.jpg\" data-attachment-id=\"6187\" class=\"fg-thumb\"><span class=\"fg-image-wrap\"><img width=\"150\" height=\"150\" data-src-fg=\"https:\/\/www.tvwislig.ch\/newwp\/wp-content\/uploads\/cache\/2023\/04\/P1080824-scaled\/4265416894.jpg\" class=\"fg-image\" \/><\/span><\/a><figcaption class=\"fg-caption\"><div class=\"fg-caption-inner\"><\/div><\/figcaption><\/figure><div class=\"fg-loader\"><\/div><\/div><div class=\"fg-item\"><figure class=\"fg-item-inner\"><a href=\"https:\/\/www.tvwislig.ch\/newwp\/wp-content\/uploads\/2023\/04\/P1080825-scaled.jpg\" data-attachment-id=\"6188\" class=\"fg-thumb\"><span class=\"fg-image-wrap\"><img width=\"150\" height=\"150\" data-src-fg=\"https:\/\/www.tvwislig.ch\/newwp\/wp-content\/uploads\/cache\/2023\/04\/P1080825-scaled\/3851815015.jpg\" class=\"fg-image\" \/><\/span><\/a><figcaption class=\"fg-caption\"><div class=\"fg-caption-inner\"><\/div><\/figcaption><\/figure><div class=\"fg-loader\"><\/div><\/div><div class=\"fg-item\"><figure class=\"fg-item-inner\"><a href=\"https:\/\/www.tvwislig.ch\/newwp\/wp-content\/uploads\/2023\/04\/P1080826-scaled.jpg\" data-attachment-id=\"6189\" class=\"fg-thumb\"><span class=\"fg-image-wrap\"><img width=\"150\" height=\"150\" data-src-fg=\"https:\/\/www.tvwislig.ch\/newwp\/wp-content\/uploads\/cache\/2023\/04\/P1080826-scaled\/2034097841.jpg\" class=\"fg-image\" \/><\/span><\/a><figcaption class=\"fg-caption\"><div class=\"fg-caption-inner\"><\/div><\/figcaption><\/figure><div class=\"fg-loader\"><\/div><\/div><div class=\"fg-item\"><figure class=\"fg-item-inner\"><a href=\"https:\/\/www.tvwislig.ch\/newwp\/wp-content\/uploads\/2023\/04\/P1080827-scaled.jpg\" data-attachment-id=\"6190\" class=\"fg-thumb\"><span class=\"fg-image-wrap\"><img width=\"150\" height=\"150\" data-src-fg=\"https:\/\/www.tvwislig.ch\/newwp\/wp-content\/uploads\/cache\/2023\/04\/P1080827-scaled\/3194429901.jpg\" class=\"fg-image\" \/><\/span><\/a><figcaption class=\"fg-caption\"><div class=\"fg-caption-inner\"><\/div><\/figcaption><\/figure><div class=\"fg-loader\"><\/div><\/div><div class=\"fg-item\"><figure class=\"fg-item-inner\"><a href=\"https:\/\/www.tvwislig.ch\/newwp\/wp-content\/uploads\/2023\/04\/P1080828-scaled.jpg\" data-attachment-id=\"6191\" class=\"fg-thumb\"><span class=\"fg-image-wrap\"><img width=\"150\" height=\"150\" data-src-fg=\"https:\/\/www.tvwislig.ch\/newwp\/wp-content\/uploads\/cache\/2023\/04\/P1080828-scaled\/1731813119.jpg\" class=\"fg-image\" \/><\/span><\/a><figcaption class=\"fg-caption\"><div class=\"fg-caption-inner\"><\/div><\/figcaption><\/figure><div class=\"fg-loader\"><\/div><\/div><div class=\"fg-item\"><figure class=\"fg-item-inner\"><a href=\"https:\/\/www.tvwislig.ch\/newwp\/wp-content\/uploads\/2023\/04\/P1080829-scaled.jpg\" data-attachment-id=\"6192\" class=\"fg-thumb\"><span class=\"fg-image-wrap\"><img width=\"150\" height=\"150\" data-src-fg=\"https:\/\/www.tvwislig.ch\/newwp\/wp-content\/uploads\/cache\/2023\/04\/P1080829-scaled\/2479376039.jpg\" class=\"fg-image\" \/><\/span><\/a><figcaption class=\"fg-caption\"><div class=\"fg-caption-inner\"><\/div><\/figcaption><\/figure><div class=\"fg-loader\"><\/div><\/div><div class=\"fg-item\"><figure class=\"fg-item-inner\"><a href=\"https:\/\/www.tvwislig.ch\/newwp\/wp-content\/uploads\/2023\/04\/P1080830-scaled.jpg\" data-attachment-id=\"6194\" class=\"fg-thumb\"><span class=\"fg-image-wrap\"><img width=\"150\" height=\"150\" data-src-fg=\"https:\/\/www.tvwislig.ch\/newwp\/wp-content\/uploads\/cache\/2023\/04\/P1080830-scaled\/3519498041.jpg\" class=\"fg-image\" \/><\/span><\/a><figcaption class=\"fg-caption\"><div class=\"fg-caption-inner\"><\/div><\/figcaption><\/figure><div class=\"fg-loader\"><\/div><\/div><div class=\"fg-item\"><figure class=\"fg-item-inner\"><a href=\"https:\/\/www.tvwislig.ch\/newwp\/wp-content\/uploads\/2023\/04\/P1080831-scaled.jpg\" data-attachment-id=\"6195\" class=\"fg-thumb\"><span class=\"fg-image-wrap\"><img width=\"150\" height=\"150\" data-src-fg=\"https:\/\/www.tvwislig.ch\/newwp\/wp-content\/uploads\/cache\/2023\/04\/P1080831-scaled\/3857326206.jpg\" class=\"fg-image\" \/><\/span><\/a><figcaption class=\"fg-caption\"><div class=\"fg-caption-inner\"><\/div><\/figcaption><\/figure><div class=\"fg-loader\"><\/div><\/div><div class=\"fg-item\"><figure class=\"fg-item-inner\"><a href=\"https:\/\/www.tvwislig.ch\/newwp\/wp-content\/uploads\/2023\/04\/P1080832-scaled.jpg\" data-attachment-id=\"6196\" class=\"fg-thumb\"><span class=\"fg-image-wrap\"><img width=\"150\" height=\"150\" data-src-fg=\"https:\/\/www.tvwislig.ch\/newwp\/wp-content\/uploads\/cache\/2023\/04\/P1080832-scaled\/3114109367.jpg\" class=\"fg-image\" \/><\/span><\/a><figcaption class=\"fg-caption\"><div class=\"fg-caption-inner\"><\/div><\/figcaption><\/figure><div class=\"fg-loader\"><\/div><\/div><div class=\"fg-item\"><figure class=\"fg-item-inner\"><a href=\"https:\/\/www.tvwislig.ch\/newwp\/wp-content\/uploads\/2023\/04\/P1080833-scaled.jpg\" data-attachment-id=\"6197\" class=\"fg-thumb\"><span class=\"fg-image-wrap\"><img width=\"150\" height=\"150\" data-src-fg=\"https:\/\/www.tvwislig.ch\/newwp\/wp-content\/uploads\/cache\/2023\/04\/P1080833-scaled\/2377182960.jpg\" class=\"fg-image\" \/><\/span><\/a><figcaption class=\"fg-caption\"><div class=\"fg-caption-inner\"><\/div><\/figcaption><\/figure><div class=\"fg-loader\"><\/div><\/div><div class=\"fg-item\"><figure class=\"fg-item-inner\"><a href=\"https:\/\/www.tvwislig.ch\/newwp\/wp-content\/uploads\/2023\/04\/P1080834-scaled.jpg\" data-attachment-id=\"6198\" class=\"fg-thumb\"><span class=\"fg-image-wrap\"><img width=\"150\" height=\"150\" data-src-fg=\"https:\/\/www.tvwislig.ch\/newwp\/wp-content\/uploads\/cache\/2023\/04\/P1080834-scaled\/3034655451.jpg\" class=\"fg-image\" \/><\/span><\/a><figcaption class=\"fg-caption\"><div class=\"fg-caption-inner\"><\/div><\/figcaption><\/figure><div class=\"fg-loader\"><\/div><\/div><div class=\"fg-item\"><figure class=\"fg-item-inner\"><a href=\"https:\/\/www.tvwislig.ch\/newwp\/wp-content\/uploads\/2023\/04\/P1080835-scaled.jpg\" data-attachment-id=\"6199\" class=\"fg-thumb\"><span class=\"fg-image-wrap\"><img width=\"150\" height=\"150\" data-src-fg=\"https:\/\/www.tvwislig.ch\/newwp\/wp-content\/uploads\/cache\/2023\/04\/P1080835-scaled\/2160872860.jpg\" class=\"fg-image\" \/><\/span><\/a><figcaption class=\"fg-caption\"><div class=\"fg-caption-inner\"><\/div><\/figcaption><\/figure><div class=\"fg-loader\"><\/div><\/div><div class=\"fg-item\"><figure class=\"fg-item-inner\"><a href=\"https:\/\/www.tvwislig.ch\/newwp\/wp-content\/uploads\/2023\/04\/P1080836-scaled.jpg\" data-attachment-id=\"6200\" class=\"fg-thumb\"><span class=\"fg-image-wrap\"><img width=\"150\" height=\"150\" data-src-fg=\"https:\/\/www.tvwislig.ch\/newwp\/wp-content\/uploads\/cache\/2023\/04\/P1080836-scaled\/1393049378.jpg\" class=\"fg-image\" \/><\/span><\/a><figcaption class=\"fg-caption\"><div class=\"fg-caption-inner\"><\/div><\/figcaption><\/figure><div class=\"fg-loader\"><\/div><\/div><div class=\"fg-item\"><figure class=\"fg-item-inner\"><a href=\"https:\/\/www.tvwislig.ch\/newwp\/wp-content\/uploads\/2023\/04\/P1080837-scaled.jpg\" data-attachment-id=\"6201\" class=\"fg-thumb\"><span class=\"fg-image-wrap\"><img width=\"150\" height=\"150\" data-src-fg=\"https:\/\/www.tvwislig.ch\/newwp\/wp-content\/uploads\/cache\/2023\/04\/P1080837-scaled\/1730500709.jpg\" class=\"fg-image\" \/><\/span><\/a><figcaption class=\"fg-caption\"><div class=\"fg-caption-inner\"><\/div><\/figcaption><\/figure><div class=\"fg-loader\"><\/div><\/div><div class=\"fg-item\"><figure class=\"fg-item-inner\"><a href=\"https:\/\/www.tvwislig.ch\/newwp\/wp-content\/uploads\/2023\/04\/P1080838-scaled.jpg\" data-attachment-id=\"6202\" class=\"fg-thumb\"><span class=\"fg-image-wrap\"><img width=\"150\" height=\"150\" data-src-fg=\"https:\/\/www.tvwislig.ch\/newwp\/wp-content\/uploads\/cache\/2023\/04\/P1080838-scaled\/2124896328.jpg\" class=\"fg-image\" \/><\/span><\/a><figcaption class=\"fg-caption\"><div class=\"fg-caption-inner\"><\/div><\/figcaption><\/figure><div class=\"fg-loader\"><\/div><\/div><div class=\"fg-item\"><figure class=\"fg-item-inner\"><a href=\"https:\/\/www.tvwislig.ch\/newwp\/wp-content\/uploads\/2023\/04\/P1080839-scaled.jpg\" data-attachment-id=\"6203\" class=\"fg-thumb\"><span class=\"fg-image-wrap\"><img width=\"150\" height=\"150\" data-src-fg=\"https:\/\/www.tvwislig.ch\/newwp\/wp-content\/uploads\/cache\/2023\/04\/P1080839-scaled\/1250574095.jpg\" class=\"fg-image\" \/><\/span><\/a><figcaption class=\"fg-caption\"><div class=\"fg-caption-inner\"><\/div><\/figcaption><\/figure><div class=\"fg-loader\"><\/div><\/div><div class=\"fg-item\"><figure class=\"fg-item-inner\"><a href=\"https:\/\/www.tvwislig.ch\/newwp\/wp-content\/uploads\/2023\/04\/P1080840-scaled.jpg\" data-attachment-id=\"6204\" class=\"fg-thumb\"><span class=\"fg-image-wrap\"><img width=\"150\" height=\"150\" data-src-fg=\"https:\/\/www.tvwislig.ch\/newwp\/wp-content\/uploads\/cache\/2023\/04\/P1080840-scaled\/3603098586.jpg\" class=\"fg-image\" \/><\/span><\/a><figcaption class=\"fg-caption\"><div class=\"fg-caption-inner\"><\/div><\/figcaption><\/figure><div class=\"fg-loader\"><\/div><\/div><div class=\"fg-item\"><figure class=\"fg-item-inner\"><a href=\"https:\/\/www.tvwislig.ch\/newwp\/wp-content\/uploads\/2023\/04\/P1080841-scaled.jpg\" data-attachment-id=\"6205\" class=\"fg-thumb\"><span class=\"fg-image-wrap\"><img width=\"150\" height=\"150\" data-src-fg=\"https:\/\/www.tvwislig.ch\/newwp\/wp-content\/uploads\/cache\/2023\/04\/P1080841-scaled\/3807349917.jpg\" class=\"fg-image\" \/><\/span><\/a><figcaption class=\"fg-caption\"><div class=\"fg-caption-inner\"><\/div><\/figcaption><\/figure><div class=\"fg-loader\"><\/div><\/div><div class=\"fg-item\"><figure class=\"fg-item-inner\"><a href=\"https:\/\/www.tvwislig.ch\/newwp\/wp-content\/uploads\/2023\/04\/P1080842-scaled.jpg\" data-attachment-id=\"6206\" class=\"fg-thumb\"><span class=\"fg-image-wrap\"><img width=\"150\" height=\"150\" data-src-fg=\"https:\/\/www.tvwislig.ch\/newwp\/wp-content\/uploads\/cache\/2023\/04\/P1080842-scaled\/3197642068.jpg\" class=\"fg-image\" \/><\/span><\/a><figcaption class=\"fg-caption\"><div class=\"fg-caption-inner\"><\/div><\/figcaption><\/figure><div class=\"fg-loader\"><\/div><\/div><div class=\"fg-item\"><figure class=\"fg-item-inner\"><a href=\"https:\/\/www.tvwislig.ch\/newwp\/wp-content\/uploads\/2023\/04\/P1080843-scaled.jpg\" data-attachment-id=\"6207\" class=\"fg-thumb\"><span class=\"fg-image-wrap\"><img width=\"150\" height=\"150\" data-src-fg=\"https:\/\/www.tvwislig.ch\/newwp\/wp-content\/uploads\/cache\/2023\/04\/P1080843-scaled\/2327134739.jpg\" class=\"fg-image\" \/><\/span><\/a><figcaption class=\"fg-caption\"><div class=\"fg-caption-inner\"><\/div><\/figcaption><\/figure><div class=\"fg-loader\"><\/div><\/div><div class=\"fg-item\"><figure class=\"fg-item-inner\"><a href=\"https:\/\/www.tvwislig.ch\/newwp\/wp-content\/uploads\/2023\/04\/P1080844-scaled.jpg\" data-attachment-id=\"6208\" class=\"fg-thumb\"><span class=\"fg-image-wrap\"><img width=\"150\" height=\"150\" data-src-fg=\"https:\/\/www.tvwislig.ch\/newwp\/wp-content\/uploads\/cache\/2023\/04\/P1080844-scaled\/3018098232.jpg\" class=\"fg-image\" \/><\/span><\/a><figcaption class=\"fg-caption\"><div class=\"fg-caption-inner\"><\/div><\/figcaption><\/figure><div class=\"fg-loader\"><\/div><\/div><div class=\"fg-item\"><figure class=\"fg-item-inner\"><a href=\"https:\/\/www.tvwislig.ch\/newwp\/wp-content\/uploads\/2023\/04\/P1080845-scaled.jpg\" data-attachment-id=\"6209\" class=\"fg-thumb\"><span class=\"fg-image-wrap\"><img width=\"150\" height=\"150\" data-src-fg=\"https:\/\/www.tvwislig.ch\/newwp\/wp-content\/uploads\/cache\/2023\/04\/P1080845-scaled\/2278154623.jpg\" class=\"fg-image\" \/><\/span><\/a><figcaption class=\"fg-caption\"><div class=\"fg-caption-inner\"><\/div><\/figcaption><\/figure><div class=\"fg-loader\"><\/div><\/div><div class=\"fg-item\"><figure class=\"fg-item-inner\"><a href=\"https:\/\/www.tvwislig.ch\/newwp\/wp-content\/uploads\/2023\/04\/P1080846-scaled.jpg\" data-attachment-id=\"6210\" class=\"fg-thumb\"><span class=\"fg-image-wrap\"><img width=\"150\" height=\"150\" data-src-fg=\"https:\/\/www.tvwislig.ch\/newwp\/wp-content\/uploads\/cache\/2023\/04\/P1080846-scaled\/3893735314.jpg\" class=\"fg-image\" \/><\/span><\/a><figcaption class=\"fg-caption\"><div class=\"fg-caption-inner\"><\/div><\/figcaption><\/figure><div class=\"fg-loader\"><\/div><\/div><div class=\"fg-item\"><figure class=\"fg-item-inner\"><a href=\"https:\/\/www.tvwislig.ch\/newwp\/wp-content\/uploads\/2023\/04\/P1080847-scaled.jpg\" data-attachment-id=\"6211\" class=\"fg-thumb\"><span class=\"fg-image-wrap\"><img width=\"150\" height=\"150\" data-src-fg=\"https:\/\/www.tvwislig.ch\/newwp\/wp-content\/uploads\/cache\/2023\/04\/P1080847-scaled\/3694708949.jpg\" class=\"fg-image\" \/><\/span><\/a><figcaption class=\"fg-caption\"><div class=\"fg-caption-inner\"><\/div><\/figcaption><\/figure><div class=\"fg-loader\"><\/div><\/div><div class=\"fg-item\"><figure class=\"fg-item-inner\"><a href=\"https:\/\/www.tvwislig.ch\/newwp\/wp-content\/uploads\/2023\/04\/P1080848-scaled.jpg\" data-attachment-id=\"6213\" class=\"fg-thumb\"><span class=\"fg-image-wrap\"><img width=\"150\" height=\"150\" data-src-fg=\"https:\/\/www.tvwislig.ch\/newwp\/wp-content\/uploads\/cache\/2023\/04\/P1080848-scaled\/1215067223.jpg\" class=\"fg-image\" \/><\/span><\/a><figcaption class=\"fg-caption\"><div class=\"fg-caption-inner\"><\/div><\/figcaption><\/figure><div class=\"fg-loader\"><\/div><\/div><div class=\"fg-item\"><figure class=\"fg-item-inner\"><a href=\"https:\/\/www.tvwislig.ch\/newwp\/wp-content\/uploads\/2023\/04\/P1080849-scaled.jpg\" data-attachment-id=\"6214\" class=\"fg-thumb\"><span class=\"fg-image-wrap\"><img width=\"150\" height=\"150\" data-src-fg=\"https:\/\/www.tvwislig.ch\/newwp\/wp-content\/uploads\/cache\/2023\/04\/P1080849-scaled\/3864302704.jpg\" class=\"fg-image\" \/><\/span><\/a><figcaption class=\"fg-caption\"><div class=\"fg-caption-inner\"><\/div><\/figcaption><\/figure><div class=\"fg-loader\"><\/div><\/div><\/div>\r\n\n\n\n\n<p>  <a href=\"https:\/\/www.tvwislig.ch\/?page_id=204\">zur\u00fcck zur \u00dcbersicht<\/a>   <\/p>\n","protected":false},"excerpt":{"rendered":"<p>zur\u00fcck zur \u00dcbersicht zur\u00fcck zur \u00dcbersicht<\/p>\n","protected":false},"author":6,"featured_media":0,"parent":204,"menu_order":0,"comment_status":"closed","ping_status":"closed","template":"","meta":{"footnotes":""},"class_list":["post-6217","page","type-page","status-publish","hentry"],"jetpack_sharing_enabled":true,"_links":{"self":[{"href":"https:\/\/www.tvwislig.ch\/index.php?rest_route=\/wp\/v2\/pages\/6217","targetHints":{"allow":["GET"]}}],"collection":[{"href":"https:\/\/www.tvwislig.ch\/index.php?rest_route=\/wp\/v2\/pages"}],"about":[{"href":"https:\/\/www.tvwislig.ch\/index.php?rest_route=\/wp\/v2\/types\/page"}],"author":[{"embeddable":true,"href":"https:\/\/www.tvwislig.ch\/index.php?rest_route=\/wp\/v2\/users\/6"}],"replies":[{"embeddable":true,"href":"https:\/\/www.tvwislig.ch\/index.php?rest_route=%2Fwp%2Fv2%2Fcomments&post=6217"}],"version-history":[{"count":1,"href":"https:\/\/www.tvwislig.ch\/index.php?rest_route=\/wp\/v2\/pages\/6217\/revisions"}],"predecessor-version":[{"id":6218,"href":"https:\/\/www.tvwislig.ch\/index.php?rest_route=\/wp\/v2\/pages\/6217\/revisions\/6218"}],"up":[{"embeddable":true,"href":"https:\/\/www.tvwislig.ch\/index.php?rest_route=\/wp\/v2\/pages\/204"}],"wp:attachment":[{"href":"https:\/\/www.tvwislig.ch\/index.php?rest_route=%2Fwp%2Fv2%2Fmedia&parent=6217"}],"curies":[{"name":"wp","href":"https:\/\/api.w.org\/{rel}","templated":true}]}}