{"id":6736,"date":"2024-02-20T15:54:33","date_gmt":"2024-02-20T14:54:33","guid":{"rendered":"https:\/\/www.tvwislig.ch\/?page_id=6736"},"modified":"2025-01-07T16:13:29","modified_gmt":"2025-01-07T15:13:29","slug":"2024-2","status":"publish","type":"page","link":"https:\/\/www.tvwislig.ch\/?page_id=6736","title":{"rendered":"2024"},"content":{"rendered":"\n<p class=\"has-text-color has-cyan-bluish-gray-color\"><strong>Turnfahrt 2024<\/strong><\/p>\n\n\n\n<p class=\"has-text-color has-cyan-bluish-gray-color\">Die diesj\u00e4hrige Turnfahrt konnte p\u00fcnktlich um 07:07 Uhr mit\ndem Postauto an der Bushaltestelle Weisslingen Dorf Richtung Fehraltorf\ngestartet werden. Von Fehraltorf ging es weiter mit dem Ersatzbus nach\nWetzikon. Wie man den Turnverein kennt, konnte man nat\u00fcrlich nicht darauf\nverzichten 1-2 Biere w\u00e4hrend der Fahrt zu nehmen. Von Wetzikon ging es weiter\n\u00fcber Rapperswil-Jona nach Kaltbrunn mit dem Zug. Wie es sich geh\u00f6rt, musste man\nnat\u00fcrlich auch mal das eine oder andere Pl\u00e4ttchen herrichten. Damit man nicht\nnur Bier und eigenen Proviant auf der Reise hat sorgte der TSST daf\u00fcr, dass wir\nauch ordentlich mit Wein und gen\u00fcgend Essen zugedeckt waren. <\/p>\n\n\n\n<p class=\"has-text-color has-cyan-bluish-gray-color\">Ab Kaltbrunn ging es mit dem Bus in die Berge, wo der Fahrer\ndabei wohl nicht wusste wo er uns rauslassen sollte. So ging es wieder ein\nwenig zur\u00fcck bis vor die Beiz, an der wir eigentlich aussteigen sollten. Bei\ndiesem ersten Zwischenstopp konnten wir mit dem ein oder anderen Kafi Luz\nunsere K\u00f6rper aufw\u00e4rmen w\u00e4hrend andere lieber, dass \u00f6rtliche Bier degustierten.\nKurz darauf kam auch die Polizei zu Besuch in der Beiz und es wurden ein paar\nWorte gewechselt. Wir verblieben noch ein wenig bei ein paar Kartenspielen und\nbrachen schliesslich auf, um die erste Etappe zu bew\u00e4ltigen. &nbsp;Als wir aufbrachen, hatte es Robin wohl\nbesonders eilig aus unserem Funkloch zu kommen und setzte sich schnell an die\nSpitze unserer gut gelaunten Truppe. Nach wenigem wandern trafen wir dann auch\nschon auf den ersten Schnee. Nun ging es in einer weissen Landschaft zur\nn\u00e4chsten Alp.<\/p>\n\n\n\n<p class=\"has-text-color has-cyan-bluish-gray-color\">Auf der oberen Ross Alp angekommen verpflegten wir uns mit\neiner sehr feinen Suppe Da es leider nicht funktioniert hat die Ch\u00e4s-H\u00f6rnli\nvorzubestellen. Da jemand es nicht belassen konnte \u00fcber die schlechte\nInternetverbindung zu l\u00e4stern wurde kurzerhand, nachdem er auf das WC ging die\nT\u00fcre verschlossen. Da er nicht durch die T\u00fcr reinkam versuchte man es beim\nFenster was dann ein bisschen auf die Finger ging. Wir w\u00e4rmten uns noch bei ein\npaar Jass Runden mit Getr\u00e4nken und der W\u00e4rme von drinnen auf und brachen zur 2.\nEtappe auf.<\/p>\n\n\n\n<p class=\"has-text-color has-cyan-bluish-gray-color\">Weiter ging es in Reih und Glied da es nun fast keinen Weg\nmehr gab ging der Truppenf\u00fchrer voraus. Als wir dann weiter dem Wegweiser\nfolgten, stellte sich bald heraus, dass der Weg, dem wir folgten von K\u00fchen\nerstellt wurde. Dies bemerkten wir sp\u00e4testens als wir in einer Sackgasse\nlandeten. Nach neuer Orientierung liefen wir zur\u00fcck wobei ein paar lieber Kind\nsein wollten und den Hang hinunterrutschten. Danach ging es fr\u00f6hlich weiter.\nAls man dann kurz vor dem letzten Zwischenstopp war, dachte jemand man m\u00fcsse\nden 1. August nochmals nachfeiern. Als wir dann endlich im B\u00fctz ankamen, war\neine Person wohl ein bisschen \u00fcberm\u00fcdet und erholte sich von den strengen\nStrapazen im Stall. W\u00e4hrenddessen st\u00e4rkten sich die anderen mit hausgemachtem\nKuchen und W\u00e4he und einem sehr starken und heissen Glasstiefel Luz. Kurz darauf\nkam eine weitere Wandergruppe dazu mit der man dann auch eine gute Runde\ngejasst hat. Philipp dachte wohl es w\u00e4re unser Endziel und nahm wohl ein Glas zu\nviel zu sich. Als man dann weiter ging, warnte der H\u00fcttenwart, dass es noch\nriskante Stellen auf dem letzten Abschnitt gibt. Hier ging es am h\u00f6chsten\nhinauf jedoch dann schnell mit ein paar Abk\u00fcrzungen zu unserer Unterkunft in\ndie Oberch\u00e4sere.<\/p>\n\n\n\n<p class=\"has-text-color has-cyan-bluish-gray-color\">W\u00e4hrend im Lauf der Zeit langsam alle ankamen fand es\nPhilipp anscheinend im Schnee sehr bequem, um kurz zu verschnaufen, um dies\ndann wenige Meter sp\u00e4ter zu wiederholen. Jedoch wurde schnell ein Gegenmittel\ndaf\u00fcr gefunden (eingelegten Knoblauch) dies wirkte anscheinend wahre Wunder.\nMit Hilfe haben es dann auch die letzten in die Unterkunft geschafft und\nmachten es unteranderem auf vorhandenen Ofenb\u00e4nkli bequem. F\u00fcr das Abendessen\ngab Suppe und \u00c4lplermakkaronen. Danach machten es sich 2 auf und unter dem\nOfenb\u00e4nkli bequem, um die Augen auszuruhen. Jedoch konnte jemand die H\u00e4nde\nnicht bei sich behalten, um diese ein bisschen zu \u00e4rgern. Danach konnte man\ndann auch den Abend mit ein paar guten Flaschen aus der Region ausklingen\nlassen.<\/p>\n\n\n\n<p class=\"has-text-color has-cyan-bluish-gray-color\">F\u00fcr die U25 ging es am Sonntagmorgen nach einem guten\nFr\u00fchst\u00fcck noch kurz auf den Speer mit einem guten Gipfelwein. Jedoch kamen\nnicht alle mit darum wurden diese im Gipfelbuch daf\u00fcr verewigt. Als man dann\nzur\u00fcckkam, durften noch 4 helfen einen Brunnen reinzutragen. F\u00fcr die Hilfe gab\nes dann auch eine kleine Belohnung.<\/p>\n\n\n\n<p class=\"has-text-color has-cyan-bluish-gray-color\">Als alle zusammengepackt haben, ging es dann langsam ins Tal\nhinunter. Unterwegs machten wir dann eine Mittagspause und erl\u00f6sten uns von dem\nletzten Proviant vom TSST. Auch wurde endlich das Fondue hergerichtet mit extra\nviel Knoblauch einige hatten daran allerdings nicht so Freude. Da man das\nFondue schnell aufgegessen hat versuchte man nun noch ein Fondue \u00e0 la TV Wislig\nzu machen was auch klappte durch die hervorragenden Kochk\u00fcnste von Gautschi der\ngenau wusste wieviel Weisswein in ein gutes Fondue geh\u00f6rte.<\/p>\n\n\n\n<p class=\"has-text-color has-cyan-bluish-gray-color\">Nach der Pause ging es weiter in die n\u00e4chste Beiz. Dort\nkonnten wir Zeuge werden, wie man durch einen kleinen Deal schnell an ein\nmotorisiertes Fahrzeug gelangen kann. Die Zimmerm\u00e4nner unter uns hatten jedoch\netwas anderes im Auge da das Vordach sehr vertrauensw\u00fcrdig und professionell\naussah konnten sie nur wenige M\u00e4kel feststellen. Was jedoch besonders\nherausstach war das Scharnier, dass 2 Dachlatten \u00fcber unseren K\u00f6pfen\nzusammenhielt. Nachdem wir uns gest\u00e4rkt hatten, ging es weiter mit dem Trottinette,\nwobei einige den Hinterreifen in den Kurven keine Beachtung schenkten und lieber\nquietschende Ger\u00e4usche von sich gaben. Es schafften fast alle unfallfrei ins\nTal zu kommen, wobei jemand wohl gl\u00fccklich war, einen T\u00f6ff Helm getragen zu\nhaben. In Amden setzte man sich in die letzte Beiz, bevor es nachhause ging.\nAls wir dann mit dem Bus, der extra f\u00fcr uns gekommen ist, konnte eine Person\nsich nicht zur\u00fcckhalten um mit der Chauffeurin zu Flirten. Als man nachfragte,\nob sie bis nach Weisslingen f\u00e4hrt, war die Entt\u00e4uschung gross, als sie leider\nnicht zusagte. <\/p>\n\n\n\n<p class=\"has-text-color has-cyan-bluish-gray-color\">Nach diesem R\u00fcckschlag ging es jedoch dann gut gelaunt und\nkurzem Gespr\u00e4ch mit einem anderen Turnverein im Zug zur\u00fcck nach Weisslingen, wo\nes uns dann noch in die Pizzeria getrieben hat.<\/p>\n\n\n\n<p class=\"has-text-color has-cyan-bluish-gray-color\">Danke an unseren Organisator Lukas<\/p>\n\n\n\n<p class=\"has-text-color has-cyan-bluish-gray-color\"><strong>Zweimal\nGold f\u00fcr den TV Wislig<\/strong><\/p>\n\n\n\n<p class=\"has-text-color has-cyan-bluish-gray-color\">Der TV Wislig hat zurzeit drei Athleten im Regionalen Leistungszentrum\nTrampolin in R\u00fcti. Zwei davon haben sich f\u00fcr die Schweizermeisterschaft vom\n25.+26.6.2024 in Vouvry qualifiziert und beide kamen mit einer Goldmedaille\nnach Hause, Zoe sogar zus\u00e4tzlich mit Silber im Synchron mit ihrer Synchron\nPartnerin Lucie Moret, FSG Actigym\nEcublens (CRP VD).<\/p>\n\n\n\n<p class=\"has-text-color has-cyan-bluish-gray-color\">Was f\u00fcr ein Wochenende!<\/p>\n\n\n\n<p class=\"has-text-color has-cyan-bluish-gray-color\">Zoe, du bist Schweizermeisterin in der h\u00f6chsten Kategorie.\nHerzliche Gratulation, was ging dir als erstes durch den Kopf? \u00abIch habe es\nnoch nicht realisiert. Wenn mir die Leute zum schweizermeister Titel gratulieren,\nstelle ich fest, a ja das bin ich. Der erste Gedanke war: WOW und ich bin sehr\nstolz auf mich. Dies war mein Traum, seit ich klein bin\u00bb Wieviel Stunden pro\nWoche trainierst du? \u00abtheoretisch 15,5 Stunden. Aktuell ist dies nicht m\u00f6glich,\nda mein Fuss immer noch schmerzt, als Folge einer \u00dcberbelastung, welche mich\ntrotz Pause noch verfolgt. \u00bb Nach dem Sieg am KTF letztes Jahr nun der Sieg am\nder SM, was folgt als n\u00e4chstes? \u00abAlles Internationale, WM n\u00e4chstes Jahr,\nhoffentlich EM ein Jahr sp\u00e4ter. Ich habe nun die Qualifikationslimite um die\nSchweiz im Ausland zu vertreten nun zweimal mit dem Punktetotal erreicht. Den\nSchwierigkeitswert fehlt mir noch ein wenig, daher darf ich dieses Jahr noch\nnicht mit an grosse internationale Wettk\u00e4mpfe mit.\u00bb Was ist dein bisher\ngr\u00f6sster Erfolg: \u00ab SM\u2026 oder doch WAGC (World Age Group Competition) im letzten\nJahr? Da wurde ich 34. im Einzel und 11. im Synchron mit Lucie. Trotz schmerzendem\nKnie, welches getapt wurde, damit ich \u00fcberhaupt springen konnte. Die Schweiz\nauf internationalem Boden zu vertreten ist immer noch einfach nur wow.\u00bb Was\nhilft dir zur Fokussierung: \u00abIch habe einen ganz bestimmten Ablauf, der beginnt\nschon am Abend zuvor mit Packen. Am Morgen mindestens 2 Stunden vor Abfahrt\ngibt es Fr\u00fchst\u00fcck, immer Bagels und Eier, immer dieselbe Frisur und Musik auf\nden Ohren mit gutem Beat zum alles rundherum auszuschalten. Wenn es Richtung\nTrampolin geht, nutze ich die Tipps des Sportpsychologen. Dank ihm bin ich so\nweit gekommen.\u00bb Wie trainierst du Synchron mit Lucy, welche im Kanton Waadt\ntrainiert? \u00abAlso, seit dem Schloss-Cup mitte M\u00e4rz konnten wir nicht mehr\nzusammen springen. Wir wussten unsere \u00dcbung und haben jeweils die Zeit gestoppt\nund einander mitgeteilt, so wussten wir, ob wir h\u00f6her oder tiefer als die\nandere springen.\u00bb<\/p>\n\n\n\n<p class=\"has-text-color has-cyan-bluish-gray-color\">Florian, nun zu dir. Gratulation zu deinem Sieg! Was ging\ndir durch den Kopf? \u00abIch habe es lange nicht realisiert. Ich habe diesen Sieg\n\u00fcberhaupt nicht erwartet. Die Freude dar\u00fcber ist riesig!\u00bb Was ist dein n\u00e4chstes\nZiel? \u00ab schwierigere Spr\u00fcnge, z.B. Fliff-Rudi (Doppelsalto vorw\u00e4rts mit 1,5\nSchrauben) den m\u00f6chte ich unbedingt im n\u00e4chsten Jahr in der \u00dcbung haben und\nHalf-Half (Doppelsalto r\u00fcckw\u00e4rts mit einer halben Schraube im ersten Salto und\neiner halben Schraube im Zweiten.)\u00bb Sp\u00fcrst du einen Unterschied von den\nVorrunden zur Final\u00fcbung? \u00ab Ja, in der Vorrunde m\u00f6chte ich einfach beide\n\u00dcbungen bis zum Ende springen k\u00f6nnen. Im Finale achte ich noch viel mehr auf\ndie Ausf\u00fchrung, gestreckte Beide und F\u00fcsse und nicht rausfliegen!\u00bb Du hast mit\n9 Jahren im TV Wislig angefangen. Wer war deine erste Trainerin: \u00abDiz\u00e4, sie war\necht cool! Sie war die einzige, welche mich einen R\u00fcckw\u00e4rtssalto springen\nliess. Leider war sie oft weg, der Bobsport hatte Vorrang. *grins*.\u00bb Welches\nist dein Lieblingssprung? \u00abFliff C (Doppelsalto vorw\u00e4rts mit halber Schraube,\noder Full (Salto R\u00fcckw\u00e4rts mit ganzer Schraube) ist auch cool, oder Rudi (Salto\nvorw\u00e4rts mit 1,5 Schrauben).\u00bb Was w\u00fcnschst du dir f\u00fcr die Zukunft? \u00abDass ich\ntrotz der Lehre als Zimmermann noch Zeit finde um diesem tollen Sport nachgehen\nzu k\u00f6nnen., das w\u00e4re mega toll! Wir sind ein super Team, gute Stimmung, toller\nTrainer, einfach perfekt\u00bb<\/p>\n\n\n\n<h2 class=\"has-cyan-bluish-gray-color has-text-color wp-block-heading\">Trainingsweekend Sarnen 2024<\/h2>\n\n\n\n<p class=\"has-text-color has-medium-font-size has-cyan-bluish-gray-color\">Samstag (Tag)<\/p>\n\n\n\n<p class=\"has-text-color has-cyan-bluish-gray-color\">Am Wochenende vom 23\/24 M\u00e4rz fand f\u00fcr die Damenriege und den\nTV Wislig das allj\u00e4hrliche Trainingsweekend in Sarnen statt. Wir besammelten\nuns kurz vor 07:00 an verschiedenen Standorten in der Gemeinde Weisslingen, von\nwelchen wir dann vom N\u00fcssli Car abgeholt wurden. In Sarnen angekommen\nVerpflegten wir uns nochmals kurz am, von der Damenriege Organisierten Kiosk\nund starteten kurz darauf mit dem Gemeinsamen Einw\u00e4rmen, das wir bereit waren\nf\u00fcr die erste Lektion. Diese war f\u00fcr die meisten Ger\u00e4tekombination und f\u00fcr die\nanderen Vorbereitung auf den Turnwettkampf und darauf noch Speer und Wurf.\nDanach durften dann alle in den Regen und wir trainierten nochmals eine Lektion\nLeichtathletik. Als n\u00e4chstes auf dem Programm stand dann schon das Mittagessen\nim Restaurant Metzgern, in welchem wir auch alle anderen Mahlzeiten zu uns\nnahmen. Am Nachmittag stand dann nochmals eine Lektion GK auf dem Programm und\nanschliessend die Sprungsektion. W\u00e4hrenddessen verbrachte der Rest den\nNachmittag auf den LA Anlagen und kam nur nochmals kurz zur\u00fcck in die Halle f\u00fcr\nden Turnstand. Draussen trainierten wir fleissig Hochsprung, Steinstossen,\nSprint, Kugelstossen und Schleuderball bis fast keine Energie mehr vorhanden\nwar. <\/p>\n\n\n\n<p class=\"has-text-color has-medium-font-size has-cyan-bluish-gray-color\">Samstag (Abend)<\/p>\n\n\n\n<p class=\"has-text-color has-cyan-bluish-gray-color\">Nun war es an der Zeit, das Wohlverdiente Bier in der Dusche\nzu Geniessen und direkt anschliessend das Vorbestellte Abendessen zu essen.\nNach dem Abendessen wurde es kurz sehr stressig da man nun noch die Unterkunft\nbeziehen musste und sich danach die meisten mit dem Car auf Engelberg begaben\num Urs an seinem Steinstosswettkampf in der Schwinghalle Engelberg zu\nUnterst\u00fctzen. Diesen Wettkampf gewann Urs und stellte mit dem Siegesstoss einen\nneuen Hallenrekord auf. Gratulation zu dieser Leistung. Nach diesem Erfolg\nteilte sich die Gruppe erneut, ein Teil ging in verschiedene Clubs, Pubs, etc.\nOder man blieb in der Schwinghalle und feuerte die Schwinger noch bis zum\nSchlussgang an. Danach hiess es dann das wir uns wie zuvor angesagt um 00:30\nUhr besammeln, um die R\u00fcckfahrt auf Sarnen anzutreten. Allerdings schafften es\nnicht alle Rechtzeitig zur\u00fcck und man musste noch zwei der J\u00fcngsten im Dorf\neinsammeln. Diese waren \u00fcbergl\u00fccklich dar\u00fcber jedoch merkten sie schnell, dass\nsie die einzigen mit dieser Meinung waren. Danach trat man zusammen die\nR\u00fcckfahrt an, welche ohne gr\u00f6ssere Probleme von Statten ging und in der\nUnterkunft legte man sich ohne grosse Umwege&nbsp;\u00fcber andere Zimmer\nins&nbsp;Bett. Wenige blieben noch in Engelberg und man munkelte das einer fast\nnoch einen Krampfanfall hatte.<\/p>\n\n\n\n<p class=\"has-text-color has-medium-font-size has-cyan-bluish-gray-color\">Sonntag <\/p>\n\n\n\n<p class=\"has-text-color has-cyan-bluish-gray-color\">Nach einer, f\u00fcr die meisten, ruhigen und erholsamen Nacht haben wir uns um 7:30 wieder im Restaurant getroffen, f\u00fcr ein vorbereitetes Zmorgenbuffet. Nach dem Morgenessen haben wir uns dann um 8:45 in der Halle versammelt, um rechtzeitig mit dem Einlaufen von Robin anzufangen. Nach den verschiedenen Fangis Arten, teilten wir uns auch schon in die Lektionen auf. Dies waren Hochsprung, Kugelstossen, Schleuderball und Ger\u00e4teturnen. Aufgrund eines vermissten Leiters musste die Lektion Ger\u00e4teturnen von Fiona \u00fcbernommen werden. In der n\u00e4chsten Lektion stand dann Hochsprung, Kugelstossen und Uniockeyslalom an. In laufe dieser Lektion ist dann auch der Leiter der vorherigen Ger\u00e4teturn Lektion aufgetaucht. Man sagt er sei aus der Unterkunft geschmissen worden. Nach dem Weitsprung, Speerwurf, Hochsprung, Steinstossen und Schleuderball ging es dann zum Wohlverdienten Mittagessen. Um 13:30 mussten wir auf die Rundbahn um das, von Fiona Organisierte, Einlaufen zu starten. Am Nachmittag gab es dann noch 2 Lektionen Weitsprung, Speerwurf, Sprint oder Schleuderball und dann, das von allen gef\u00fcrchtete, Spass mit Lukas. Da haben wir dann f\u00fcr einen 1000m ge\u00fcbt. Nach dieser Lektion, konnten einige Turner nicht mehr so stabil gehen und anderen war sogar schlecht. F\u00fcr die \u00e4lteren Turner hat Hunggi noch eine Steinheben Lektion gemacht. Nach dem Gut tuenden ausdehnen konnten wir noch Duschen und alles Material aufr\u00e4umen und dann ging um 16:30 Mit dem Car nach Hause.<\/p>\n\n\n\n<h2 class=\"has-cyan-bluish-gray-color has-text-color wp-block-heading\">Skiweekend Hasliberg 2024<\/h2>\n\n\n\n<p class=\"has-text-color has-cyan-bluish-gray-color\">Mit voller Vorfreude auf das sch\u00f6ne Wetter sollte sich die Turnerfamilie um 6:30 Uhr bei der Uralten-Post versammeln. Leider aus verschiedenen Gr\u00fcnden schafften es die einen nicht p\u00fcnktlich zum Treffpunkt. Wir wollen keine Namen nennen, doch jemand hat verschlafen und den Anderen haben wir im Lang\u00e4cher 3 abgeholt. Mit 30 Minuten Versp\u00e4tung trafen auch die letzten per privat Kurier beim Car ein. Nun sind wir bereit f\u00fcr die Abfahrt Richtung Meiringen. Auf halber Strecke ging das Ger\u00fccht durch den Car, dass F\u00f6hnheitshalber die Bergbahnen Hasliberg geschlossen bleiben. Tats\u00e4chlich, dass Ger\u00fccht war wahr. Es ging ein Anruf beim Carchauffeur ein, dass wir uns gar nicht auf den Weg machen m\u00fcssen. Da wir bereits unterwegs waren haben wir spontan ein Alternativ Programm auf die Beine gestellt. Fast am Ziel angekommen machten wir eine l\u00e4ngere Pause auf dem Br\u00fcnig. Wir verpflegten uns im Restaurant Waldegg. Da wussten wir noch nicht, dass wir bis 15:00 Uhr in diesem Restaurant bleiben. Das Ganze hatte sich als gem\u00fctliches beisammen sein mit diversen Spielen und guten Gespr\u00e4chen entpuppt. Dabei ist nat\u00fcrlich auch das ein oder andere Getr\u00e4nk geflossen. Aber ganz ohne Essen ging es dann doch nicht und wir bestellten ein Men\u00fc. Das Rahmschnitzel mit R\u00f6sti und ein wenig Gem\u00fcse war sehr lecker. F\u00fcr die Vegetarier gab es nat\u00fcrlich ein alternativ Men\u00fc mit Fr\u00fchlingsrollen und Salat. Pl\u00f6tzlich brach Hektik aus, wir warfen alle zusammen etwas in den Pott und bezahlten die Rechnung. Anschlie\u00dfend fuhren wir zu Simons Herberge in Meiringen. Sp\u00e4testens als wir in Meiringen angekommen sind war es uns klar, dass es tats\u00e4chlich F\u00f6hnig war im Haslital. Da Hunggis Hut Thermik bekam und in den Bach flog. W\u00e4hre Schad gewesen um die 100er Note die darin versteckt war, darum rettete jemand den teuren Hut. Der Batzen wurde dann im Tabakcorner f\u00fcr die dicksten Stumpen investiert. Nach einer Beizentour ging es langsam dem Abend zu und das Reis casimir wurde bei Simon serviert. Die meisten sind beim Abendessen aufgetaucht und die Gruppe war fast komplett. Nach dem Abwasch machten sich alle bereit f\u00fcr den Ausgang und unterst\u00fctzten dann, die verschiedenen Gastronomien in Meiringen. Sonntagmorgen sah das Wetter besser aus und wir machten uns auf den Weg Richtung Gondel. Leider gab es f\u00fcr die einen wenige Hindernisse. Jemandem fehlte seine Skijacke und dem anderen sein Helm und seine Handschuhe. Nach einem tollen Skitag mit verschiedenen Pisten traf man sich hin und wieder und tauschte sich aus. Bis pl\u00f6tzlich die Nachricht vom Skiwochenendeorganisator kam, Besammlung 16:00 Uhr beim Car. Gesagt getan, verschoben wir uns rechtzeitig dort hin. Es gab keine Ausreisser. Mit einer allgemeinen M\u00fcdigkeit brachen wir auf den Heimweg auf. Mit ein wenig Stau und ohne gr\u00f6sseren Strapazen trafen wir in Wislig ein. \u00dcber alles war es ein gelungenes Wochenende, es gab nicht viele Verletzte. Ausser einem gebrochenen Daumen, einem gestauchten Mittelhandknochen und einer Blutigen Nase kamen wir mit einem blauen Auge davon. <\/p>\n\n\n\n<p class=\"has-text-color has-cyan-bluish-gray-color\">Vielen Dank Joel f\u00fcr das Organisieren des Skiwochenende 2024 in Meiringen Hasliberg.<\/p>\n\n\n\n<p><\/p>\n","protected":false},"excerpt":{"rendered":"<p>Turnfahrt 2024 Die diesj\u00e4hrige Turnfahrt konnte p\u00fcnktlich um 07:07 Uhr mit dem Postauto an der Bushaltestelle Weisslingen Dorf Richtung Fehraltorf gestartet werden. Von Fehraltorf ging es weiter mit dem Ersatzbus &hellip; <a href=\"https:\/\/www.tvwislig.ch\/?page_id=6736\" class=\"more-link\"><span class=\"screen-reader-text\">2024<\/span> weiterlesen <span class=\"meta-nav\">&rarr;<\/span><\/a><\/p>\n","protected":false},"author":6,"featured_media":0,"parent":0,"menu_order":0,"comment_status":"closed","ping_status":"closed","template":"","meta":{"footnotes":""},"class_list":["post-6736","page","type-page","status-publish","hentry"],"jetpack_sharing_enabled":true,"_links":{"self":[{"href":"https:\/\/www.tvwislig.ch\/index.php?rest_route=\/wp\/v2\/pages\/6736","targetHints":{"allow":["GET"]}}],"collection":[{"href":"https:\/\/www.tvwislig.ch\/index.php?rest_route=\/wp\/v2\/pages"}],"about":[{"href":"https:\/\/www.tvwislig.ch\/index.php?rest_route=\/wp\/v2\/types\/page"}],"author":[{"embeddable":true,"href":"https:\/\/www.tvwislig.ch\/index.php?rest_route=\/wp\/v2\/users\/6"}],"replies":[{"embeddable":true,"href":"https:\/\/www.tvwislig.ch\/index.php?rest_route=%2Fwp%2Fv2%2Fcomments&post=6736"}],"version-history":[{"count":6,"href":"https:\/\/www.tvwislig.ch\/index.php?rest_route=\/wp\/v2\/pages\/6736\/revisions"}],"predecessor-version":[{"id":6820,"href":"https:\/\/www.tvwislig.ch\/index.php?rest_route=\/wp\/v2\/pages\/6736\/revisions\/6820"}],"wp:attachment":[{"href":"https:\/\/www.tvwislig.ch\/index.php?rest_route=%2Fwp%2Fv2%2Fmedia&parent=6736"}],"curies":[{"name":"wp","href":"https:\/\/api.w.org\/{rel}","templated":true}]}}