{"id":6866,"date":"2025-02-23T12:25:33","date_gmt":"2025-02-23T11:25:33","guid":{"rendered":"https:\/\/www.tvwislig.ch\/?page_id=6866"},"modified":"2026-01-24T17:18:43","modified_gmt":"2026-01-24T16:18:43","slug":"2025-2","status":"publish","type":"page","link":"https:\/\/www.tvwislig.ch\/?page_id=6866","title":{"rendered":"2025"},"content":{"rendered":"\n<p class=\"has-cyan-bluish-gray-color has-text-color has-link-color wp-elements-9fed32ec16f5e37847e1c0431e1bd2fc\" style=\"font-size:25px\"><strong>Turnfahrt 2025<\/strong><\/p>\n\n\n\n<p class=\"has-cyan-bluish-gray-color has-text-color has-link-color has-medium-font-size wp-elements-d2bc32a8397742a11a69e1c92072c58b\">Am Samstag, dem 20.09.2025, ging der Turnverein Wislig auf die allj\u00e4hrliche Turnfahrt. Dieses Jahr f\u00fchrte sie uns in den Kanton St. Gallen, genauer gesagt ins Sarganserland. Um 6:40 Uhr startete unsere Reise in Wislig. Alle Teilnehmer aus der Gemeinde kamen mehr oder weniger p\u00fcnktlich, und die restlichen Teilnehmer stiessen in Illnau und Effretikon zur Gruppe dazu. \u00dcber Z\u00fcrich reisten wir mit guter Stimmung und gen\u00fcgend Essen und Trinken nach Sargans.<\/p>\n\n\n\n<p class=\"has-cyan-bluish-gray-color has-text-color has-link-color has-medium-font-size wp-elements-6eeb5d3391abd0ab2434e185e87a1d72\">Dort angekommen f\u00fchrte uns unsere Reise in den Hagerbach-Versuchstollen. In diesem Tunnel gibt es neben vielen L\u00f6chern und Schiessanlagen auch eine gem\u00fctliche Beiz. Mit viel Genuss genehmigte man sich dort das eine oder andere Getr\u00e4nk. Einer versp\u00fcrte dabei einen besonders grossen Durst auf Zwetschgenlutz und verpasste dadurch beinahe die sagenumwobene F\u00fchrung.<\/p>\n\n\n\n<p class=\"has-cyan-bluish-gray-color has-text-color has-link-color has-medium-font-size wp-elements-a14279beac93ccfb98443765d45038d6\">In der F\u00fchrung ging es nicht nur um den Tunnelbau in der Schweiz, sondern auch um viele Luftballons und einige Stollenmaschinen mit steckendem Schl\u00fcssel. Am Schluss folgte eine laute Sprengdemonstration mit Tinnitusgefahr, zum Gl\u00fcck sch\u00fctzen alle ihr Geh\u00f6r mit suvakomforten Mitteln.<\/p>\n\n\n\n<p class=\"has-cyan-bluish-gray-color has-text-color has-link-color has-medium-font-size wp-elements-6a0ce1626565f5fcbd43493a4e4d8f83\">Nicht lange danach ging es mit der Palfriesbahn hinauf in die H\u00f6he. Von der Bergstation bis zur \u00dcbernachtung war es ein Spaziergang von 10 bis 40 Minuten, je nachdem, wann man bei der Bahn ankam. Ein Grossteil der Gruppe kam wie geplant nach dem Mittag bei der H\u00fctte an und versorgte sich mit Speis und Trank bis zur Hauptattraktion des Tages, der Wanderung mit Spezialprogramm des OT.<\/p>\n\n\n\n<p class=\"has-cyan-bluish-gray-color has-text-color has-link-color has-medium-font-size wp-elements-a09e6bcfd96de0db9bd68f4edbfc2e9c\">Zwei Teilnehmer aus der Spitzengruppe hatten unterwegs mit Beschwerden zu k\u00e4mpfen und mussten leider einen taktischen Zwischenschlaf einlegen. Man munkelte, dass einer von ihnen das Ganze sp\u00e4ter bereute und sich dementsprechend den Rest des Wochenendes ruhig verhielt. Der Rest der Spitzengruppe war fit und erreichte die n\u00e4chste Beiz in beachtlicher Zeit. Dort wartete die Attraktion des Tages, fast auf dem Gipfel stand ein Barren, nat\u00fcrlich liess es sich die stolze Turnerschar nicht nehmen, dort ihr K\u00f6nnen zu zeigen.<\/p>\n\n\n\n<p class=\"has-cyan-bluish-gray-color has-text-color has-link-color has-medium-font-size wp-elements-66a11162eef3aa435da150b4764c6ebc\">Kurz danach ging es weiter hinunter zur n\u00e4chsten Beiz, von wo ein Taxi zur \u00dcbernachtungsm\u00f6glichkeit fuhr, ein Angebot, das von der ganzen Gruppe gern genutzt wurde. Der Rest der Gruppe, man sagt, die Alten und der Robin, verpassten die Gondel ganz knapp. Daf\u00fcr entdeckten sie ein nahegelegenes Weingut mit Degustationshalle. Dieses Angebot war zwar sehr gut, f\u00fchrte aber zum Dilemma, dass man ja doch noch auf den Berg zur Unterkunft musste. Das wurde zum Gl\u00fcck gut gel\u00f6st, denn im Verein h\u00e4lt man zusammen. Das zeigte sich auch bei der R\u00fcckkehr der schl\u00e4frigen Ausreisser, die freundlich in die Gruppe aufgenommen wurden. Diese Gruppe machte einen sehr guten Eindruck und hielt diesen auch tapfer bis zum Ende des Abends durch.<\/p>\n\n\n\n<p class=\"has-cyan-bluish-gray-color has-text-color has-link-color has-medium-font-size wp-elements-7f216d4056716c35cbc736deb4d6c18c\">Nach einiger Zeit trafen auch die Wanderer bei der Unterkunft ein, und alle freuten sich aufs wohlverdiente Abendessen. Der Rest des Abends wurde gem\u00fctlich mit Spielen verbracht und mit dem einen oder anderen Glas Rotwein oder Wasser. Sp\u00e4ter, als das Bed\u00fcrfnis nach Schlaf langsam gr\u00f6sser wurde, zeigte sich die Bedienung erfreulich unkompliziert. Ein Harass Spezli durfte mit bis zu den Schlafgem\u00e4chern mitgenommen und selbstverst\u00e4ndlich dort auch konsumiert werden.<\/p>\n\n\n\n<p class=\"has-cyan-bluish-gray-color has-text-color has-link-color has-medium-font-size wp-elements-dd5d45fc59f8dc186781850ed03b9a94\">Am Sonntag haben wir uns an einem guten Fr\u00fchst\u00fcck in der H\u00fctte nochmal gest\u00e4rkt, bevor wir uns auf den weg zur Bergstation gemacht haben, um wieder ins Tal zu fahren doch unser Reiseleiter teilte uns mit das ein gruppe es nicht auf den Bus schaffen wird. Die die es geschafft haben waren auf dem weg in den Flumserberg die letzten mussten noch auf den Bus warten doch bei einer guten Flasche wein war die zeit gut auszuhalten. Leider fand es einer eine gute Idee seinen Adiletten in den Misthaufen zu werfen. Nach einer stunde konnte der Rest dann auch in den Bus steigen und in die Flums Fahren. Angekommen sind sie mit dem B\u00e4hnli den Berg rauf gefahren auf dem Berg haben dann alle wieder zusammengefunden und sich bei einem Bier in der Prodalp H\u00fctte entspannt nach einer weile Haben wir uns auf den weg gemacht in die Chr\u00fcz H\u00fctte, um dort unser Mittagessen zu geniessen. Als alle wieder bei Kr\u00e4ften waren, haben wir uns auf den weg gemacht, denn unser Reiseleiter hatte noch etwas geplant. Nach einer kurzen Wanderung kamen wir auch schon in der Senn\u00e4stube an wo wir eine kleine F\u00fchrung der K\u00e4serei bekommen, haben nach der F\u00fchrung haben wir noch selbst K\u00e4se herstellen d\u00fcrfen nach einer kleinen Einf\u00fchrung mussten wir dann schon selbst mitanpacken zwei auserw\u00e4hlte mussten sich mit Gummistiefel und sch\u00fcrzte bekleiden. Eine der beiden bekam dabei sehr heiss doch das Problem wurde schnell gel\u00f6st. Ein paar fanden es jedoch nicht so spannend und haben sich draussen bei einem guten Fondue unterhalten. Leider war nur ein Fondue m\u00f6glich da beim Auskratzen der Boden rausgefallen ist. Nach der Aktivit\u00e4t haben wir uns noch in die garten Wirtschaft gesetzt und uns bei einem Bier entspannt. Alls wir uns wieder auf den weg gemacht haben stellten wir fest, dass wir noch eine Kiste Bier hatten, doch das war kein Problem den wir nahmen sie einfach mit. Wir sind dann zur Bergstation gelaufen und haben den Bus zum Bahnhof genommen und mit den Zug sind wir dann nach Hause gefahren.<\/p>\n\n\n\n<p class=\"has-cyan-bluish-gray-color has-text-color has-link-color wp-elements-77500f95082688dbfd7299de62cdfb0c\" style=\"font-size:25px\"><strong><strong>ETF Lausanne Einzelwochenende<\/strong><\/strong><\/p>\n\n\n\n<p class=\"has-cyan-bluish-gray-color has-text-color has-link-color has-medium-font-size wp-elements-fdcdc99439a30b905d934dc3fb2a40ff\"><strong>Mittwoch:<\/strong><br>Am Mittwochabend, dem 11. Juni 2025, reiste unsere erste Delegation der Zehnk\u00e4mpfer nach Lausanne. Genauer gesagt: nach Froideville, auch liebevoll Freudwil genannt, in ein Pfadiheim, dass uns von Mittwoch bis Freitag als Unterkunft diente und erholsamen Schlaf garantierte. Durch die abgelegene Lage des Hauses verbrachten wir eine ruhige Nacht, sodass wir am n\u00e4chsten Morgen erfrischt in den Wettkampf starten konnten.<\/p>\n\n\n\n<p class=\"has-cyan-bluish-gray-color has-text-color has-link-color has-medium-font-size wp-elements-20b8cd8a0dd6a770241b7098dafca09f\"><strong>Donnerstag:<\/strong><br>Am Donnerstagmorgen um 6:20 Uhr reiste dann auch die zweite Delegation der Zehnk\u00e4mpfer an. Ganz typisch f\u00fcr den Vize-OT wurde ein kleiner Umweg \u00fcber Winterthur in Kauf genommen, damit auch er in seinem Heimatdorf einsteigen konnte.<\/p>\n\n\n\n<p class=\"has-cyan-bluish-gray-color has-text-color has-link-color has-medium-font-size wp-elements-ac0fb91c29a1c0fd7208224ff9162269\">In Froideville war man ebenfalls fr\u00fch auf den Beinen, um die 40-min\u00fctige Anreise ins Stadion Olympique anzutreten und um acht Uhr bereit f\u00fcr die erste Disziplin zu sein: den 100-Meter-Lauf, der allerdings schon mit Versp\u00e4tung stattfand, diese zog sich durch den ganzen Tag. Ebenfalls starteten 3 Frauen in ihren Vierkampf, welchen sie \u00fcber den ganzen Tag absolvierten und mit dem 800 abschlossen.<\/p>\n\n\n\n<p class=\"has-cyan-bluish-gray-color has-text-color has-link-color has-medium-font-size wp-elements-8c32289be7f9de886563f9369b30da8c\">Nach dem versp\u00e4teten 100-Meter Start ging es f\u00fcr die erste Gruppe weiter zum Weitsprung. Der war laut einigen Mitturnern eher untypisch, der Sand hatte eine Steigung, die man eher bei Bergturnfesten erwartet h\u00e4tte, ganz klassisch gesagt bergauf statt gerade bis bergab.<\/p>\n\n\n\n<p class=\"has-cyan-bluish-gray-color has-text-color has-link-color has-medium-font-size wp-elements-b3c705ff19297bb986293a7d84aabc70\">Inzwischen traf auch die zweite Gruppe im Stadion ein, nach einem kleinen Zwischenfall im Bus, als jemand die Notwendigkeit eines festen Griffs untersch\u00e4tzte. Auch sie begannen mit dem 100-Meter-Lauf, in dem glamour\u00f6se Zeiten gelaufen wurden man munkelt von mehreren pers\u00f6nlichen Bestzeiten, die um \u00fcber eine Sekunde verbessert wurden.<\/p>\n\n\n\n<p class=\"has-cyan-bluish-gray-color has-text-color has-link-color has-medium-font-size wp-elements-8a7f188fc6a72d446a4a756e8632709a\">Fast gleichzeitig begannen die \u00c4lteren mit dem Kugelsto\u00dfen, bei dem einige die 10 Meter Marke knackten. Danach ging es weiter zum Hochsprung, wo nicht nur die Spezialisten gl\u00e4nzten auch ein Werfer namens Joel meisterte die 1.70 Meter.<\/p>\n\n\n\n<p class=\"has-cyan-bluish-gray-color has-text-color has-link-color has-medium-font-size wp-elements-df2e3ad1b48e4d0422591a5370dcd5cd\">P\u00fcnktlich zum Mittagessen und damit auch zum Weitsprung der J\u00fcngeren (inklusive Kevin) \u2013 wurde die lang ersehnte Lasagne und Penne gegessen. Die allgemeine Essenslage war eher schlecht es gab n\u00e4mlich nur trockene Gipfeli und das \u00fcberschaubare Angebot der benachbarten Tamoil-Tankstelle, welche das Gesch\u00e4ft des Jahrhunderts machte.<\/p>\n\n\n\n<p class=\"has-cyan-bluish-gray-color has-text-color has-link-color has-medium-font-size wp-elements-5112276cb4e1a0e2ad6ba261bd3b0446\">Beim Weitsprung der J\u00fcngeren wurde der \u201eSand-Berg\u201c mit leichter Turbenthaler Hilfe wieder in ein Tal verwandelt, was gute Resultate zur Folge hatte. Danach ging es zum Kugelstossen, das mehr oder weniger gut kam mit doch gl\u00fccklichen Gesichtern aber auch manch einem schlechterem Gef\u00fchl.<\/p>\n\n\n\n<p class=\"has-cyan-bluish-gray-color has-text-color has-link-color has-medium-font-size wp-elements-5ff7d376ef9013da45bc179a5f031339\">Dank der Versp\u00e4tungen konnten alle den 400-Meter Lauf der \u00c4lteren mitverfolgen. Dort wurden starke Zeiten gelaufen, unter anderem eine 54er-Zeit von Nico. Diese wurde zun\u00e4chst f\u00e4lschlicherweise als 59er notiert, doch dank vereinsinternem Videomaterial konnte das Missverst\u00e4ndnis gekl\u00e4rt werden.<\/p>\n\n\n\n<p class=\"has-cyan-bluish-gray-color has-text-color has-link-color has-medium-font-size wp-elements-b06330cdaa6e3e6813b5f18202ab707d\">Der Hochsprung der J\u00fcngeren lief ebenfalls gut und es folgte eine doppelte Vorbereitung auf den 400-Meter-Lauf, da selbst die Kampfrichter sich uneins waren, wann der n\u00e4chste Start wirklich sei. Auch dieser Lauf brachte starke Ergebnisse.<\/p>\n\n\n\n<p class=\"has-cyan-bluish-gray-color has-text-color has-link-color has-medium-font-size wp-elements-b542598837d25a8305abc2a3d4ef76b7\">Damit war der erste Wettkampftag f\u00fcr beide Gruppen abgeschlossen. Ein Grossteil machte sich auf den Weg zum Festgel\u00e4nde, einige gingen noch den K5-Wettkampf von Aline schauen, den sie mit guten Noten beendete. Danach reisten die Zuschauer mehr oder weniger direkt wieder zur\u00fcck nach Froideville, unter anderem mit dem sicheren Fahrer Ibrahim.<\/p>\n\n\n\n<p class=\"has-cyan-bluish-gray-color has-text-color has-link-color has-medium-font-size wp-elements-903a1a445a54b0bc3f78e948dd90e5bf\"><strong>Freitag:<\/strong><br>Wieder um ca. 06:00 Uhr stand diesmal die junge Delegation auf und reiste nach Lausanne. Heute funktionierte der Zeitplan deutlich besser, und man konnte p\u00fcnktlich starten. Auch in der Turnhalle wurde nun wieder geturnt das K Herren stand an. Diese Turnten Michi und Simi, mit Erfolg schlossen sie diesen auch ab.<\/p>\n\n\n\n<p class=\"has-cyan-bluish-gray-color has-text-color has-link-color has-medium-font-size wp-elements-2f9c7569210fdcfa3db5b3c939ec9dfe\">Den Auftakt machten die 110-Meter-H\u00fcrden mit erfreulich guten Zeiten. Danach folgte das Speerwerfen, das durchweg starke Resultate lieferte. Zeitgleich starteten einige der \u00e4lteren Zehnk\u00e4mpfer im Turnwettkampf, angef\u00fchrt von Nico mit beinahe 27 Punkten trotz harter Sprungwertungen. Urs R\u00fcmmeli und W\u00e4de Schoch starteten bei den 35+ und erzielten mit 28.5 bzw. 27.5 Punkten sehr gute Ergebnisse. Ebenfalls starteten einige Frauen in den Turnwettkampf. Mara und Pascale holten jeweils sogar eine Auszeichnung.<\/p>\n\n\n\n<p class=\"has-cyan-bluish-gray-color has-text-color has-link-color has-medium-font-size wp-elements-a3e27d99d4498c77db6b0f07a58cf0a9\">F\u00fcr die Zehnk\u00e4mpfer ging es weiter mit dem Diskus besonders Mario stach mit einem Wurf \u00fcber 30 Meter heraus. Danach starteten die J\u00fcngeren im Stabhochsprung. Zeitgleich starteten die \u00e4lteren mit H\u00fcrden, dort blieben einige L\u00e4ufer unter 20, manche sogar unter 19 Sekunden \u2013 trotz erneutem H\u00fcrden-Wisi in Form von Joel.<\/p>\n\n\n\n<p class=\"has-cyan-bluish-gray-color has-text-color has-link-color has-medium-font-size wp-elements-6a31c9b69825fb1068d30db810efbd07\">Im Stabhochsprung \u00fcberzeugten die Jungen, unter anderem mit einem 3-Meter-Sprung. Die \u00c4lteren durchliefen denselben Ablauf und erreichten im Speerwurf mit W\u00fcrfen von \u00fcber 40 Meter viele Punkte. Joel warf im Diskus ebenfalls \u00fcber 30 Meter. Beim Stabhochsprung lieferten sich Philipp, Lukas und Nico einen Dreikampf, alle sprangen 3.20 Meter.<\/p>\n\n\n\n<p class=\"has-cyan-bluish-gray-color has-text-color has-link-color has-medium-font-size wp-elements-76fd3af99560945b8c513715c6a3173f\">Zum Abschluss des Wettkampfs stand der 1500-Meter-Lauf an. Xander und Florian liefen bei den J\u00fcngeren nahe an die 5-Minuten-Marke. Bei den \u00c4lteren fungierte Cyrill als Pacemaker und verhalf mit seinem Einsatz zu zahlreichen schnellen Zeiten die schnellste war 5:05 Minuten.<\/p>\n\n\n\n<p class=\"has-cyan-bluish-gray-color has-text-color has-link-color has-medium-font-size wp-elements-0322ccbf87358dde9ca7183dbbf6e88b\">Damit ging ein erfolgreicher Zehnkampf zu Ende. Herzliche Gratulation an alle, insbesondere an Nico und Raul mit jeweils knapp 5000 Punkten und einer Auszeichnung. Ebenfalls erk\u00e4mpften sich Philipp und Mario eine Auszeichnung. Danach wurde ausgiebig auf dem Festgel\u00e4nde gefeiert bis tief in die Nacht mit teils sehr komfortablen Schlafpl\u00e4tzen.<\/p>\n\n\n\n<p class=\"has-cyan-bluish-gray-color has-text-color has-link-color has-medium-font-size wp-elements-6f2eb5f7391ce9455ffac9ccfcaf252b\"><strong>Samstag:<\/strong><br>Am Samstag ging es wieder in aller fr\u00fch los. Sarina startete in ihren K6 Ger\u00e4tewettkampf. Die Zeit danach wurde genutzt, um im Stadion die Leichtathletik-Wettk\u00e4mpfe zu verfolgen. Drei Frauen der Damenriege starteten im Siebenkampf, doch leider konnte Diana diesen nicht selbst beenden. Trotzdem gab es viele starke Leistungen, besonders Mara \u00fcberzeugte im 200-Meter Lauf. Ebenfalls starteten Marielle und Roger an diesem Tag im Sie und Er, nach einem sehr erfolgreichen Wettkampf erreichten sie, den Starken 8. Rang.<\/p>\n\n\n\n<p class=\"has-cyan-bluish-gray-color has-text-color has-link-color has-medium-font-size wp-elements-34c82a90d440bc27ab633f6c471a5404\">Um 18:00 Uhr traten Joey und Silvan im K6-Wettkampf an, den sie trotz der enormen Hitze mit Bravour abschlossen. Danach ging es wieder aufs Festgel\u00e4nde, wo die Nacht fast zwischenfallfrei verlief. Ein bis zwei erschrockene Gesichter am fr\u00fchen Morgen sprechen aber f\u00fcr sich.<\/p>\n\n\n\n<p class=\"has-cyan-bluish-gray-color has-text-color has-link-color has-medium-font-size wp-elements-5bc6e1fefd7e52d7b5462852df359cbe\"><strong>Sonntag:<\/strong><br>Am Sonntag wurde der Siebenkampf der Frauen fortgesetzt. F\u00fcr Diana sprang kurzfristig eine neue Turnerin ein, die den Wettkampf trotz urspr\u00fcnglichen anderen Heimreisepl\u00e4ne mit guten Ergebnissen abschloss. Ausserdem starteten zwei Mitglieder des Turnvereins im Sechskampf und erzielten gute Resultate. Besonders Dennis meisterte seinen ersten 1000-Meter Lauf, welcher scheinbar doch an den Kr\u00e4ften zehrte.<\/p>\n\n\n\n<p class=\"has-cyan-bluish-gray-color has-text-color has-link-color has-medium-font-size wp-elements-9d91ce2a6b4dc0ce6a7a579edd9b658e\">Zum Abschluss trat Cedric noch im K7-Wettkampf an, begleitet von den etwas \u00e4lteren Fans aus dem MTV und FTV. Auch er beendete den Wettkampf souver\u00e4n.<\/p>\n\n\n\n<p class=\"has-cyan-bluish-gray-color has-text-color has-link-color has-medium-font-size wp-elements-e22390afa24f998cbd2041bc602ceb1a\">Die Heimfahrt nach vier intensiven Tagen Turnfest war dann doch eher zu anstrengend. Auf der R\u00fcckfahrt holten einige erst einmal dringend ben\u00f6tigten Schlaf nach. In einem offenbar sehr bequemen Abteil des Zuges schliefen fast alle bereits kurz nach der Abfahrt ein.<\/p>\n\n\n\n<p class=\"has-cyan-bluish-gray-color has-text-color has-link-color wp-elements-4af8126227766876e565702f07ccdbe5\" style=\"font-size:25px\">Skiweekend 2025 Savognin<\/p>\n\n\n\n<p class=\"has-cyan-bluish-gray-color has-text-color has-link-color has-medium-font-size wp-elements-bf5089fbc9f5d4822b812f5f9bd1c2ff\">Da sich einer der Turner im Vorfeld verletzt hatte und den weiten Weg zu Fuss von der Tollenstrasse zur Alten Post v\u00f6llig untersch\u00e4tzte, konnte der N\u00fcssli- Car erst um 06:47&nbsp; abfahren. Die kleine Versp\u00e4tung forderte von der Russiker Delegation Geduld und warme Kleidung.<\/p>\n\n\n\n<p class=\"has-cyan-bluish-gray-color has-text-color has-link-color has-medium-font-size wp-elements-0c85d8e45e201ef7904730c9ff5a41c0\">In Savognin angekommen wurden sofort die Zimmer bezogen, um keine Zeit zu verlieren. Danach ging es zum Parkplatz der Talstation, wobei fahrerisches Geschick von Hasi verlangt wurde.Schnellstm\u00f6glich wurde der Car verlassen, um rasch auf die Gondel zu gelangen. Ein Turner merkte nach dreiviertel des Weges, dass er seine Influencert\u00e4tigkeit nicht ohne sein Natel erstellen konnte und musste nochmals zur\u00fcck.Da Wisi schon bei der Gondel mit den Billetts wartete, ging es recht z\u00fcgig bis die Turner auf dem Berg waren. Leider gingen irgend wann die Tickets aus, da organisierte Sparfuchs Janosch kurzerhand noch schnell 2 Billetts f\u00fcr Jugendliche. Oben auf dem Berg teilte sich die Gruppe je nach fahrerischem K\u00f6nnen auf. Die zwei Verletzen machten sich auf den Weg zu James, um die besten Pl\u00e4tze f\u00fcr den Tag zu sichern. Der Tag wurde bei sch\u00f6nstem Winterwetter in vollen Z\u00fcgen genossen.<\/p>\n\n\n\n<p class=\"has-cyan-bluish-gray-color has-text-color has-link-color has-medium-font-size wp-elements-810674ac8b7be6e91f6c303824127359\">Am Abend wurde im Roggisbeitzli ein Fondue gegessen. Manche hatten schon \u00fcber den ganzen Tag die feinen Men\u00fcs der Bergrestaurants genossen und hatten nicht mehr so viel Hunger.<\/p>\n\n\n\n<p class=\"has-cyan-bluish-gray-color has-text-color has-link-color has-medium-font-size wp-elements-12078701d727f99774203f7b53dbc63a\">Vor, w\u00e4hrend und nach dem Essen heizte der DJ geh\u00f6rig ein. Da wir auch noch mehrere Star-Coiffeure dabei hatten, konnte der Doppelsieg der Frauen im Slalom in echter Schweizer Manier gefeiert werden. Es gab aber doch einige, vor allem Nichtturnende, die sch\u00fcchtern waren und die Freude gar nicht zeigen konnten. Um 22 Uhr gingen alle vorbildlich mit dem Taxi runter ins Tal, um sich zu betten.<\/p>\n\n\n\n<p class=\"has-cyan-bluish-gray-color has-text-color has-link-color has-medium-font-size wp-elements-7b9bac181409dffdb53f48dc0a4a3e00\">Am Sonntagmorgen freuten sich fast alle auf das Zmorgebuffet. Die einen hatten aus Angst vor Diebstahl ihre Skiausr\u00fcstung am Abend so gut versteckt, dass sie erstmals gesucht werden musste.<\/p>\n\n\n\n<p class=\"has-cyan-bluish-gray-color has-text-color has-link-color has-medium-font-size wp-elements-17f65794e756ae7bd1512d9963c92b6b\">Mit vollem Elan wurde bei sch\u00f6nstem Wetter zum zweiten Mal der Berg erklommen. Die einen machten dies so schnell, dass der Magen nicht ganz mithielt, daf\u00fcr verewigten sie sich bis zum n\u00e4chsten Schneefall auf der Piste. Aus Angst vor dem R\u00fcckreisestau wurde die Abfahrtszeit auf 17:30 zur\u00fcck verlegt. Und siehe da, alle waren p\u00fcnktlich beim Abreiseort. Schnell noch das Gep\u00e4ck bei der Unterkunft schnappen und schon ging die R\u00fcckreise los. Wie sich herausstellte, war die sp\u00e4tere R\u00fcckreise doch noch zu fr\u00fch und wir gerieten trotzdem in den Stau. Es gab Frauen die dadurch zum Hunger- Monster wurden. Zum Gl\u00fcck reagierte Hasi geistesgegenw\u00e4rtig und hielt sofort bei der n\u00e4chsten Autobahnrastst\u00e4tte an. So wurde weiteres Eskalieren der Situation verhindert. Um 20:30 Uhr waren wir m\u00fcde aber gl\u00fccklich wieder Zuhause .<\/p>\n\n\n\n<p class=\"has-cyan-bluish-gray-color has-text-color has-link-color has-medium-font-size wp-elements-96a42610d65a6459134cd69fe68f1cc6\">Danke an die Firma N\u00fcssli f\u00fcr den professionellen Transport und Janosch f\u00fcr das Organisieren.<\/p>\n","protected":false},"excerpt":{"rendered":"<p>Turnfahrt 2025 Am Samstag, dem 20.09.2025, ging der Turnverein Wislig auf die allj\u00e4hrliche Turnfahrt. Dieses Jahr f\u00fchrte sie uns in den Kanton St. Gallen, genauer gesagt ins Sarganserland. Um 6:40 &hellip; <a href=\"https:\/\/www.tvwislig.ch\/?page_id=6866\" class=\"more-link\"><span class=\"screen-reader-text\">2025<\/span> weiterlesen <span class=\"meta-nav\">&rarr;<\/span><\/a><\/p>\n","protected":false},"author":6,"featured_media":0,"parent":0,"menu_order":0,"comment_status":"closed","ping_status":"closed","template":"","meta":{"footnotes":""},"class_list":["post-6866","page","type-page","status-publish","hentry"],"jetpack_sharing_enabled":true,"_links":{"self":[{"href":"https:\/\/www.tvwislig.ch\/index.php?rest_route=\/wp\/v2\/pages\/6866","targetHints":{"allow":["GET"]}}],"collection":[{"href":"https:\/\/www.tvwislig.ch\/index.php?rest_route=\/wp\/v2\/pages"}],"about":[{"href":"https:\/\/www.tvwislig.ch\/index.php?rest_route=\/wp\/v2\/types\/page"}],"author":[{"embeddable":true,"href":"https:\/\/www.tvwislig.ch\/index.php?rest_route=\/wp\/v2\/users\/6"}],"replies":[{"embeddable":true,"href":"https:\/\/www.tvwislig.ch\/index.php?rest_route=%2Fwp%2Fv2%2Fcomments&post=6866"}],"version-history":[{"count":3,"href":"https:\/\/www.tvwislig.ch\/index.php?rest_route=\/wp\/v2\/pages\/6866\/revisions"}],"predecessor-version":[{"id":7678,"href":"https:\/\/www.tvwislig.ch\/index.php?rest_route=\/wp\/v2\/pages\/6866\/revisions\/7678"}],"wp:attachment":[{"href":"https:\/\/www.tvwislig.ch\/index.php?rest_route=%2Fwp%2Fv2%2Fmedia&parent=6866"}],"curies":[{"name":"wp","href":"https:\/\/api.w.org\/{rel}","templated":true}]}}