{"id":7340,"date":"2025-12-04T16:38:41","date_gmt":"2025-12-04T15:38:41","guid":{"rendered":"https:\/\/www.tvwislig.ch\/?page_id=7340"},"modified":"2025-12-04T16:38:43","modified_gmt":"2025-12-04T15:38:43","slug":"a10k-2025","status":"publish","type":"page","link":"https:\/\/www.tvwislig.ch\/?page_id=7340","title":{"rendered":"A10K 2025"},"content":{"rendered":"\n<p><a href=\"https:\/\/www.tvwislig.ch\/?page_id=204\">zur\u00fcck zur \u00dcbersicht<\/a><\/p>\n\n\n<div class=\"foogallery foogallery-container foogallery-default foogallery-lightbox-foobox fg-gutter-10 fg-center fg-default fg-light fg-border-thin fg-shadow-outline fg-loading-default fg-loaded-fade-in fg-caption-hover fg-hover-fade fg-hover-zoom\" id=\"foogallery-gallery-7309\" data-foogallery=\"{&quot;item&quot;:{&quot;showCaptionTitle&quot;:true,&quot;showCaptionDescription&quot;:true},&quot;lazy&quot;:true,&quot;src&quot;:&quot;data-src-fg&quot;,&quot;srcset&quot;:&quot;data-srcset-fg&quot;}\" data-fg-common-fields=\"1\" >\r\n\t<div class=\"fg-item\"><figure class=\"fg-item-inner\"><a href=\"https:\/\/www.tvwislig.ch\/newwp\/wp-content\/uploads\/2025\/12\/IMG_1528-scaled.jpg\" data-attachment-id=\"7310\" class=\"fg-thumb\"><span class=\"fg-image-wrap\"><img width=\"150\" height=\"150\" data-src-fg=\"https:\/\/www.tvwislig.ch\/newwp\/wp-content\/uploads\/cache\/2025\/12\/IMG_1528-scaled\/1144368259.jpg\" class=\"fg-image\" \/><\/span><\/a><figcaption class=\"fg-caption\"><div class=\"fg-caption-inner\"><\/div><\/figcaption><\/figure><div class=\"fg-loader\"><\/div><\/div><div class=\"fg-item\"><figure class=\"fg-item-inner\"><a href=\"https:\/\/www.tvwislig.ch\/newwp\/wp-content\/uploads\/2025\/12\/IMG_1532-scaled.jpg\" data-attachment-id=\"7311\" class=\"fg-thumb\"><span class=\"fg-image-wrap\"><img width=\"150\" height=\"150\" data-src-fg=\"https:\/\/www.tvwislig.ch\/newwp\/wp-content\/uploads\/cache\/2025\/12\/IMG_1532-scaled\/8715435.jpg\" class=\"fg-image\" \/><\/span><\/a><figcaption class=\"fg-caption\"><div class=\"fg-caption-inner\"><\/div><\/figcaption><\/figure><div class=\"fg-loader\"><\/div><\/div><div class=\"fg-item\"><figure class=\"fg-item-inner\"><a href=\"https:\/\/www.tvwislig.ch\/newwp\/wp-content\/uploads\/2025\/12\/IMG_1538-scaled.jpg\" data-attachment-id=\"7312\" class=\"fg-thumb\"><span class=\"fg-image-wrap\"><img width=\"150\" height=\"150\" data-src-fg=\"https:\/\/www.tvwislig.ch\/newwp\/wp-content\/uploads\/cache\/2025\/12\/IMG_1538-scaled\/713114125.jpg\" class=\"fg-image\" \/><\/span><\/a><figcaption class=\"fg-caption\"><div class=\"fg-caption-inner\"><\/div><\/figcaption><\/figure><div class=\"fg-loader\"><\/div><\/div><div class=\"fg-item\"><figure class=\"fg-item-inner\"><a href=\"https:\/\/www.tvwislig.ch\/newwp\/wp-content\/uploads\/2025\/12\/IMG_1558-scaled.jpg\" data-attachment-id=\"7313\" class=\"fg-thumb\"><span class=\"fg-image-wrap\"><img width=\"150\" height=\"150\" data-src-fg=\"https:\/\/www.tvwislig.ch\/newwp\/wp-content\/uploads\/cache\/2025\/12\/IMG_1558-scaled\/4106655558.jpg\" class=\"fg-image\" \/><\/span><\/a><figcaption class=\"fg-caption\"><div class=\"fg-caption-inner\"><\/div><\/figcaption><\/figure><div class=\"fg-loader\"><\/div><\/div><div class=\"fg-item\"><figure class=\"fg-item-inner\"><a href=\"https:\/\/www.tvwislig.ch\/newwp\/wp-content\/uploads\/2025\/12\/IMG_1561-scaled.jpg\" data-attachment-id=\"7314\" class=\"fg-thumb\"><span class=\"fg-image-wrap\"><img width=\"150\" height=\"150\" data-src-fg=\"https:\/\/www.tvwislig.ch\/newwp\/wp-content\/uploads\/cache\/2025\/12\/IMG_1561-scaled\/3166637844.jpg\" class=\"fg-image\" \/><\/span><\/a><figcaption class=\"fg-caption\"><div class=\"fg-caption-inner\"><\/div><\/figcaption><\/figure><div class=\"fg-loader\"><\/div><\/div><div class=\"fg-item\"><figure class=\"fg-item-inner\"><a href=\"https:\/\/www.tvwislig.ch\/newwp\/wp-content\/uploads\/2025\/12\/IMG_1569-scaled.jpg\" data-attachment-id=\"7315\" class=\"fg-thumb\"><span class=\"fg-image-wrap\"><img width=\"150\" height=\"150\" data-src-fg=\"https:\/\/www.tvwislig.ch\/newwp\/wp-content\/uploads\/cache\/2025\/12\/IMG_1569-scaled\/4276125500.jpg\" class=\"fg-image\" \/><\/span><\/a><figcaption class=\"fg-caption\"><div class=\"fg-caption-inner\"><\/div><\/figcaption><\/figure><div class=\"fg-loader\"><\/div><\/div><div class=\"fg-item\"><figure class=\"fg-item-inner\"><a href=\"https:\/\/www.tvwislig.ch\/newwp\/wp-content\/uploads\/2025\/12\/IMG_1598-scaled.jpg\" data-attachment-id=\"7316\" class=\"fg-thumb\"><span class=\"fg-image-wrap\"><img width=\"150\" height=\"150\" data-src-fg=\"https:\/\/www.tvwislig.ch\/newwp\/wp-content\/uploads\/cache\/2025\/12\/IMG_1598-scaled\/2231042142.jpg\" class=\"fg-image\" \/><\/span><\/a><figcaption class=\"fg-caption\"><div class=\"fg-caption-inner\"><\/div><\/figcaption><\/figure><div class=\"fg-loader\"><\/div><\/div><div class=\"fg-item\"><figure class=\"fg-item-inner\"><a href=\"https:\/\/www.tvwislig.ch\/newwp\/wp-content\/uploads\/2025\/12\/IMG_1601-scaled.jpg\" data-attachment-id=\"7317\" class=\"fg-thumb\"><span class=\"fg-image-wrap\"><img width=\"150\" height=\"150\" data-src-fg=\"https:\/\/www.tvwislig.ch\/newwp\/wp-content\/uploads\/cache\/2025\/12\/IMG_1601-scaled\/4055826116.jpg\" class=\"fg-image\" \/><\/span><\/a><figcaption class=\"fg-caption\"><div class=\"fg-caption-inner\"><\/div><\/figcaption><\/figure><div class=\"fg-loader\"><\/div><\/div><div class=\"fg-item\"><figure class=\"fg-item-inner\"><a href=\"https:\/\/www.tvwislig.ch\/newwp\/wp-content\/uploads\/2025\/12\/IMG_1650-scaled.jpg\" data-attachment-id=\"7318\" class=\"fg-thumb\"><span class=\"fg-image-wrap\"><img width=\"150\" height=\"150\" data-src-fg=\"https:\/\/www.tvwislig.ch\/newwp\/wp-content\/uploads\/cache\/2025\/12\/IMG_1650-scaled\/2420912907.jpg\" class=\"fg-image\" \/><\/span><\/a><figcaption class=\"fg-caption\"><div class=\"fg-caption-inner\"><\/div><\/figcaption><\/figure><div class=\"fg-loader\"><\/div><\/div><div class=\"fg-item\"><figure class=\"fg-item-inner\"><a href=\"https:\/\/www.tvwislig.ch\/newwp\/wp-content\/uploads\/2025\/12\/IMG_1655-scaled.jpg\" data-attachment-id=\"7319\" class=\"fg-thumb\"><span class=\"fg-image-wrap\"><img width=\"150\" height=\"150\" data-src-fg=\"https:\/\/www.tvwislig.ch\/newwp\/wp-content\/uploads\/cache\/2025\/12\/IMG_1655-scaled\/773665071.jpg\" class=\"fg-image\" \/><\/span><\/a><figcaption class=\"fg-caption\"><div class=\"fg-caption-inner\"><\/div><\/figcaption><\/figure><div class=\"fg-loader\"><\/div><\/div><div class=\"fg-item\"><figure class=\"fg-item-inner\"><a href=\"https:\/\/www.tvwislig.ch\/newwp\/wp-content\/uploads\/2025\/12\/IMG_1685-scaled.jpg\" data-attachment-id=\"7320\" class=\"fg-thumb\"><span class=\"fg-image-wrap\"><img width=\"150\" height=\"150\" data-src-fg=\"https:\/\/www.tvwislig.ch\/newwp\/wp-content\/uploads\/cache\/2025\/12\/IMG_1685-scaled\/3560867432.jpg\" class=\"fg-image\" \/><\/span><\/a><figcaption class=\"fg-caption\"><div class=\"fg-caption-inner\"><\/div><\/figcaption><\/figure><div class=\"fg-loader\"><\/div><\/div><div class=\"fg-item\"><figure class=\"fg-item-inner\"><a href=\"https:\/\/www.tvwislig.ch\/newwp\/wp-content\/uploads\/2025\/12\/IMG_1688-scaled.jpg\" data-attachment-id=\"7321\" class=\"fg-thumb\"><span class=\"fg-image-wrap\"><img width=\"150\" height=\"150\" data-src-fg=\"https:\/\/www.tvwislig.ch\/newwp\/wp-content\/uploads\/cache\/2025\/12\/IMG_1688-scaled\/2783332555.jpg\" class=\"fg-image\" \/><\/span><\/a><figcaption class=\"fg-caption\"><div class=\"fg-caption-inner\"><\/div><\/figcaption><\/figure><div class=\"fg-loader\"><\/div><\/div><div class=\"fg-item\"><figure class=\"fg-item-inner\"><a href=\"https:\/\/www.tvwislig.ch\/newwp\/wp-content\/uploads\/2025\/12\/IMG_1693-scaled.jpg\" data-attachment-id=\"7322\" class=\"fg-thumb\"><span class=\"fg-image-wrap\"><img width=\"150\" height=\"150\" data-src-fg=\"https:\/\/www.tvwislig.ch\/newwp\/wp-content\/uploads\/cache\/2025\/12\/IMG_1693-scaled\/2557525012.jpg\" class=\"fg-image\" \/><\/span><\/a><figcaption class=\"fg-caption\"><div class=\"fg-caption-inner\"><\/div><\/figcaption><\/figure><div class=\"fg-loader\"><\/div><\/div><div class=\"fg-item\"><figure class=\"fg-item-inner\"><a href=\"https:\/\/www.tvwislig.ch\/newwp\/wp-content\/uploads\/2025\/12\/IMG_1702-scaled.jpg\" data-attachment-id=\"7323\" class=\"fg-thumb\"><span class=\"fg-image-wrap\"><img width=\"150\" height=\"150\" data-src-fg=\"https:\/\/www.tvwislig.ch\/newwp\/wp-content\/uploads\/cache\/2025\/12\/IMG_1702-scaled\/4135591630.jpg\" class=\"fg-image\" \/><\/span><\/a><figcaption class=\"fg-caption\"><div class=\"fg-caption-inner\"><\/div><\/figcaption><\/figure><div class=\"fg-loader\"><\/div><\/div><div class=\"fg-item\"><figure class=\"fg-item-inner\"><a href=\"https:\/\/www.tvwislig.ch\/newwp\/wp-content\/uploads\/2025\/12\/IMG_1717-scaled.jpg\" data-attachment-id=\"7324\" class=\"fg-thumb\"><span class=\"fg-image-wrap\"><img width=\"150\" height=\"150\" data-src-fg=\"https:\/\/www.tvwislig.ch\/newwp\/wp-content\/uploads\/cache\/2025\/12\/IMG_1717-scaled\/2091649563.jpg\" class=\"fg-image\" \/><\/span><\/a><figcaption class=\"fg-caption\"><div class=\"fg-caption-inner\"><\/div><\/figcaption><\/figure><div class=\"fg-loader\"><\/div><\/div><div class=\"fg-item\"><figure class=\"fg-item-inner\"><a href=\"https:\/\/www.tvwislig.ch\/newwp\/wp-content\/uploads\/2025\/12\/IMG_1766-scaled.jpg\" data-attachment-id=\"7325\" class=\"fg-thumb\"><span class=\"fg-image-wrap\"><img width=\"150\" height=\"150\" data-src-fg=\"https:\/\/www.tvwislig.ch\/newwp\/wp-content\/uploads\/cache\/2025\/12\/IMG_1766-scaled\/3044578601.jpg\" class=\"fg-image\" \/><\/span><\/a><figcaption class=\"fg-caption\"><div class=\"fg-caption-inner\"><\/div><\/figcaption><\/figure><div class=\"fg-loader\"><\/div><\/div><div class=\"fg-item\"><figure class=\"fg-item-inner\"><a href=\"https:\/\/www.tvwislig.ch\/newwp\/wp-content\/uploads\/2025\/12\/IMG_1808-scaled.jpg\" data-attachment-id=\"7326\" class=\"fg-thumb\"><span class=\"fg-image-wrap\"><img width=\"150\" height=\"150\" data-src-fg=\"https:\/\/www.tvwislig.ch\/newwp\/wp-content\/uploads\/cache\/2025\/12\/IMG_1808-scaled\/2148668637.jpg\" class=\"fg-image\" \/><\/span><\/a><figcaption class=\"fg-caption\"><div class=\"fg-caption-inner\"><\/div><\/figcaption><\/figure><div class=\"fg-loader\"><\/div><\/div><div class=\"fg-item\"><figure class=\"fg-item-inner\"><a href=\"https:\/\/www.tvwislig.ch\/newwp\/wp-content\/uploads\/2025\/12\/IMG_1825-scaled.jpg\" data-attachment-id=\"7327\" class=\"fg-thumb\"><span class=\"fg-image-wrap\"><img width=\"150\" height=\"150\" data-src-fg=\"https:\/\/www.tvwislig.ch\/newwp\/wp-content\/uploads\/cache\/2025\/12\/IMG_1825-scaled\/1986723613.jpg\" class=\"fg-image\" \/><\/span><\/a><figcaption class=\"fg-caption\"><div class=\"fg-caption-inner\"><\/div><\/figcaption><\/figure><div class=\"fg-loader\"><\/div><\/div><div class=\"fg-item\"><figure class=\"fg-item-inner\"><a href=\"https:\/\/www.tvwislig.ch\/newwp\/wp-content\/uploads\/2025\/12\/IMG_1862-scaled.jpg\" data-attachment-id=\"7328\" class=\"fg-thumb\"><span class=\"fg-image-wrap\"><img width=\"150\" height=\"150\" data-src-fg=\"https:\/\/www.tvwislig.ch\/newwp\/wp-content\/uploads\/cache\/2025\/12\/IMG_1862-scaled\/2601154481.jpg\" class=\"fg-image\" \/><\/span><\/a><figcaption class=\"fg-caption\"><div class=\"fg-caption-inner\"><\/div><\/figcaption><\/figure><div class=\"fg-loader\"><\/div><\/div><div class=\"fg-item\"><figure class=\"fg-item-inner\"><a href=\"https:\/\/www.tvwislig.ch\/newwp\/wp-content\/uploads\/2025\/12\/IMG_1879-scaled.jpg\" data-attachment-id=\"7329\" class=\"fg-thumb\"><span class=\"fg-image-wrap\"><img width=\"150\" height=\"150\" data-src-fg=\"https:\/\/www.tvwislig.ch\/newwp\/wp-content\/uploads\/cache\/2025\/12\/IMG_1879-scaled\/1715534961.jpg\" class=\"fg-image\" \/><\/span><\/a><figcaption class=\"fg-caption\"><div class=\"fg-caption-inner\"><\/div><\/figcaption><\/figure><div class=\"fg-loader\"><\/div><\/div><div class=\"fg-item\"><figure class=\"fg-item-inner\"><a href=\"https:\/\/www.tvwislig.ch\/newwp\/wp-content\/uploads\/2025\/12\/IMG_1881-scaled.jpg\" data-attachment-id=\"7330\" class=\"fg-thumb\"><span class=\"fg-image-wrap\"><img width=\"150\" height=\"150\" data-src-fg=\"https:\/\/www.tvwislig.ch\/newwp\/wp-content\/uploads\/cache\/2025\/12\/IMG_1881-scaled\/1501721432.jpg\" class=\"fg-image\" \/><\/span><\/a><figcaption class=\"fg-caption\"><div class=\"fg-caption-inner\"><\/div><\/figcaption><\/figure><div class=\"fg-loader\"><\/div><\/div><div class=\"fg-item\"><figure class=\"fg-item-inner\"><a href=\"https:\/\/www.tvwislig.ch\/newwp\/wp-content\/uploads\/2025\/12\/IMG_1892-scaled.jpg\" data-attachment-id=\"7331\" class=\"fg-thumb\"><span class=\"fg-image-wrap\"><img width=\"150\" height=\"150\" data-src-fg=\"https:\/\/www.tvwislig.ch\/newwp\/wp-content\/uploads\/cache\/2025\/12\/IMG_1892-scaled\/1799435295.jpg\" class=\"fg-image\" \/><\/span><\/a><figcaption class=\"fg-caption\"><div class=\"fg-caption-inner\"><\/div><\/figcaption><\/figure><div class=\"fg-loader\"><\/div><\/div><div class=\"fg-item\"><figure class=\"fg-item-inner\"><a href=\"https:\/\/www.tvwislig.ch\/newwp\/wp-content\/uploads\/2025\/12\/IMG_2102-scaled.jpg\" data-attachment-id=\"7332\" class=\"fg-thumb\"><span class=\"fg-image-wrap\"><img width=\"150\" height=\"150\" data-src-fg=\"https:\/\/www.tvwislig.ch\/newwp\/wp-content\/uploads\/cache\/2025\/12\/IMG_2102-scaled\/1879089358.jpg\" class=\"fg-image\" \/><\/span><\/a><figcaption class=\"fg-caption\"><div class=\"fg-caption-inner\"><\/div><\/figcaption><\/figure><div class=\"fg-loader\"><\/div><\/div><div class=\"fg-item\"><figure class=\"fg-item-inner\"><a href=\"https:\/\/www.tvwislig.ch\/newwp\/wp-content\/uploads\/2025\/12\/IMG_2116-scaled.jpg\" data-attachment-id=\"7333\" class=\"fg-thumb\"><span class=\"fg-image-wrap\"><img width=\"150\" height=\"150\" data-src-fg=\"https:\/\/www.tvwislig.ch\/newwp\/wp-content\/uploads\/cache\/2025\/12\/IMG_2116-scaled\/3653429395.jpg\" class=\"fg-image\" \/><\/span><\/a><figcaption class=\"fg-caption\"><div class=\"fg-caption-inner\"><\/div><\/figcaption><\/figure><div class=\"fg-loader\"><\/div><\/div><div class=\"fg-item\"><figure class=\"fg-item-inner\"><a href=\"https:\/\/www.tvwislig.ch\/newwp\/wp-content\/uploads\/2025\/12\/IMG_2126-scaled.jpg\" data-attachment-id=\"7334\" class=\"fg-thumb\"><span class=\"fg-image-wrap\"><img width=\"150\" height=\"150\" data-src-fg=\"https:\/\/www.tvwislig.ch\/newwp\/wp-content\/uploads\/cache\/2025\/12\/IMG_2126-scaled\/3888736174.jpg\" class=\"fg-image\" \/><\/span><\/a><figcaption class=\"fg-caption\"><div class=\"fg-caption-inner\"><\/div><\/figcaption><\/figure><div class=\"fg-loader\"><\/div><\/div><div class=\"fg-item\"><figure class=\"fg-item-inner\"><a href=\"https:\/\/www.tvwislig.ch\/newwp\/wp-content\/uploads\/2025\/12\/IMG_2128-scaled.jpg\" data-attachment-id=\"7335\" class=\"fg-thumb\"><span class=\"fg-image-wrap\"><img width=\"150\" height=\"150\" data-src-fg=\"https:\/\/www.tvwislig.ch\/newwp\/wp-content\/uploads\/cache\/2025\/12\/IMG_2128-scaled\/2272052084.jpg\" class=\"fg-image\" \/><\/span><\/a><figcaption class=\"fg-caption\"><div class=\"fg-caption-inner\"><\/div><\/figcaption><\/figure><div class=\"fg-loader\"><\/div><\/div><div class=\"fg-item\"><figure class=\"fg-item-inner\"><a href=\"https:\/\/www.tvwislig.ch\/newwp\/wp-content\/uploads\/2025\/12\/IMG_2141-scaled.jpg\" data-attachment-id=\"7336\" class=\"fg-thumb\"><span class=\"fg-image-wrap\"><img width=\"150\" height=\"150\" data-src-fg=\"https:\/\/www.tvwislig.ch\/newwp\/wp-content\/uploads\/cache\/2025\/12\/IMG_2141-scaled\/4018503247.jpg\" class=\"fg-image\" \/><\/span><\/a><figcaption class=\"fg-caption\"><div class=\"fg-caption-inner\"><\/div><\/figcaption><\/figure><div class=\"fg-loader\"><\/div><\/div><div class=\"fg-item\"><figure class=\"fg-item-inner\"><a href=\"https:\/\/www.tvwislig.ch\/newwp\/wp-content\/uploads\/2025\/12\/IMG_2159-scaled.jpg\" data-attachment-id=\"7337\" class=\"fg-thumb\"><span class=\"fg-image-wrap\"><img width=\"150\" height=\"150\" data-src-fg=\"https:\/\/www.tvwislig.ch\/newwp\/wp-content\/uploads\/cache\/2025\/12\/IMG_2159-scaled\/62038006.jpg\" class=\"fg-image\" \/><\/span><\/a><figcaption class=\"fg-caption\"><div class=\"fg-caption-inner\"><\/div><\/figcaption><\/figure><div class=\"fg-loader\"><\/div><\/div><div class=\"fg-item\"><figure class=\"fg-item-inner\"><a href=\"https:\/\/www.tvwislig.ch\/newwp\/wp-content\/uploads\/2025\/12\/IMG_2167-scaled.jpg\" data-attachment-id=\"7338\" class=\"fg-thumb\"><span class=\"fg-image-wrap\"><img width=\"150\" height=\"150\" data-src-fg=\"https:\/\/www.tvwislig.ch\/newwp\/wp-content\/uploads\/cache\/2025\/12\/IMG_2167-scaled\/1700395072.jpg\" class=\"fg-image\" \/><\/span><\/a><figcaption class=\"fg-caption\"><div class=\"fg-caption-inner\"><\/div><\/figcaption><\/figure><div class=\"fg-loader\"><\/div><\/div><div class=\"fg-item\"><figure class=\"fg-item-inner\"><a href=\"https:\/\/www.tvwislig.ch\/newwp\/wp-content\/uploads\/2025\/12\/IMG_2183-scaled.jpg\" data-attachment-id=\"7339\" class=\"fg-thumb\"><span class=\"fg-image-wrap\"><img width=\"150\" height=\"150\" data-src-fg=\"https:\/\/www.tvwislig.ch\/newwp\/wp-content\/uploads\/cache\/2025\/12\/IMG_2183-scaled\/1114756903.jpg\" class=\"fg-image\" \/><\/span><\/a><figcaption class=\"fg-caption\"><div class=\"fg-caption-inner\"><\/div><\/figcaption><\/figure><div class=\"fg-loader\"><\/div><\/div><\/div>\r\n\n\n\n\n<p><a href=\"https:\/\/www.tvwislig.ch\/?page_id=204\">zur\u00fcck zur \u00dcbersicht<\/a><\/p>\n","protected":false},"excerpt":{"rendered":"<p>zur\u00fcck zur \u00dcbersicht zur\u00fcck zur \u00dcbersicht<\/p>\n","protected":false},"author":6,"featured_media":0,"parent":0,"menu_order":0,"comment_status":"closed","ping_status":"closed","template":"","meta":{"footnotes":""},"class_list":["post-7340","page","type-page","status-publish","hentry"],"jetpack_sharing_enabled":true,"_links":{"self":[{"href":"https:\/\/www.tvwislig.ch\/index.php?rest_route=\/wp\/v2\/pages\/7340","targetHints":{"allow":["GET"]}}],"collection":[{"href":"https:\/\/www.tvwislig.ch\/index.php?rest_route=\/wp\/v2\/pages"}],"about":[{"href":"https:\/\/www.tvwislig.ch\/index.php?rest_route=\/wp\/v2\/types\/page"}],"author":[{"embeddable":true,"href":"https:\/\/www.tvwislig.ch\/index.php?rest_route=\/wp\/v2\/users\/6"}],"replies":[{"embeddable":true,"href":"https:\/\/www.tvwislig.ch\/index.php?rest_route=%2Fwp%2Fv2%2Fcomments&post=7340"}],"version-history":[{"count":1,"href":"https:\/\/www.tvwislig.ch\/index.php?rest_route=\/wp\/v2\/pages\/7340\/revisions"}],"predecessor-version":[{"id":7341,"href":"https:\/\/www.tvwislig.ch\/index.php?rest_route=\/wp\/v2\/pages\/7340\/revisions\/7341"}],"wp:attachment":[{"href":"https:\/\/www.tvwislig.ch\/index.php?rest_route=%2Fwp%2Fv2%2Fmedia&parent=7340"}],"curies":[{"name":"wp","href":"https:\/\/api.w.org\/{rel}","templated":true}]}}