{"id":7699,"date":"2026-01-24T17:23:09","date_gmt":"2026-01-24T16:23:09","guid":{"rendered":"https:\/\/www.tvwislig.ch\/?page_id=7699"},"modified":"2026-01-24T17:23:11","modified_gmt":"2026-01-24T16:23:11","slug":"rms-2025","status":"publish","type":"page","link":"https:\/\/www.tvwislig.ch\/?page_id=7699","title":{"rendered":"RMS 2025"},"content":{"rendered":"\n<p><a href=\"https:\/\/www.tvwislig.ch\/?page_id=204\">zur\u00fcck zur \u00dcbersicht<\/a><\/p>\n\n\n<div class=\"foogallery foogallery-container foogallery-default foogallery-lightbox-foobox fg-gutter-10 fg-center fg-default fg-light fg-border-thin fg-shadow-outline fg-loading-default fg-loaded-fade-in fg-caption-hover fg-hover-fade fg-hover-zoom\" id=\"foogallery-gallery-7679\" data-foogallery=\"{&quot;item&quot;:{&quot;showCaptionTitle&quot;:true,&quot;showCaptionDescription&quot;:true},&quot;lazy&quot;:true,&quot;src&quot;:&quot;data-src-fg&quot;,&quot;srcset&quot;:&quot;data-srcset-fg&quot;}\" data-fg-common-fields=\"1\" >\r\n\t<div class=\"fg-item\"><figure class=\"fg-item-inner\"><a href=\"https:\/\/www.tvwislig.ch\/newwp\/wp-content\/uploads\/2026\/01\/IMG_1198-scaled.jpg\" data-attachment-id=\"7680\" class=\"fg-thumb\"><span class=\"fg-image-wrap\"><img width=\"150\" height=\"150\" data-src-fg=\"https:\/\/www.tvwislig.ch\/newwp\/wp-content\/uploads\/cache\/2026\/01\/IMG_1198-scaled\/139163645.jpg\" class=\"fg-image\" \/><\/span><\/a><figcaption class=\"fg-caption\"><div class=\"fg-caption-inner\"><\/div><\/figcaption><\/figure><div class=\"fg-loader\"><\/div><\/div><div class=\"fg-item\"><figure class=\"fg-item-inner\"><a href=\"https:\/\/www.tvwislig.ch\/newwp\/wp-content\/uploads\/2026\/01\/IMG_1200-scaled.jpg\" data-attachment-id=\"7681\" class=\"fg-thumb\"><span class=\"fg-image-wrap\"><img width=\"150\" height=\"150\" data-src-fg=\"https:\/\/www.tvwislig.ch\/newwp\/wp-content\/uploads\/cache\/2026\/01\/IMG_1200-scaled\/3304411791.jpg\" class=\"fg-image\" \/><\/span><\/a><figcaption class=\"fg-caption\"><div class=\"fg-caption-inner\"><\/div><\/figcaption><\/figure><div class=\"fg-loader\"><\/div><\/div><div class=\"fg-item\"><figure class=\"fg-item-inner\"><a href=\"https:\/\/www.tvwislig.ch\/newwp\/wp-content\/uploads\/2026\/01\/IMG_1208-scaled.jpg\" data-attachment-id=\"7682\" class=\"fg-thumb\"><span class=\"fg-image-wrap\"><img width=\"150\" height=\"150\" data-src-fg=\"https:\/\/www.tvwislig.ch\/newwp\/wp-content\/uploads\/cache\/2026\/01\/IMG_1208-scaled\/1182162360.jpg\" class=\"fg-image\" \/><\/span><\/a><figcaption class=\"fg-caption\"><div class=\"fg-caption-inner\"><\/div><\/figcaption><\/figure><div class=\"fg-loader\"><\/div><\/div><div class=\"fg-item\"><figure class=\"fg-item-inner\"><a href=\"https:\/\/www.tvwislig.ch\/newwp\/wp-content\/uploads\/2026\/01\/IMG_1264-scaled.jpg\" data-attachment-id=\"7683\" class=\"fg-thumb\"><span class=\"fg-image-wrap\"><img width=\"150\" height=\"150\" data-src-fg=\"https:\/\/www.tvwislig.ch\/newwp\/wp-content\/uploads\/cache\/2026\/01\/IMG_1264-scaled\/3720618263.jpg\" class=\"fg-image\" \/><\/span><\/a><figcaption class=\"fg-caption\"><div class=\"fg-caption-inner\"><\/div><\/figcaption><\/figure><div class=\"fg-loader\"><\/div><\/div><div class=\"fg-item\"><figure class=\"fg-item-inner\"><a href=\"https:\/\/www.tvwislig.ch\/newwp\/wp-content\/uploads\/2026\/01\/IMG_1267-scaled.jpg\" data-attachment-id=\"7684\" class=\"fg-thumb\"><span class=\"fg-image-wrap\"><img width=\"150\" height=\"150\" data-src-fg=\"https:\/\/www.tvwislig.ch\/newwp\/wp-content\/uploads\/cache\/2026\/01\/IMG_1267-scaled\/3682234529.jpg\" class=\"fg-image\" \/><\/span><\/a><figcaption class=\"fg-caption\"><div class=\"fg-caption-inner\"><\/div><\/figcaption><\/figure><div class=\"fg-loader\"><\/div><\/div><div class=\"fg-item\"><figure class=\"fg-item-inner\"><a href=\"https:\/\/www.tvwislig.ch\/newwp\/wp-content\/uploads\/2026\/01\/IMG_1274-scaled.jpg\" data-attachment-id=\"7685\" class=\"fg-thumb\"><span class=\"fg-image-wrap\"><img width=\"150\" height=\"150\" data-src-fg=\"https:\/\/www.tvwislig.ch\/newwp\/wp-content\/uploads\/cache\/2026\/01\/IMG_1274-scaled\/3921229798.jpg\" class=\"fg-image\" \/><\/span><\/a><figcaption class=\"fg-caption\"><div class=\"fg-caption-inner\"><\/div><\/figcaption><\/figure><div class=\"fg-loader\"><\/div><\/div><div class=\"fg-item\"><figure class=\"fg-item-inner\"><a href=\"https:\/\/www.tvwislig.ch\/newwp\/wp-content\/uploads\/2026\/01\/IMG_1293-scaled.jpg\" data-attachment-id=\"7686\" class=\"fg-thumb\"><span class=\"fg-image-wrap\"><img width=\"150\" height=\"150\" data-src-fg=\"https:\/\/www.tvwislig.ch\/newwp\/wp-content\/uploads\/cache\/2026\/01\/IMG_1293-scaled\/523242983.jpg\" class=\"fg-image\" \/><\/span><\/a><figcaption class=\"fg-caption\"><div class=\"fg-caption-inner\"><\/div><\/figcaption><\/figure><div class=\"fg-loader\"><\/div><\/div><div class=\"fg-item\"><figure class=\"fg-item-inner\"><a href=\"https:\/\/www.tvwislig.ch\/newwp\/wp-content\/uploads\/2026\/01\/IMG_1295-scaled.jpg\" data-attachment-id=\"7687\" class=\"fg-thumb\"><span class=\"fg-image-wrap\"><img width=\"150\" height=\"150\" data-src-fg=\"https:\/\/www.tvwislig.ch\/newwp\/wp-content\/uploads\/cache\/2026\/01\/IMG_1295-scaled\/2954651066.jpg\" class=\"fg-image\" \/><\/span><\/a><figcaption class=\"fg-caption\"><div class=\"fg-caption-inner\"><\/div><\/figcaption><\/figure><div class=\"fg-loader\"><\/div><\/div><div class=\"fg-item\"><figure class=\"fg-item-inner\"><a href=\"https:\/\/www.tvwislig.ch\/newwp\/wp-content\/uploads\/2026\/01\/IMG_1344-scaled.jpg\" data-attachment-id=\"7688\" class=\"fg-thumb\"><span class=\"fg-image-wrap\"><img width=\"150\" height=\"150\" data-src-fg=\"https:\/\/www.tvwislig.ch\/newwp\/wp-content\/uploads\/cache\/2026\/01\/IMG_1344-scaled\/626785401.jpg\" class=\"fg-image\" \/><\/span><\/a><figcaption class=\"fg-caption\"><div class=\"fg-caption-inner\"><\/div><\/figcaption><\/figure><div class=\"fg-loader\"><\/div><\/div><div class=\"fg-item\"><figure class=\"fg-item-inner\"><a href=\"https:\/\/www.tvwislig.ch\/newwp\/wp-content\/uploads\/2026\/01\/IMG_1392-scaled.jpg\" data-attachment-id=\"7689\" class=\"fg-thumb\"><span class=\"fg-image-wrap\"><img width=\"150\" height=\"150\" data-src-fg=\"https:\/\/www.tvwislig.ch\/newwp\/wp-content\/uploads\/cache\/2026\/01\/IMG_1392-scaled\/2201867901.jpg\" class=\"fg-image\" \/><\/span><\/a><figcaption class=\"fg-caption\"><div class=\"fg-caption-inner\"><\/div><\/figcaption><\/figure><div class=\"fg-loader\"><\/div><\/div><div class=\"fg-item\"><figure class=\"fg-item-inner\"><a href=\"https:\/\/www.tvwislig.ch\/newwp\/wp-content\/uploads\/2026\/01\/IMG_1408-scaled.jpg\" data-attachment-id=\"7690\" class=\"fg-thumb\"><span class=\"fg-image-wrap\"><img width=\"150\" height=\"150\" data-src-fg=\"https:\/\/www.tvwislig.ch\/newwp\/wp-content\/uploads\/cache\/2026\/01\/IMG_1408-scaled\/1736113514.jpg\" class=\"fg-image\" \/><\/span><\/a><figcaption class=\"fg-caption\"><div class=\"fg-caption-inner\"><\/div><\/figcaption><\/figure><div class=\"fg-loader\"><\/div><\/div><div class=\"fg-item\"><figure class=\"fg-item-inner\"><a href=\"https:\/\/www.tvwislig.ch\/newwp\/wp-content\/uploads\/2026\/01\/IMG_1425-scaled.jpg\" data-attachment-id=\"7691\" class=\"fg-thumb\"><span class=\"fg-image-wrap\"><img width=\"150\" height=\"150\" data-src-fg=\"https:\/\/www.tvwislig.ch\/newwp\/wp-content\/uploads\/cache\/2026\/01\/IMG_1425-scaled\/2432833194.jpg\" class=\"fg-image\" \/><\/span><\/a><figcaption class=\"fg-caption\"><div class=\"fg-caption-inner\"><\/div><\/figcaption><\/figure><div class=\"fg-loader\"><\/div><\/div><div class=\"fg-item\"><figure class=\"fg-item-inner\"><a href=\"https:\/\/www.tvwislig.ch\/newwp\/wp-content\/uploads\/2026\/01\/IMG_1430-scaled.jpg\" data-attachment-id=\"7692\" class=\"fg-thumb\"><span class=\"fg-image-wrap\"><img width=\"150\" height=\"150\" data-src-fg=\"https:\/\/www.tvwislig.ch\/newwp\/wp-content\/uploads\/cache\/2026\/01\/IMG_1430-scaled\/1105721856.jpg\" class=\"fg-image\" \/><\/span><\/a><figcaption class=\"fg-caption\"><div class=\"fg-caption-inner\"><\/div><\/figcaption><\/figure><div class=\"fg-loader\"><\/div><\/div><div class=\"fg-item\"><figure class=\"fg-item-inner\"><a href=\"https:\/\/www.tvwislig.ch\/newwp\/wp-content\/uploads\/2026\/01\/IMG_1437-scaled.jpg\" data-attachment-id=\"7693\" class=\"fg-thumb\"><span class=\"fg-image-wrap\"><img width=\"150\" height=\"150\" data-src-fg=\"https:\/\/www.tvwislig.ch\/newwp\/wp-content\/uploads\/cache\/2026\/01\/IMG_1437-scaled\/1462782389.jpg\" class=\"fg-image\" \/><\/span><\/a><figcaption class=\"fg-caption\"><div class=\"fg-caption-inner\"><\/div><\/figcaption><\/figure><div class=\"fg-loader\"><\/div><\/div><div class=\"fg-item\"><figure class=\"fg-item-inner\"><a href=\"https:\/\/www.tvwislig.ch\/newwp\/wp-content\/uploads\/2026\/01\/IMG_1439-scaled.jpg\" data-attachment-id=\"7694\" class=\"fg-thumb\"><span class=\"fg-image-wrap\"><img width=\"150\" height=\"150\" data-src-fg=\"https:\/\/www.tvwislig.ch\/newwp\/wp-content\/uploads\/cache\/2026\/01\/IMG_1439-scaled\/2910874127.jpg\" class=\"fg-image\" \/><\/span><\/a><figcaption class=\"fg-caption\"><div class=\"fg-caption-inner\"><\/div><\/figcaption><\/figure><div class=\"fg-loader\"><\/div><\/div><div class=\"fg-item\"><figure class=\"fg-item-inner\"><a href=\"https:\/\/www.tvwislig.ch\/newwp\/wp-content\/uploads\/2026\/01\/IMG_1440-scaled.jpg\" data-attachment-id=\"7695\" class=\"fg-thumb\"><span class=\"fg-image-wrap\"><img width=\"150\" height=\"150\" data-src-fg=\"https:\/\/www.tvwislig.ch\/newwp\/wp-content\/uploads\/cache\/2026\/01\/IMG_1440-scaled\/2883402170.jpg\" class=\"fg-image\" \/><\/span><\/a><figcaption class=\"fg-caption\"><div class=\"fg-caption-inner\"><\/div><\/figcaption><\/figure><div class=\"fg-loader\"><\/div><\/div><div class=\"fg-item\"><figure class=\"fg-item-inner\"><a href=\"https:\/\/www.tvwislig.ch\/newwp\/wp-content\/uploads\/2026\/01\/IMG_1447-scaled.jpg\" data-attachment-id=\"7696\" class=\"fg-thumb\"><span class=\"fg-image-wrap\"><img width=\"150\" height=\"150\" data-src-fg=\"https:\/\/www.tvwislig.ch\/newwp\/wp-content\/uploads\/cache\/2026\/01\/IMG_1447-scaled\/2111239440.jpg\" class=\"fg-image\" \/><\/span><\/a><figcaption class=\"fg-caption\"><div class=\"fg-caption-inner\"><\/div><\/figcaption><\/figure><div class=\"fg-loader\"><\/div><\/div><div class=\"fg-item\"><figure class=\"fg-item-inner\"><a href=\"https:\/\/www.tvwislig.ch\/newwp\/wp-content\/uploads\/2026\/01\/IMG_1448-scaled.jpg\" data-attachment-id=\"7697\" class=\"fg-thumb\"><span class=\"fg-image-wrap\"><img width=\"150\" height=\"150\" data-src-fg=\"https:\/\/www.tvwislig.ch\/newwp\/wp-content\/uploads\/cache\/2026\/01\/IMG_1448-scaled\/2760411682.jpg\" class=\"fg-image\" \/><\/span><\/a><figcaption class=\"fg-caption\"><div class=\"fg-caption-inner\"><\/div><\/figcaption><\/figure><div class=\"fg-loader\"><\/div><\/div><div class=\"fg-item\"><figure class=\"fg-item-inner\"><a href=\"https:\/\/www.tvwislig.ch\/newwp\/wp-content\/uploads\/2026\/01\/IMG_1450-scaled.jpg\" data-attachment-id=\"7698\" class=\"fg-thumb\"><span class=\"fg-image-wrap\"><img width=\"150\" height=\"150\" data-src-fg=\"https:\/\/www.tvwislig.ch\/newwp\/wp-content\/uploads\/cache\/2026\/01\/IMG_1450-scaled\/1731795973.jpg\" class=\"fg-image\" \/><\/span><\/a><figcaption class=\"fg-caption\"><div class=\"fg-caption-inner\"><\/div><\/figcaption><\/figure><div class=\"fg-loader\"><\/div><\/div><\/div>\r\n\n\n\n\n<p><a href=\"https:\/\/www.tvwislig.ch\/?page_id=204\">zur\u00fcck zur \u00dcbersicht<\/a><\/p>\n","protected":false},"excerpt":{"rendered":"<p>zur\u00fcck zur \u00dcbersicht zur\u00fcck zur \u00dcbersicht<\/p>\n","protected":false},"author":6,"featured_media":0,"parent":0,"menu_order":0,"comment_status":"closed","ping_status":"closed","template":"","meta":{"footnotes":""},"class_list":["post-7699","page","type-page","status-publish","hentry"],"jetpack_sharing_enabled":true,"_links":{"self":[{"href":"https:\/\/www.tvwislig.ch\/index.php?rest_route=\/wp\/v2\/pages\/7699","targetHints":{"allow":["GET"]}}],"collection":[{"href":"https:\/\/www.tvwislig.ch\/index.php?rest_route=\/wp\/v2\/pages"}],"about":[{"href":"https:\/\/www.tvwislig.ch\/index.php?rest_route=\/wp\/v2\/types\/page"}],"author":[{"embeddable":true,"href":"https:\/\/www.tvwislig.ch\/index.php?rest_route=\/wp\/v2\/users\/6"}],"replies":[{"embeddable":true,"href":"https:\/\/www.tvwislig.ch\/index.php?rest_route=%2Fwp%2Fv2%2Fcomments&post=7699"}],"version-history":[{"count":1,"href":"https:\/\/www.tvwislig.ch\/index.php?rest_route=\/wp\/v2\/pages\/7699\/revisions"}],"predecessor-version":[{"id":7700,"href":"https:\/\/www.tvwislig.ch\/index.php?rest_route=\/wp\/v2\/pages\/7699\/revisions\/7700"}],"wp:attachment":[{"href":"https:\/\/www.tvwislig.ch\/index.php?rest_route=%2Fwp%2Fv2%2Fmedia&parent=7699"}],"curies":[{"name":"wp","href":"https:\/\/api.w.org\/{rel}","templated":true}]}}