{"id":7785,"date":"2026-04-19T17:21:44","date_gmt":"2026-04-19T15:21:44","guid":{"rendered":"https:\/\/www.tvwislig.ch\/?page_id=7785"},"modified":"2026-04-19T17:21:44","modified_gmt":"2026-04-19T15:21:44","slug":"2026-2","status":"publish","type":"page","link":"https:\/\/www.tvwislig.ch\/?page_id=7785","title":{"rendered":"2026"},"content":{"rendered":"\n<p class=\"has-cyan-bluish-gray-color has-text-color has-link-color wp-elements-3090406eea0c818cb2524908c5562101\" style=\"font-size:25px\">Trainingsweekend Sarnen 2026<\/p>\n\n\n\n<p class=\"has-cyan-bluish-gray-color has-text-color has-link-color wp-elements-9bbb32610b8ac4d81778798fe7231c9f\" style=\"font-size:22px\">Samstag<\/p>\n\n\n\n<p class=\"has-cyan-bluish-gray-color has-text-color has-link-color has-medium-font-size wp-elements-863e41af32873ed9e52094f4e23e4d75\">Am 21. und 22. M\u00e4rz 2026 fand das j\u00e4hrliche Trainingsweekend des TV Wislig statt. Kurz<br>vor 07:00 Uhr wurden wir in Theilingen und Weisslingen vom N\u00fcssli-Car abgeholt und<br>fuhren in Richtung Sarnen. Nachdem wir in Sarnen angekommen waren, verpflegten wir<br>uns kurz am organisierten Kiosk der Damenriege. Danach w\u00e4rmten wir uns gemeinsam<br>auf und starteten in den Tag.<\/p>\n\n\n\n<p class=\"has-cyan-bluish-gray-color has-text-color has-link-color has-medium-font-size wp-elements-82e246963a03a225f70a017d3d2f0754\">F\u00fcr die meisten war Sprung die erste Lektion, f\u00fcr die anderen war es Leichtathletik \u2013<br>ausnahmsweise bei sch\u00f6nem Wetter draussen. Am Mittag gingen wir ins altbekannte<br>Restaurant und assen zu Mittag. Danach ging es f\u00fcr die meisten weiter mit der<br>Ger\u00e4tekombination, anschliessend folgte eine Lektion Sprung. Nach dieser Lektion gab<br>es den Turnstand. Danach trainierten wir nochmals fleissig Ger\u00e4tekombination und<br>Leichtathletik, bis keine Kraft mehr \u00fcbrig war.<\/p>\n\n\n\n<p class=\"has-cyan-bluish-gray-color has-text-color has-link-color wp-elements-2bafaab3e05e1d992d7892030365397c\" style=\"font-size:22px\">Samstagabend<\/p>\n\n\n\n<p class=\"has-cyan-bluish-gray-color has-text-color has-link-color has-medium-font-size wp-elements-d4523db57e6aef0da6ab2243c0ca1cf8\">Nach dem Training gab es ein erfrischendes Bier und im Anschluss das verdiente<br>Abendessen. Nach dem Essen liessen wir den Abend bei Spiel und Spass ausklingen.<br>Danach hiess es, schnell die Unterkunft zu beziehen und sich auszuruhen, um den<br>n\u00e4chsten Tag zu \u00fcberstehen.<\/p>\n\n\n\n<p class=\"has-cyan-bluish-gray-color has-text-color has-link-color wp-elements-75b0e2f5fc9df13e08c8d1e42d6ea727\" style=\"font-size:22px\">Sonntag<\/p>\n\n\n\n<p class=\"has-cyan-bluish-gray-color has-text-color has-link-color has-medium-font-size wp-elements-fe8b022fdf3befa4b4a1d05f1489b07a\">Am Sonntag ging es um 08:00 Uhr wieder ins Restaurant, um zu fr\u00fchst\u00fccken \u2013 mit einem<br>feinen Fr\u00fchst\u00fccksbuffet. Nach dem Fr\u00fchst\u00fcck ging es bald zum Aufw\u00e4rmen \u00fcber, das<br>draussen stattfand. Nachdem gezeigt wurde, was man im J+S-Kurs f\u00fcr Aufw\u00e4rm\u00fcbungen<br>lernt, ging es in die n\u00e4chsten Lektionen \u00fcber, die meist draussen stattfanden \u2013 bis auf<br>die Ger\u00e4teturnlektionen.<\/p>\n\n\n\n<p class=\"has-cyan-bluish-gray-color has-text-color has-link-color has-medium-font-size wp-elements-53864dc0615fb347ba50b01370ac0187\">Am Mittag ging es ein letztes Mal f\u00fcr dieses Wochenende ins Restaurant, um uns f\u00fcr den<br>gef\u00fcrchteten Nachmittag zu st\u00e4rken. Zuerst gab es noch eine letzte Lektion<br>Leichtathletik, danach kam das gef\u00fcrchtete \u201eSpass mit Raul\u201c. Diesmal wollte man uns<br>richtig auspowern, was einige schon fr\u00fch zu Fall brachte. Andere hatten \u00fcbersch\u00fcssige<br>Energie und brauchten einen zus\u00e4tzlichen Lauf.<\/p>\n\n\n\n<p class=\"has-cyan-bluish-gray-color has-text-color has-link-color has-medium-font-size wp-elements-e0449135760c4718fdc81144cb4a903e\">Als es dann endlich vorbei war, r\u00e4umten wir die Halle auf und putzten noch die<br>Garderobe. Danach ging es um etwa 17:00 Uhr mit dem Car wieder Richtung<br>Weisslingen.<\/p>\n","protected":false},"excerpt":{"rendered":"<p>Trainingsweekend Sarnen 2026 Samstag Am 21. und 22. M\u00e4rz 2026 fand das j\u00e4hrliche Trainingsweekend des TV Wislig statt. Kurzvor 07:00 Uhr wurden wir in Theilingen und Weisslingen vom N\u00fcssli-Car abgeholt &hellip; <a href=\"https:\/\/www.tvwislig.ch\/?page_id=7785\" class=\"more-link\"><span class=\"screen-reader-text\">2026<\/span> weiterlesen <span class=\"meta-nav\">&rarr;<\/span><\/a><\/p>\n","protected":false},"author":6,"featured_media":0,"parent":0,"menu_order":0,"comment_status":"closed","ping_status":"closed","template":"","meta":{"footnotes":""},"class_list":["post-7785","page","type-page","status-publish","hentry"],"jetpack_sharing_enabled":true,"_links":{"self":[{"href":"https:\/\/www.tvwislig.ch\/index.php?rest_route=\/wp\/v2\/pages\/7785","targetHints":{"allow":["GET"]}}],"collection":[{"href":"https:\/\/www.tvwislig.ch\/index.php?rest_route=\/wp\/v2\/pages"}],"about":[{"href":"https:\/\/www.tvwislig.ch\/index.php?rest_route=\/wp\/v2\/types\/page"}],"author":[{"embeddable":true,"href":"https:\/\/www.tvwislig.ch\/index.php?rest_route=\/wp\/v2\/users\/6"}],"replies":[{"embeddable":true,"href":"https:\/\/www.tvwislig.ch\/index.php?rest_route=%2Fwp%2Fv2%2Fcomments&post=7785"}],"version-history":[{"count":1,"href":"https:\/\/www.tvwislig.ch\/index.php?rest_route=\/wp\/v2\/pages\/7785\/revisions"}],"predecessor-version":[{"id":7786,"href":"https:\/\/www.tvwislig.ch\/index.php?rest_route=\/wp\/v2\/pages\/7785\/revisions\/7786"}],"wp:attachment":[{"href":"https:\/\/www.tvwislig.ch\/index.php?rest_route=%2Fwp%2Fv2%2Fmedia&parent=7785"}],"curies":[{"name":"wp","href":"https:\/\/api.w.org\/{rel}","templated":true}]}}